{"id":179,"date":"2020-09-16T16:49:35","date_gmt":"2020-09-16T14:49:35","guid":{"rendered":"http:\/\/localhost\/design\/?post_type=product&#038;p=179"},"modified":"2020-09-21T16:44:48","modified_gmt":"2020-09-21T14:44:48","slug":"pizza-pizzette","status":"publish","type":"product","link":"https:\/\/services-administracom.alwaysdata.net\/wp-content\/uploads\/sites\/design\/produit\/pizza-pizzette\/","title":{"rendered":"PIZZA PIZZETTE"},"content":{"rendered":"<p class=\"fdm-item-title\">Pizzette<\/p>\n<div class=\"fdm-item-content\">\n<p>Sauce secr\u00e8te du Chef, Mac\u00e9doine de l\u00e9gumes de saison, Mozzarella, Petits piments, \u00e9pices<\/p>\n<\/div>\n","protected":false},"excerpt":{"rendered":"<p class=\"fdm-item-title\">Pizzette<\/p>\n<div class=\"fdm-item-content\">\n<p>Sauce secr\u00e8te du Chef, Mac\u00e9doine de l\u00e9gumes de saison, Mozzarella, Petits piments, \u00e9pices<\/p>\n<\/div>\n<p class=\"continue-reading-button\"> <a class=\"continue-reading-link\" href=\"https:\/\/services-administracom.alwaysdata.net\/wp-content\/uploads\/sites\/design\/produit\/pizza-pizzette\/\"><i class=\"crycon-right-dir\"><\/i><\/a><\/p>\n","protected":false},"featured_media":193,"template":"","meta":[],"product_brand":[],"product_cat":[23],"product_tag":[27,28,18],"class_list":{"0":"post-179","1":"product","2":"type-product","3":"status-publish","4":"has-post-thumbnail","6":"product_cat-pizza","7":"product_tag-macedoine","8":"product_tag-piments","9":"product_tag-pizza","11":"first","12":"instock","13":"sale","14":"taxable","15":"shipping-taxable","16":"purchasable","17":"product-type-simple"},"_links":{"self":[{"href":"https:\/\/services-administracom.alwaysdata.net\/wp-content\/uploads\/sites\/design\/wp-json\/wp\/v2\/product\/179","targetHints":{"allow":["GET"]}}],"collection":[{"href":"https:\/\/services-administracom.alwaysdata.net\/wp-content\/uploads\/sites\/design\/wp-json\/wp\/v2\/product"}],"about":[{"href":"https:\/\/services-administracom.alwaysdata.net\/wp-content\/uploads\/sites\/design\/wp-json\/wp\/v2\/types\/product"}],"wp:featuredmedia":[{"embeddable":true,"href":"https:\/\/services-administracom.alwaysdata.net\/wp-content\/uploads\/sites\/design\/wp-json\/wp\/v2\/media\/193"}],"wp:attachment":[{"href":"https:\/\/services-administracom.alwaysdata.net\/wp-content\/uploads\/sites\/design\/wp-json\/wp\/v2\/media?parent=179"}],"wp:term":[{"taxonomy":"product_brand","embeddable":true,"href":"https:\/\/services-administracom.alwaysdata.net\/wp-content\/uploads\/sites\/design\/wp-json\/wp\/v2\/product_brand?post=179"},{"taxonomy":"product_cat","embeddable":true,"href":"https:\/\/services-administracom.alwaysdata.net\/wp-content\/uploads\/sites\/design\/wp-json\/wp\/v2\/product_cat?post=179"},{"taxonomy":"product_tag","embeddable":true,"href":"https:\/\/services-administracom.alwaysdata.net\/wp-content\/uploads\/sites\/design\/wp-json\/wp\/v2\/product_tag?post=179"}],"curies":[{"name":"wp","href":"https:\/\/api.w.org\/{rel}","templated":true}]}}