{"id":324,"date":"2020-09-21T17:43:16","date_gmt":"2020-09-21T15:43:16","guid":{"rendered":"http:\/\/localhost\/design\/?post_type=product&#038;p=324"},"modified":"2020-09-21T17:44:36","modified_gmt":"2020-09-21T15:44:36","slug":"salade-printaniere","status":"publish","type":"product","link":"https:\/\/services-administracom.alwaysdata.net\/wp-content\/uploads\/sites\/design\/produit\/salade-printaniere\/","title":{"rendered":"SALADE PRINTANIERE"},"content":{"rendered":"<p>Mesclun, Chou caram\u00e9lis\u00e9, Betterave jaune, Carotte, Oignon nouveau, Ciboulette, Persil, Graines de s\u00e9same, Huile d&rsquo;olive, Vinaigre de Cidre<\/p>\n","protected":false},"excerpt":{"rendered":"<p>Mesclun, Chou caram\u00e9lis\u00e9, Betterave jaune, Carotte, Oignon nouveau, Ciboulette, Persil, Graines de s\u00e9same, Huile d&rsquo;olive, Vinaigre de Cidre<\/p>\n<p class=\"continue-reading-button\"> <a class=\"continue-reading-link\" href=\"https:\/\/services-administracom.alwaysdata.net\/wp-content\/uploads\/sites\/design\/produit\/salade-printaniere\/\"><i class=\"crycon-right-dir\"><\/i><\/a><\/p>\n","protected":false},"featured_media":313,"template":"","meta":[],"product_brand":[],"product_cat":[35],"product_tag":[],"class_list":{"0":"post-324","1":"product","2":"type-product","3":"status-publish","4":"has-post-thumbnail","6":"product_cat-salade","8":"first","9":"instock","10":"taxable","11":"shipping-taxable","12":"purchasable","13":"product-type-simple"},"_links":{"self":[{"href":"https:\/\/services-administracom.alwaysdata.net\/wp-content\/uploads\/sites\/design\/wp-json\/wp\/v2\/product\/324","targetHints":{"allow":["GET"]}}],"collection":[{"href":"https:\/\/services-administracom.alwaysdata.net\/wp-content\/uploads\/sites\/design\/wp-json\/wp\/v2\/product"}],"about":[{"href":"https:\/\/services-administracom.alwaysdata.net\/wp-content\/uploads\/sites\/design\/wp-json\/wp\/v2\/types\/product"}],"wp:featuredmedia":[{"embeddable":true,"href":"https:\/\/services-administracom.alwaysdata.net\/wp-content\/uploads\/sites\/design\/wp-json\/wp\/v2\/media\/313"}],"wp:attachment":[{"href":"https:\/\/services-administracom.alwaysdata.net\/wp-content\/uploads\/sites\/design\/wp-json\/wp\/v2\/media?parent=324"}],"wp:term":[{"taxonomy":"product_brand","embeddable":true,"href":"https:\/\/services-administracom.alwaysdata.net\/wp-content\/uploads\/sites\/design\/wp-json\/wp\/v2\/product_brand?post=324"},{"taxonomy":"product_cat","embeddable":true,"href":"https:\/\/services-administracom.alwaysdata.net\/wp-content\/uploads\/sites\/design\/wp-json\/wp\/v2\/product_cat?post=324"},{"taxonomy":"product_tag","embeddable":true,"href":"https:\/\/services-administracom.alwaysdata.net\/wp-content\/uploads\/sites\/design\/wp-json\/wp\/v2\/product_tag?post=324"}],"curies":[{"name":"wp","href":"https:\/\/api.w.org\/{rel}","templated":true}]}}