{"id":354,"date":"2020-09-21T19:17:13","date_gmt":"2020-09-21T17:17:13","guid":{"rendered":"http:\/\/localhost\/design\/?post_type=product&#038;p=354"},"modified":"2021-05-26T15:48:50","modified_gmt":"2021-05-26T13:48:50","slug":"pizza-popeye-menu","status":"publish","type":"product","link":"https:\/\/services-administracom.alwaysdata.net\/wp-content\/uploads\/sites\/design\/produit\/pizza-popeye-menu\/","title":{"rendered":"PIZZA POPEYE MENU"},"content":{"rendered":"<p class=\"fdm-item-title\">Pizza Popeye<\/p>\n<div class=\"fdm-item-content\">\n<p>Coulis de tomates, \u00e9pinards, Fromage de ch\u00e8vre, Cr\u00e8me fra\u00eeche, Olives \u00e0 la Grecque, Epices, Herbes aromatiques, salade<\/p>\n<\/div>\n","protected":false},"excerpt":{"rendered":"<p class=\"fdm-item-title\">Pizza Popeye<\/p>\n<div class=\"fdm-item-content\">\n<p>Coulis de tomates, \u00e9pinards, Fromage de ch\u00e8vre, Cr\u00e8me fra\u00eeche, Olives \u00e0 la Grecque, Epices, Herbes aromatiques, salade<\/p>\n<\/div>\n<p class=\"continue-reading-button\"> <a class=\"continue-reading-link\" href=\"https:\/\/services-administracom.alwaysdata.net\/wp-content\/uploads\/sites\/design\/produit\/pizza-popeye-menu\/\"><i class=\"crycon-right-dir\"><\/i><\/a><\/p>\n","protected":false},"featured_media":0,"template":"","meta":[],"product_brand":[],"product_cat":[49],"product_tag":[26,24,25,18],"class_list":{"0":"post-354","1":"product","2":"type-product","3":"status-publish","5":"product_cat-formule","6":"product_tag-chevre","7":"product_tag-epinard","8":"product_tag-epinards","9":"product_tag-pizza","11":"first","12":"instock","13":"taxable","14":"shipping-taxable","15":"purchasable","16":"product-type-simple"},"_links":{"self":[{"href":"https:\/\/services-administracom.alwaysdata.net\/wp-content\/uploads\/sites\/design\/wp-json\/wp\/v2\/product\/354","targetHints":{"allow":["GET"]}}],"collection":[{"href":"https:\/\/services-administracom.alwaysdata.net\/wp-content\/uploads\/sites\/design\/wp-json\/wp\/v2\/product"}],"about":[{"href":"https:\/\/services-administracom.alwaysdata.net\/wp-content\/uploads\/sites\/design\/wp-json\/wp\/v2\/types\/product"}],"wp:attachment":[{"href":"https:\/\/services-administracom.alwaysdata.net\/wp-content\/uploads\/sites\/design\/wp-json\/wp\/v2\/media?parent=354"}],"wp:term":[{"taxonomy":"product_brand","embeddable":true,"href":"https:\/\/services-administracom.alwaysdata.net\/wp-content\/uploads\/sites\/design\/wp-json\/wp\/v2\/product_brand?post=354"},{"taxonomy":"product_cat","embeddable":true,"href":"https:\/\/services-administracom.alwaysdata.net\/wp-content\/uploads\/sites\/design\/wp-json\/wp\/v2\/product_cat?post=354"},{"taxonomy":"product_tag","embeddable":true,"href":"https:\/\/services-administracom.alwaysdata.net\/wp-content\/uploads\/sites\/design\/wp-json\/wp\/v2\/product_tag?post=354"}],"curies":[{"name":"wp","href":"https:\/\/api.w.org\/{rel}","templated":true}]}}