{"id":355,"date":"2020-09-21T19:22:03","date_gmt":"2020-09-21T17:22:03","guid":{"rendered":"http:\/\/localhost\/design\/?post_type=product&#038;p=355"},"modified":"2021-05-26T15:48:16","modified_gmt":"2021-05-26T13:48:16","slug":"pizza-ohlala-menu","status":"publish","type":"product","link":"https:\/\/services-administracom.alwaysdata.net\/wp-content\/uploads\/sites\/design\/produit\/pizza-ohlala-menu\/","title":{"rendered":"PIZZA OHLALA MENU"},"content":{"rendered":"<p class=\"fdm-item-title\">Pizza OHLALA<\/p>\n<div class=\"fdm-item-content\">\n<p>Coulis de tomates, tomates Fra\u00eeches, Pepperoni, Mozzarella, Gruy\u00e8re, Epices, Olives, Herbes aromatiques, sauce piment\u00e9e<\/p>\n<\/div>\n","protected":false},"excerpt":{"rendered":"<p class=\"fdm-item-title\">Pizza OHLALA<\/p>\n<div class=\"fdm-item-content\">\n<p>Coulis de tomates, tomates Fra\u00eeches, Pepperoni, Mozzarella, Gruy\u00e8re, Epices, Olives, Herbes aromatiques, sauce piment\u00e9e<\/p>\n<\/div>\n<p class=\"continue-reading-button\"> <a class=\"continue-reading-link\" href=\"https:\/\/services-administracom.alwaysdata.net\/wp-content\/uploads\/sites\/design\/produit\/pizza-ohlala-menu\/\"><i class=\"crycon-right-dir\"><\/i><\/a><\/p>\n","protected":false},"featured_media":194,"template":"","meta":[],"product_brand":[],"product_cat":[49],"product_tag":[22,20,21,18],"class_list":{"0":"post-355","1":"product","2":"type-product","3":"status-publish","4":"has-post-thumbnail","6":"product_cat-formule","7":"product_tag-mozzarella","8":"product_tag-ohlala","9":"product_tag-pepperoni","10":"product_tag-pizza","12":"first","13":"instock","14":"taxable","15":"shipping-taxable","16":"purchasable","17":"product-type-simple"},"_links":{"self":[{"href":"https:\/\/services-administracom.alwaysdata.net\/wp-content\/uploads\/sites\/design\/wp-json\/wp\/v2\/product\/355","targetHints":{"allow":["GET"]}}],"collection":[{"href":"https:\/\/services-administracom.alwaysdata.net\/wp-content\/uploads\/sites\/design\/wp-json\/wp\/v2\/product"}],"about":[{"href":"https:\/\/services-administracom.alwaysdata.net\/wp-content\/uploads\/sites\/design\/wp-json\/wp\/v2\/types\/product"}],"wp:featuredmedia":[{"embeddable":true,"href":"https:\/\/services-administracom.alwaysdata.net\/wp-content\/uploads\/sites\/design\/wp-json\/wp\/v2\/media\/194"}],"wp:attachment":[{"href":"https:\/\/services-administracom.alwaysdata.net\/wp-content\/uploads\/sites\/design\/wp-json\/wp\/v2\/media?parent=355"}],"wp:term":[{"taxonomy":"product_brand","embeddable":true,"href":"https:\/\/services-administracom.alwaysdata.net\/wp-content\/uploads\/sites\/design\/wp-json\/wp\/v2\/product_brand?post=355"},{"taxonomy":"product_cat","embeddable":true,"href":"https:\/\/services-administracom.alwaysdata.net\/wp-content\/uploads\/sites\/design\/wp-json\/wp\/v2\/product_cat?post=355"},{"taxonomy":"product_tag","embeddable":true,"href":"https:\/\/services-administracom.alwaysdata.net\/wp-content\/uploads\/sites\/design\/wp-json\/wp\/v2\/product_tag?post=355"}],"curies":[{"name":"wp","href":"https:\/\/api.w.org\/{rel}","templated":true}]}}