{"id":1878,"date":"2024-01-08T20:09:25","date_gmt":"2024-01-08T19:09:25","guid":{"rendered":"https:\/\/services-administracom.alwaysdata.net\/wp-content\/uploads\/sites\/labracelerie\/?page_id=1878"},"modified":"2024-01-23T18:41:18","modified_gmt":"2024-01-23T17:41:18","slug":"politique-de-confidentialite-2","status":"publish","type":"page","link":"https:\/\/services-administracom.alwaysdata.net\/wp-content\/uploads\/sites\/labracelerie\/politique-de-confidentialite-2\/","title":{"rendered":"POLITIQUE DE CONFIDENTIALITE"},"content":{"rendered":"<?php\n\n<p>ARTICLE 1 : PR\u00c9AMBULE<\/p>\n\n\n\n<p>Cette politique de confidentialit\u00e9 s\u2019applique au site : HANDMADE-FRANCE.COM et \u00e0 l\u2019ensemble de ses sous-domaines. La pr\u00e9sente politique de confidentialit\u00e9 a pour but d\u2019exposer aux utilisateurs du site :<\/p>\n\n\n\n<p>La mani\u00e8re dont sont collect\u00e9es et trait\u00e9es leurs donn\u00e9es \u00e0 caract\u00e8re personnel. Doivent \u00eatre consid\u00e9r\u00e9es comme donn\u00e9es personnelles toutes les donn\u00e9es \u00e9tant susceptibles d\u2019identifier un utilisateur. Il s\u2019agit notamment du pr\u00e9nom et du nom, de l\u2019\u00e2ge, de l\u2019adresse postale, l\u2019adresse mail, la localisation de l\u2019utilisateur ou encore son adresse IP ;<\/p>\n\n\n\n<p>Quels sont les droits des utilisateurs concernant ces donn\u00e9es ; Qui est responsable du traitement des donn\u00e9es \u00e0 caract\u00e8re personnel collect\u00e9es et trait\u00e9es ; A qui ces donn\u00e9es sont transmises ; Eventuellement, la politique du site en mati\u00e8re de fichiers \u00ab cookies \u00bb.<\/p>\n\n\n\n<p>Cette politique de confidentialit\u00e9 compl\u00e8te les mentions l\u00e9gales et les Conditions G\u00e9n\u00e9rales d\u2019Utilisation que les utilisateurs peuvent consulter aux adresses ci-apr\u00e8s :\n&#8211; Mentions l\u00e9gales : <a href=\"https:\/\/services-administracom.alwaysdata.net\/wp-content\/uploads\/sites\/labracelerie\/mentions-legales\" target=\"_blank\" rel=\"noopener\"> Consulter les mentions l\u00e9gales<\/a>\n&#8211; CGU : <a href=\"https:\/\/services-administracom.alwaysdata.net\/wp-content\/uploads\/sites\/labracelerie\/cgu\/\" target\"_blank\"> Consulter les CGU <\/a>\n&#8211; CGV : <a href=\"https:\/\/services-administracom.alwaysdata.net\/wp-content\/uploads\/sites\/labracelerie\/cgv\/\" target=\"_blank\" rel=\"noopener\"> Consulter les CGV <\/a> <\/p>\n\n\n\n<p><br>ARTICLE 2 : PRINCIPES G\u00c9N\u00c9RAUX EN MATI\u00c8RE DE COLLECTE ET DE TRAITEMENT DE DONN\u00c9ES<\/p>\n\n\n\n<p>Conform\u00e9ment aux dispositions de l\u2019article 5 du R\u00e8glement europ\u00e9en 2016\/679, la collecte et le traitement des donn\u00e9es des utilisateurs du site respectent les principes suivants :<\/p>\n\n\n\n<p>Lic\u00e9it\u00e9, loyaut\u00e9 et transparence : les donn\u00e9es ne peuvent \u00eatre collect\u00e9es et trait\u00e9es qu\u2019avec le consentement de l\u2019utilisateur propri\u00e9taire des donn\u00e9es. A chaque fois que des donn\u00e9es \u00e0 caract\u00e8re personnel seront collect\u00e9es, il sera indiqu\u00e9 \u00e0 l\u2019utilisateur que ses donn\u00e9es sont collect\u00e9es, et pour quelles raisons ses donn\u00e9es sont collect\u00e9es ;<\/p>\n\n\n\n<p>Finalit\u00e9s limit\u00e9es : la collecte et le traitement des donn\u00e9es sont ex\u00e9cut\u00e9s pour r\u00e9pondre \u00e0 un ou plusieurs objectifs d\u00e9termin\u00e9s dans les pr\u00e9sentes conditions g\u00e9n\u00e9rales d\u2019utilisation ;<\/p>\n\n\n\n<p>Minimisation de la collecte et du traitement des donn\u00e9es : seules les donn\u00e9es n\u00e9cessaires \u00e0 la bonne ex\u00e9cution des objectifs poursuivis par le site sont collect\u00e9es ;<\/p>\n\n\n\n<p>Conservation des donn\u00e9es r\u00e9duites dans le temps : les donn\u00e9es sont conserv\u00e9es pour une dur\u00e9e limit\u00e9e, dont l\u2019utilisateur est inform\u00e9. Si la dur\u00e9e de conservation ne peut \u00eatre communiqu\u00e9e \u00e0 l\u2019utilisateur ;<\/p>\n\n\n\n<p>Int\u00e9grit\u00e9 et confidentialit\u00e9 des donn\u00e9es collect\u00e9es et trait\u00e9es : le responsable du traitement des donn\u00e9es s\u2019engage \u00e0 garantir l\u2019int\u00e9grit\u00e9 et la confidentialit\u00e9 des donn\u00e9es collect\u00e9es.<\/p>\n\n\n\n<p><\/p>\n\n\n\n<p><\/p>\n\n\n\n<p>Afin d\u2019\u00eatre licites, et ce conform\u00e9ment aux exigences de l\u2019article 6 du r\u00e8glement europ\u00e9en 2016\/679, la collecte et le traitement des donn\u00e9es \u00e0 caract\u00e8re personnel ne pourront intervenir que s\u2019ils respectent au moins l\u2019une des conditions ci-apr\u00e8s \u00e9num\u00e9r\u00e9es : L\u2019utilisateur a express\u00e9ment consenti au traitement ; Le traitement est n\u00e9cessaire \u00e0 la bonne ex\u00e9cution d\u2019un contrat ; Le traitement r\u00e9pond \u00e0 une obligation l\u00e9gale ; Le traitement s\u2019explique par une n\u00e9cessit\u00e9 li\u00e9e \u00e0 la sauvegarde des int\u00e9r\u00eats vitaux de la personne concern\u00e9e ou d\u2019une autre personne physique ; Le traitement peut s\u2019expliquer par une n\u00e9cessit\u00e9 li\u00e9e \u00e0 l\u2019ex\u00e9cution d\u2019une mission d\u2019int\u00e9r\u00eat public ou qui rel\u00e8ve de l\u2019exercice de l\u2019autorit\u00e9 publique ; Le traitement et la collecte des donn\u00e9es \u00e0 caract\u00e8re personnel sont n\u00e9cessaires aux fins des int\u00e9r\u00eats l\u00e9gitimes et priv\u00e9s poursuivis par le responsable du traitement ou par un tiers.<\/p>\n\n\n\n<p><br>ARTICLE 3 : DONN\u00c9ES \u00c0 CARACT\u00c8RE PERSONNEL COLLECT\u00c9ES ET TRAIT\u00c9ES DANS LE CADRE DE LA NAVIGATION SUR LE SITE DONN\u00c9ES COLLECT\u00c9ES ET TRAIT\u00c9ES ET MODE DE COLLECTE<\/p>\n\n\n\n<p>Les donn\u00e9es \u00e0 caract\u00e8re personnel collect\u00e9es sur le site HANDMADE-FRANCE.COM sont les suivantes :<\/p>\n\n\n\n<pre class=\"wp-block-code\"><code>Les informations donn\u00e9es par l\u2019utilisateur dans les formulaires d\u2019\u00e9laboration des contrats (nom, pr\u00e9nom, adresse\u2026) permettant la cr\u00e9ation de son compte ou de contextualiser sa d\u00e9marche,\nLes caract\u00e9ristiques techniques des moyens de connexion au site web (taille de l\u2019\u00e9cran, adresse IP\u2026),\nEt \u00e9ventuellement les informations relatives \u00e0 l\u2019usage du site : temps pass\u00e9s, billets consult\u00e9s\u2026 <\/code><\/pre>\n\n\n\n<p>Ces donn\u00e9es sont collect\u00e9es lorsque l\u2019utilisateur effectue l\u2019une des op\u00e9rations suivantes sur le site :<\/p>\n\n\n\n<pre class=\"wp-block-code\"><code>s\u2019inscrit sur le site,\nposte des commentaires,\ncompl\u00e8te un document,\nconsulte un article d\u2019information,\ns\u2019inscrit \u00e0 une newsletter,\nrequiert de l\u2019assistance technique par t\u00e9l\u00e9phone.\nCommande des produits sur la boutique <\/code><\/pre>\n\n\n\n<p>Par ailleurs, lors d\u2019un paiement sur le site, il sera conserv\u00e9 dans les syst\u00e8mes informatiques de l\u2019\u00e9diteur du site une preuve de la transaction comprenant le bon de commande et la facture. Le responsable du traitement conservera dans ses syst\u00e8mes informatiques du site et dans des conditions raisonnables de s\u00e9curit\u00e9 l\u2019ensemble des donn\u00e9es collect\u00e9es pour une dur\u00e9e de :  1 jour et 3 ans, pour les simples visites, jusqu\u2019\u00e0 5 ans si l\u2019utilisateur valide une commande. La collecte et le traitement des donn\u00e9es r\u00e9pondent notamment aux finalit\u00e9s suivantes :<\/p>\n\n\n\n<pre class=\"wp-block-code\"><code>cr\u00e9ation et contr\u00f4le d\u2019acc\u00e8s aux comptes clients,\ncr\u00e9ation des documents,\nr\u00e9alisations des formalit\u00e9s,\nsuivie des paiement et facturation,\nmise en relation avec des partenaires tiers,\nenvoi d\u2019informations marketing et commerciales. <\/code><\/pre>\n\n\n\n<p>Et plus g\u00e9n\u00e9ralement toutes activit\u00e9s en relations avec la vente de services ou produits en rapport avec l\u2019information pr\u00e9sent\u00e9e sur le site web.<\/p>\n\n\n\n<ol class=\"wp-block-list\" start=\"2\">\n<li>TRANSMISSION DES DONN\u00c9ES A DES TIERS<br>2.1. Partage de vos donn\u00e9es \u00e0 caract\u00e8re personnel avec des soci\u00e9t\u00e9s tierces<\/li>\n<\/ol>\n\n\n\n<p>Lors de leur navigation sur le Site, les donn\u00e9es \u00e0 caract\u00e8re personnel des utilisateurs peuvent \u00eatre transmises \u00e0 des prestataires ext\u00e9rieurs. Ces tiers assurent un service pour notre compte et en notre nom dans le but de permettre le bon fonctionnement des paiements par carte de cr\u00e9dit et autres Services, ou sont susceptibles de proposer leurs services ou produits aux utilisateurs.<\/p>\n\n\n\n<p>Les donn\u00e9es \u00e0 caract\u00e8re personnel sont susceptibles d\u2019\u00eatre transf\u00e9r\u00e9es vers des pays situ\u00e9s hors de l\u2019Union Europ\u00e9enne (tels que les Etats-Unis) dans le but de traiter vos demandes et s\u00e9curiser les donn\u00e9es \u00e0 caract\u00e8re personnel.<\/p>\n\n\n\n<p>Conform\u00e9ment au RGPD, tous les transferts de donn\u00e9es \u00e0 caract\u00e8re personnel vers un pays situ\u00e9 hors de l\u2019Union Europ\u00e9enne et\/ou n\u2019offrant pas un niveau de protection consid\u00e9r\u00e9 comme suffisant par la Commission europ\u00e9enne ont fait l\u2019objet de conventions de flux transfronti\u00e8re conformes aux clauses contractuelles types \u00e9dict\u00e9es par la Commission europ\u00e9enne et d\u00e9clar\u00e9es \u00e0 la CNIL. D\u2019autres transferts de donn\u00e9es \u00e0 caract\u00e8re personnel vers les Etats-Unis, pour la gestion de la relation client notamment (CRM), sont r\u00e9gis par le E.U. \u2013 U.S. PRIVACY SHIELD (Bouclier de protection des Donn\u00e9es Union Europ\u00e9enne-Etats-Unis) : cliquez ici pour plus d\u2019informations.<\/p>\n\n\n\n<p>Nous ne partagerons jamais, sans avoir obtenu votre consentement pr\u00e9alable, vos donn\u00e9es \u00e0 caract\u00e8re personnel avec des soci\u00e9t\u00e9s tierces \u00e0 des fins marketings et\/ou commerciales.<\/p>\n\n\n\n<p><br>2.2. Partage avec les autorit\u00e9s Nous pouvons \u00eatre amen\u00e9 \u00e0 divulguer vos donn\u00e9es \u00e0 caract\u00e8re personnel aux autorit\u00e9s administrative ou judiciaire lorsque leur divulgation est n\u00e9cessaire \u00e0 l\u2019identification, l\u2019interpellation ou la poursuite en justice de tout individu susceptible de porter pr\u00e9judice \u00e0 nos droits, de tout autre utilisateur ou d\u2019un tiers. Nous pouvons enfin \u00eatre l\u00e9galement tenu de divulguer vos donn\u00e9es \u00e0 caract\u00e8re personnel et ne pouvons dans ce cas nous y opposer.<br>2.H\u00c9BERGEMENT DES DONN\u00c9ES<\/p>\n\n\n\n<p>Le site HANDMADE-FRANCE.COM est h\u00e9berg\u00e9 par  la Soci\u00e9t\u00e9 ALWAYSDATA au capital de 5 000 \u20ac dont le si\u00e8ge social est situ\u00e9 91 RUE DU FAUBOURG SAINT-HONORE 75008 PARIS.<\/p>\n\n\n\n<p>L\u2019h\u00e9bergeur peut \u00eatre contact\u00e9 au num\u00e9ro de t\u00e9l\u00e9phone suivant : <a href=\"https:\/\/www.google.com\/search?client=firefox-b-d&amp;q=always+data+si%C3%A8ge#\">01 84 16 23 40<\/a><\/p>\n\n\n\n<p>Les donn\u00e9es collect\u00e9es et trait\u00e9es par le site sont exclusivement h\u00e9berg\u00e9es et trait\u00e9es en France.<\/p>\n\n\n\n<p><br>ARTICLE 4 : RESPONSABLE DU TRAITEMENT DES DONN\u00c9ES ET D\u00c9L\u00c9GU\u00c9 \u00c0 LA PROTECTION DES DONN\u00c9ES<\/p>\n\n\n\n<ol class=\"wp-block-list\">\n<li>LE RESPONSABLE DU TRAITEMENT DES DONN\u00c9ES<\/li>\n<\/ol>\n\n\n\n<p>Le responsable du traitement des donn\u00e9es \u00e0 caract\u00e8re personnel est : DEJOU Audrey.<\/p>\n\n\n\n<p>Elle peut \u00eatre contact\u00e9e de la mani\u00e8re suivante :<\/p>\n\n\n\n<p>Par t\u00e9l\u00e9phone au 09.84.49.32.30 du lundi au vendredi de 9h30 \u00e0 17h30 ou par email \u00e0 l&rsquo;adresse labracelerie@gmail.com<\/p>\n\n\n\n<p>Le responsable du traitement des donn\u00e9es est charg\u00e9 de d\u00e9terminer les finalit\u00e9s et les moyens mis au service du traitement des donn\u00e9es \u00e0 caract\u00e8re personnel.<br>OBLIGATIONS DU RESPONSABLE DU TRAITEMENT DES DONN\u00c9ES<\/p>\n\n\n\n<p>Le responsable du traitement s\u2019engage \u00e0 prot\u00e9ger les donn\u00e9es \u00e0 caract\u00e8re personnel collect\u00e9es, \u00e0 ne pas les transmettre \u00e0 des tiers sans que l\u2019utilisateur n\u2019en ait \u00e9t\u00e9 inform\u00e9 et \u00e0 respecter les finalit\u00e9s pour lesquelles ces donn\u00e9es ont \u00e9t\u00e9 collect\u00e9es.<\/p>\n\n\n\n<p>Le site dispose d\u2019un certificat SSL afin de garantir que les informations et le transfert des donn\u00e9es transitant par le site sont s\u00e9curis\u00e9s.<\/p>\n\n\n\n<p>Un certificat SSL (\u00ab Secure Socket Layer \u00bb Certificate) a pour but de s\u00e9curiser les donn\u00e9es \u00e9chang\u00e9es entre l\u2019utilisateur et le site.<\/p>\n\n\n\n<p>De plus, le responsable du traitement des donn\u00e9es s\u2019engage \u00e0 notifier l\u2019utilisateur en cas de rectification ou de suppression des donn\u00e9es, \u00e0 moins que cela n\u2019entra\u00eene pour lui des formalit\u00e9s, co\u00fbts et d\u00e9marches disproportionn\u00e9s.<\/p>\n\n\n\n<p>Dans le cas o\u00f9 l\u2019int\u00e9grit\u00e9, la confidentialit\u00e9 ou la s\u00e9curit\u00e9 des donn\u00e9es \u00e0 caract\u00e8re personnel de l\u2019utilisateur est compromise, le responsable du traitement s\u2019engage \u00e0 informer l\u2019utilisateur par tout moyen<\/p>\n\n\n\n<p><br>ARTICLE 5 : DROITS DE L\u2019UTILISATEUR<\/p>\n\n\n\n<p>Conform\u00e9ment \u00e0 la r\u00e9glementation concernant le traitement des donn\u00e9es \u00e0 caract\u00e8re personnel, l\u2019utilisateur poss\u00e8de les droits ci-apr\u00e8s \u00e9num\u00e9r\u00e9s.<\/p>\n\n\n\n<p>Afin que le responsable du traitement des donn\u00e9es fasse droit \u00e0 sa demande, l\u2019utilisateur est tenu de lui communiquer : ses pr\u00e9nom et nom ainsi que son adresse e-mail, et si cela est pertinent, son num\u00e9ro de compte ou d\u2019espace personnel ou d\u2019abonn\u00e9.<\/p>\n\n\n\n<p>Le responsable du traitement des donn\u00e9es est tenu de r\u00e9pondre \u00e0 l\u2019utilisateur dans un d\u00e9lai de 30 (trente) jours maximum.<\/p>\n\n\n\n<p><br>PR\u00c9SENTATION DES DROITS DE L\u2019UTILISATEUR EN MATI\u00c8RE DE COLLECTE ET TRAITEMENT DE DONN\u00c9ES<\/p>\n\n\n\n<ol class=\"wp-block-list\">\n<li>Droit d\u2019acc\u00e8s, de rectification et droit \u00e0 l\u2019effacement<\/li>\n<\/ol>\n\n\n\n<p>L\u2019utilisateur peut prendre connaissance, mettre \u00e0 jour, modifier ou demander la suppression des donn\u00e9es le concernant, en respectant la proc\u00e9dure ci-apr\u00e8s \u00e9nonc\u00e9e :<\/p>\n\n\n\n<p>l\u2019utilisateur doit envoyer un email au responsable du traitement des donn\u00e9es personnelles, en pr\u00e9cisant l\u2019objet de sa demande et en utilisant l\u2019adresse e-mail de contact qui est fournie plus haut<\/p>\n\n\n\n<p>S\u2019il en poss\u00e8de un, l\u2019utilisateur a le droit de demander la suppression de son espace personnel en suivant la proc\u00e9dure suivante :<\/p>\n\n\n\n<p>l\u2019utilisateur doit envoyer un email au responsable du traitement des donn\u00e9es personnelles, en pr\u00e9cisant son num\u00e9ro d\u2019espace personnel. La demande de suppression des donn\u00e9es sera trait\u00e9e dans un d\u00e9lai de 30 jours ouvr\u00e9s<\/p>\n\n\n\n<ol class=\"wp-block-list\" start=\"2\">\n<li>Droit \u00e0 la portabilit\u00e9 des donn\u00e9es<\/li>\n<\/ol>\n\n\n\n<p>L\u2019utilisateur a le droit de demander la portabilit\u00e9 de ses donn\u00e9es personnelles, d\u00e9tenues par le site, vers un autre site, en se conformant \u00e0 la proc\u00e9dure ci-apr\u00e8s :<\/p>\n\n\n\n<p>l\u2019utilisateur doit faire une demande de portabilit\u00e9 de ses donn\u00e9es personnelles aupr\u00e8s du responsable du traitement des donn\u00e9es,en envoyant un email \u00e0 l\u2019adresse pr\u00e9vue ci-dessus<\/p>\n\n\n\n<ol class=\"wp-block-list\" start=\"3\">\n<li>Droit \u00e0 la limitation et \u00e0 l\u2019opposition du traitement des donn\u00e9es<\/li>\n<\/ol>\n\n\n\n<p>L\u2019utilisateur a le droit de demander la limitation ou de s\u2019opposer au traitement de ses donn\u00e9es par le site, sans que le site ne puisse refuser, sauf \u00e0 d\u00e9montrer l\u2019existence de motifs l\u00e9gitimes et imp\u00e9rieux, pouvant pr\u00e9valoir sur les int\u00e9r\u00eats et les droits et libert\u00e9s de l\u2019utilisateur.<\/p>\n\n\n\n<p>Afin de demander la limitation du traitement de ses donn\u00e9es ou de formuler une opposition au traitement de ses donn\u00e9es, l\u2019utilisateur doit suivre la proc\u00e9dure suivante :<\/p>\n\n\n\n<p>l\u2019utilisateur doit faire une demande de limitation au traitement de ses donn\u00e9es personnelles aupr\u00e8s du responsable du traitement des donn\u00e9es,en envoyant un email \u00e0 l\u2019adresse pr\u00e9vue ci-dessus<\/p>\n\n\n\n<ol class=\"wp-block-list\" start=\"4\">\n<li>Droit de ne pas faire l\u2019objet d\u2019une d\u00e9cision fond\u00e9e exclusivement sur un proc\u00e9d\u00e9 automatis\u00e9<\/li>\n<\/ol>\n\n\n\n<p>Conform\u00e9ment aux disposition du r\u00e8glement 2016\/679, l\u2019utilisateur a le droit de ne pas faire l\u2019objet d\u2019une d\u00e9cision fond\u00e9e exclusivement sur un proc\u00e9d\u00e9 automatis\u00e9 si la d\u00e9cision produit des effets juridiques le concernant, ou l\u2019affecte de mani\u00e8re significative de fa\u00e7on similaire.<\/p>\n\n\n\n<ol class=\"wp-block-list\" start=\"5\">\n<li>Droit de d\u00e9terminer le sort des donn\u00e9es apr\u00e8s la mort<\/li>\n<\/ol>\n\n\n\n<p>Il est rappel\u00e9 \u00e0 l\u2019utilisateur qu\u2019il peut organiser quel doit \u00eatre le devenir de ses donn\u00e9es collect\u00e9es et trait\u00e9es s\u2019il d\u00e9c\u00e8de, conform\u00e9ment \u00e0 la loi n\u00b02016-1321 du 7 octobre 2016.<\/p>\n\n\n\n<ol class=\"wp-block-list\" start=\"6\">\n<li>Droit de saisir l\u2019autorit\u00e9 de contr\u00f4le comp\u00e9tente<\/li>\n<\/ol>\n\n\n\n<p>Dans le cas o\u00f9 le responsable du traitement des donn\u00e9es d\u00e9cide de ne pas r\u00e9pondre \u00e0 la demande de l\u2019utilisateur, et que l\u2019utilisateur souhaite contester cette d\u00e9cision, ou, s\u2019il pense qu\u2019il est port\u00e9 atteinte \u00e0 l\u2019un des droits \u00e9num\u00e9r\u00e9s ci-dessus, il est en droit de saisir la CNIL (Commission Nationale de l\u2019Informatique et des Libert\u00e9s, https:\/\/www.cnil.fr) ou tout juge comp\u00e9tent.<br>DONN\u00c9ES PERSONNELLES DES PERSONNES MINEURES<\/p>\n\n\n\n<p>Conform\u00e9ment aux dispositions de l\u2019article 8 du r\u00e8glement europ\u00e9en 2016\/679 et \u00e0 la loi Informatique et Libert\u00e9s, seuls les mineurs \u00e2g\u00e9s de 15 ans ou plus peuvent consentir au traitement de leurs donn\u00e9es personnelles.<\/p>\n\n\n\n<p>Si l\u2019utilisateur est un mineur de moins de 15 ans, l\u2019accord d\u2019un repr\u00e9sentant l\u00e9gal sera requis afin que des donn\u00e9es \u00e0 caract\u00e8re personnel puissent \u00eatre collect\u00e9es et trait\u00e9es.<\/p>\n\n\n\n<p>L\u2019\u00e9diteur du site se r\u00e9serve le droit de v\u00e9rifier par tout moyen que l\u2019utilisateur est \u00e2g\u00e9 de plus de 15 ans, ou qu\u2019il aura obtenu l\u2019accord d\u2019un repr\u00e9sentant l\u00e9gal avant de naviguer sur le site.<\/p>\n\n\n\n<p><br>ARTICLE 6 : CONDITIONS DE MODIFICATION DE LA POLITIQUE DE CONFIDENTIALIT\u00c9<\/p>\n\n\n\n<p>La pr\u00e9sente politique de confidentialit\u00e9 peut \u00eatre consult\u00e9e \u00e0 tout moment \u00e0 l\u2019adresse ci-apr\u00e8s indiqu\u00e9e : <a href=\"https:\/\/services-administracom.alwaysdata.net\/wp-content\/uploads\/sites\/labracelerie\/politique-de-confidentialite-2\/\" target=\"_blank\" rel=\"noopener\"> Consulter la politique de confidentialit\u00e9 <\/a><\/p>\n<?\n\n\n\n<p>L\u2019\u00e9diteur du site se r\u00e9serve le droit de la modifier afin de garantir sa conformit\u00e9 avec le droit en vigueur.<\/p>\n\n\n\n<p>Par cons\u00e9quent, l\u2019utilisateur est invit\u00e9 \u00e0 venir consulter r\u00e9guli\u00e8rement cette politique de confidentialit\u00e9 afin de se tenir inform\u00e9 des derniers changements qui lui seront apport\u00e9s.<\/p>\n\n\n\n<p>Il est port\u00e9 \u00e0 la connaissance de l\u2019utilisateur que la derni\u00e8re mise \u00e0 jour de la pr\u00e9sente politique de confidentialit\u00e9 est intervenue le : 23\/01\/2024.<\/p>\n\n\n\n<p><br>ARTICLE 7 : ACCEPTATION PAR L\u2019UTILISATEUR DE LA POLITIQUE DE CONFIDENTIALIT\u00c9<\/p>\n\n\n\n<p>En naviguant sur le site, l\u2019utilisateur atteste avoir lu et compris la pr\u00e9sente politique de confidentialit\u00e9 et en accepte les conditions, en ce qui concerne plus particuli\u00e8rement la collecte et le traitement de ses donn\u00e9es \u00e0 caract\u00e8re personnel.<\/p>\n","protected":false},"excerpt":{"rendered":"<p> <a class=\"continue-reading-link\" href=\"https:\/\/services-administracom.alwaysdata.net\/wp-content\/uploads\/sites\/labracelerie\/politique-de-confidentialite-2\/\"><span>Lire la Suite<\/span><i class=\"crycon-right-dir\"><\/i><\/a> <\/p>\n","protected":false},"author":1,"featured_media":0,"parent":0,"menu_order":0,"comment_status":"closed","ping_status":"closed","template":"","meta":{"footnotes":""},"class_list":["post-1878","page","type-page","status-publish","hentry"],"jetpack_sharing_enabled":true,"_links":{"self":[{"href":"https:\/\/services-administracom.alwaysdata.net\/wp-content\/uploads\/sites\/labracelerie\/wp-json\/wp\/v2\/pages\/1878","targetHints":{"allow":["GET"]}}],"collection":[{"href":"https:\/\/services-administracom.alwaysdata.net\/wp-content\/uploads\/sites\/labracelerie\/wp-json\/wp\/v2\/pages"}],"about":[{"href":"https:\/\/services-administracom.alwaysdata.net\/wp-content\/uploads\/sites\/labracelerie\/wp-json\/wp\/v2\/types\/page"}],"author":[{"embeddable":true,"href":"https:\/\/services-administracom.alwaysdata.net\/wp-content\/uploads\/sites\/labracelerie\/wp-json\/wp\/v2\/users\/1"}],"replies":[{"embeddable":true,"href":"https:\/\/services-administracom.alwaysdata.net\/wp-content\/uploads\/sites\/labracelerie\/wp-json\/wp\/v2\/comments?post=1878"}],"version-history":[{"count":8,"href":"https:\/\/services-administracom.alwaysdata.net\/wp-content\/uploads\/sites\/labracelerie\/wp-json\/wp\/v2\/pages\/1878\/revisions"}],"predecessor-version":[{"id":2031,"href":"https:\/\/services-administracom.alwaysdata.net\/wp-content\/uploads\/sites\/labracelerie\/wp-json\/wp\/v2\/pages\/1878\/revisions\/2031"}],"wp:attachment":[{"href":"https:\/\/services-administracom.alwaysdata.net\/wp-content\/uploads\/sites\/labracelerie\/wp-json\/wp\/v2\/media?parent=1878"}],"curies":[{"name":"wp","href":"https:\/\/api.w.org\/{rel}","templated":true}]}}