{"id":2012,"date":"2024-01-22T21:34:07","date_gmt":"2024-01-22T20:34:07","guid":{"rendered":"https:\/\/services-administracom.alwaysdata.net\/wp-content\/uploads\/sites\/labracelerie\/?page_id=2012"},"modified":"2024-01-22T21:38:02","modified_gmt":"2024-01-22T20:38:02","slug":"mentions-legales","status":"publish","type":"page","link":"https:\/\/services-administracom.alwaysdata.net\/wp-content\/uploads\/sites\/labracelerie\/mentions-legales\/","title":{"rendered":"Mentions L\u00e9gales"},"content":{"rendered":"\n<p class=\"has-text-align-center has-large-font-size\"><strong>Mentions l\u00e9gales en vigueur au 01\/03\/2024<\/strong><\/p>\n\n\n\n<p>Conform\u00e9ment aux dispositions des Articles 6-III et 19 de la Loi n\u00b02004-575 du 21 juin 2004 pour la Confiance dans l\u2019\u00e9conomie num\u00e9rique, dite L.C.E.N., il est port\u00e9 \u00e0 la connaissance des Utilisateurs du site HANDMADE-FRANCE.COM sis 2 rue John Glenn &#8211; B\u00e2t D Appt 44 \u2013 56700 HENNEBONT les pr\u00e9sentes mentions l\u00e9gales. La connexion et la navigation sur le site HANDMADE-FRANCE.COM par l\u2019Utilisateur implique acceptation int\u00e9grale et sans r\u00e9serve des pr\u00e9sentes mentions l\u00e9gales.<\/p>\n\n\n\n<p>Ces derni\u00e8res sont accessibles sur le site \u00e0 la rubrique \u00abMentions l\u00e9gales\u00bb situ\u00e9e en pied de page.<br><\/p>\n\n\n\n<p><strong>ARTICLE 1 : L\u2019\u00e9diteur<\/strong><\/p>\n\n\n\n<p>L\u2019\u00e9dition et la direction de la publication du site HANDMADE-FRANCE.COM est assur\u00e9e par DEJOU Audrey, domicili\u00e9e Cit\u00e9 de K\u00e9rihouais \u2013 2 rue John Glenn \u2013 56700 HENNEBONT, dont le num\u00e9ro de t\u00e9l\u00e9phone est 09.84.49.42.30 et l\u2019adresse e-mail est : labracelerie@gmail.com<br><\/p>\n\n\n\n<p><strong>ARTICLE 2 : L\u2019h\u00e9bergeur<\/strong><\/p>\n\n\n\n<p>L\u2019h\u00e9bergeur du site HANDMADE-FRANCE.COM est la Soci\u00e9t\u00e9 ALWAYSDATA, dont le si\u00e8ge social est situ\u00e9 au 91 rue du Faubourg Saint-Honor\u00e9 \u2013 75008 PARIS, num\u00e9ro de t\u00e9l\u00e9phone : 01 84 16 23 40.<br><\/p>\n\n\n\n<p><strong>ARTICLE 3 : Acc\u00e8s au site<\/strong><\/p>\n\n\n\n<p>Le site est accessible par tout endroit, 7j\/7, 24h\/24 sauf cas de force majeure, interruption programm\u00e9e ou non et pouvant d\u00e9couler d\u2019une n\u00e9cessit\u00e9 de maintenance.<\/p>\n\n\n\n<p>En cas de modification, interruption ou suspension des services le site HANDMADE-FRANCE.COM ne saurait \u00eatre tenu responsable.<br><\/p>\n\n\n\n<p><strong>ARTICLE 4 : Collecte des donn\u00e9es<\/strong><\/p>\n\n\n\n<p>Le site assure \u00e0 l\u2019Utilisateur une collecte et un traitement d\u2019informations personnelles dans le respect de la vie priv\u00e9e conform\u00e9ment \u00e0 la loi n\u00b078-17 du 6 janvier 1978 relative \u00e0 l\u2019informatique, aux fichiers et aux libert\u00e9s et du R\u00e8glement europ\u00e9en sur la protection des donn\u00e9es du 25 mai 2018.<\/p>\n\n\n\n<p>En vertu de la loi Informatique et des Libert\u00e9s, en date du 6 janvier 1978, l\u2019Utilisateur dispose d\u2019un droit d\u2019acc\u00e8s, de rectification, de suppression et d\u2019opposition de ses donn\u00e9es personnelles. L\u2019Utilisateur exerce ce droit : \u00b7 via son espace personnel ;<br><\/p>\n\n\n\n<p><strong>ARTICLE 5 : Cookies<\/strong><\/p>\n\n\n\n<p>L\u2019Utilisateur est inform\u00e9 que lors de ses visites sur le site, un cookie peut s\u2019installer automatiquement sur son logiciel de navigation.<\/p>\n\n\n\n<p>En naviguant sur le site, il les accepte.<\/p>\n\n\n\n<p>Un cookie est un \u00e9l\u00e9ment qui ne permet pas d\u2019identifier l\u2019Utilisateur mais sert \u00e0 enregistrer des informations relatives \u00e0 la navigation de celui-ci sur le site Internet. L\u2019Utilisateur pourra d\u00e9sactiver ce cookie par l\u2019interm\u00e9diaire des param\u00e8tres figurant au sein de son logiciel de navigation.<br><\/p>\n\n\n\n<p><strong>ARTICLE 6 : Propri\u00e9t\u00e9 intellectuelle<\/strong><\/p>\n\n\n\n<p>Toute utilisation, reproduction, diffusion, commercialisation, modification de toute ou partie du site HANDMADE-FRANCE.COM, sans autorisation de l\u2019Editeur est prohib\u00e9e et pourra entra\u00een\u00e9e des actions et poursuites judiciaires telles que notamment pr\u00e9vues par le Code de la propri\u00e9t\u00e9 intellectuelle et le Code civil.<\/p>\n\n\n\n<p>Pour plus d\u2019informations, se reporter aux CGU du site HANDMADE-FRANCE.COM accessible \u00e0 la rubrique\u00ab CGU \u00bb.<\/p>\n","protected":false},"excerpt":{"rendered":"<p>Mentions l\u00e9gales en vigueur au 01\/03\/2024 Conform\u00e9ment aux dispositions des Articles 6-III et 19 de la Loi n\u00b02004-575 du 21 juin 2004 pour la Confiance dans l\u2019\u00e9conomie num\u00e9rique, dite L.C.E.N., il est port\u00e9 \u00e0 la connaissance des Utilisateurs du site HANDMADE-FRANCE.COM sis 2 rue John Glenn &#8211; B\u00e2t D Appt&#8230;<\/p>\n<p> <a class=\"continue-reading-link\" href=\"https:\/\/services-administracom.alwaysdata.net\/wp-content\/uploads\/sites\/labracelerie\/mentions-legales\/\"><span>Lire la Suite<\/span><i class=\"crycon-right-dir\"><\/i><\/a> <\/p>\n","protected":false},"author":1,"featured_media":0,"parent":0,"menu_order":0,"comment_status":"closed","ping_status":"closed","template":"","meta":{"footnotes":""},"class_list":["post-2012","page","type-page","status-publish","hentry"],"jetpack_sharing_enabled":true,"_links":{"self":[{"href":"https:\/\/services-administracom.alwaysdata.net\/wp-content\/uploads\/sites\/labracelerie\/wp-json\/wp\/v2\/pages\/2012","targetHints":{"allow":["GET"]}}],"collection":[{"href":"https:\/\/services-administracom.alwaysdata.net\/wp-content\/uploads\/sites\/labracelerie\/wp-json\/wp\/v2\/pages"}],"about":[{"href":"https:\/\/services-administracom.alwaysdata.net\/wp-content\/uploads\/sites\/labracelerie\/wp-json\/wp\/v2\/types\/page"}],"author":[{"embeddable":true,"href":"https:\/\/services-administracom.alwaysdata.net\/wp-content\/uploads\/sites\/labracelerie\/wp-json\/wp\/v2\/users\/1"}],"replies":[{"embeddable":true,"href":"https:\/\/services-administracom.alwaysdata.net\/wp-content\/uploads\/sites\/labracelerie\/wp-json\/wp\/v2\/comments?post=2012"}],"version-history":[{"count":2,"href":"https:\/\/services-administracom.alwaysdata.net\/wp-content\/uploads\/sites\/labracelerie\/wp-json\/wp\/v2\/pages\/2012\/revisions"}],"predecessor-version":[{"id":2015,"href":"https:\/\/services-administracom.alwaysdata.net\/wp-content\/uploads\/sites\/labracelerie\/wp-json\/wp\/v2\/pages\/2012\/revisions\/2015"}],"wp:attachment":[{"href":"https:\/\/services-administracom.alwaysdata.net\/wp-content\/uploads\/sites\/labracelerie\/wp-json\/wp\/v2\/media?parent=2012"}],"curies":[{"name":"wp","href":"https:\/\/api.w.org\/{rel}","templated":true}]}}