{"id":2459,"date":"2025-01-19T17:53:05","date_gmt":"2025-01-19T16:53:05","guid":{"rendered":"https:\/\/services-administracom.alwaysdata.net\/wp-content\/uploads\/sites\/labracelerie\/?page_id=2459"},"modified":"2025-01-21T00:18:06","modified_gmt":"2025-01-20T23:18:06","slug":"qui-suis-je","status":"publish","type":"page","link":"https:\/\/services-administracom.alwaysdata.net\/wp-content\/uploads\/sites\/labracelerie\/qui-suis-je\/","title":{"rendered":"QUI SUIS-JE"},"content":{"rendered":"<div class=\"wp-block-image is-style-default\">\n<figure class=\"alignright size-large is-resized\"><img loading=\"lazy\" decoding=\"async\" width=\"724\" height=\"1024\" src=\"https:\/\/services-administracom.alwaysdata.net\/wp-content\/uploads\/sites\/labracelerie\/wp-content\/uploads\/2025\/01\/Beige-and-Brown-Scrapbook-Photo-Collage-2024-Vision-Board-Poster-724x1024.png\" alt=\"\" class=\"wp-image-2472\" style=\"width:321px;height:auto\" srcset=\"https:\/\/services-administracom.alwaysdata.net\/wp-content\/uploads\/sites\/labracelerie\/wp-content\/uploads\/2025\/01\/Beige-and-Brown-Scrapbook-Photo-Collage-2024-Vision-Board-Poster-724x1024.png 724w, https:\/\/services-administracom.alwaysdata.net\/wp-content\/uploads\/sites\/labracelerie\/wp-content\/uploads\/2025\/01\/Beige-and-Brown-Scrapbook-Photo-Collage-2024-Vision-Board-Poster-212x300.png 212w, https:\/\/services-administracom.alwaysdata.net\/wp-content\/uploads\/sites\/labracelerie\/wp-content\/uploads\/2025\/01\/Beige-and-Brown-Scrapbook-Photo-Collage-2024-Vision-Board-Poster-768x1086.png 768w, https:\/\/services-administracom.alwaysdata.net\/wp-content\/uploads\/sites\/labracelerie\/wp-content\/uploads\/2025\/01\/Beige-and-Brown-Scrapbook-Photo-Collage-2024-Vision-Board-Poster-1086x1536.png 1086w, https:\/\/services-administracom.alwaysdata.net\/wp-content\/uploads\/sites\/labracelerie\/wp-content\/uploads\/2025\/01\/Beige-and-Brown-Scrapbook-Photo-Collage-2024-Vision-Board-Poster-1448x2048.png 1448w, https:\/\/services-administracom.alwaysdata.net\/wp-content\/uploads\/sites\/labracelerie\/wp-content\/uploads\/2025\/01\/Beige-and-Brown-Scrapbook-Photo-Collage-2024-Vision-Board-Poster-106x150.png 106w, https:\/\/services-administracom.alwaysdata.net\/wp-content\/uploads\/sites\/labracelerie\/wp-content\/uploads\/2025\/01\/Beige-and-Brown-Scrapbook-Photo-Collage-2024-Vision-Board-Poster-1320x1867.png 1320w, https:\/\/services-administracom.alwaysdata.net\/wp-content\/uploads\/sites\/labracelerie\/wp-content\/uploads\/2025\/01\/Beige-and-Brown-Scrapbook-Photo-Collage-2024-Vision-Board-Poster-600x849.png 600w, https:\/\/services-administracom.alwaysdata.net\/wp-content\/uploads\/sites\/labracelerie\/wp-content\/uploads\/2025\/01\/Beige-and-Brown-Scrapbook-Photo-Collage-2024-Vision-Board-Poster.png 1587w\" sizes=\"auto, (max-width: 724px) 100vw, 724px\" \/><\/figure>\n<\/div>\n\n\n<figure class=\"wp-block-image size-large is-resized is-style-rounded\"><img loading=\"lazy\" decoding=\"async\" width=\"1024\" height=\"695\" src=\"https:\/\/services-administracom.alwaysdata.net\/wp-content\/uploads\/sites\/labracelerie\/wp-content\/uploads\/2025\/01\/15-1024x695.jpg\" alt=\"\" class=\"wp-image-2532\" style=\"width:401px;height:auto\" srcset=\"https:\/\/services-administracom.alwaysdata.net\/wp-content\/uploads\/sites\/labracelerie\/wp-content\/uploads\/2025\/01\/15-1024x695.jpg 1024w, https:\/\/services-administracom.alwaysdata.net\/wp-content\/uploads\/sites\/labracelerie\/wp-content\/uploads\/2025\/01\/15-300x204.jpg 300w, https:\/\/services-administracom.alwaysdata.net\/wp-content\/uploads\/sites\/labracelerie\/wp-content\/uploads\/2025\/01\/15-768x521.jpg 768w, https:\/\/services-administracom.alwaysdata.net\/wp-content\/uploads\/sites\/labracelerie\/wp-content\/uploads\/2025\/01\/15-1536x1042.jpg 1536w, https:\/\/services-administracom.alwaysdata.net\/wp-content\/uploads\/sites\/labracelerie\/wp-content\/uploads\/2025\/01\/15-150x102.jpg 150w, https:\/\/services-administracom.alwaysdata.net\/wp-content\/uploads\/sites\/labracelerie\/wp-content\/uploads\/2025\/01\/15-1320x896.jpg 1320w, https:\/\/services-administracom.alwaysdata.net\/wp-content\/uploads\/sites\/labracelerie\/wp-content\/uploads\/2025\/01\/15-600x407.jpg 600w, https:\/\/services-administracom.alwaysdata.net\/wp-content\/uploads\/sites\/labracelerie\/wp-content\/uploads\/2025\/01\/15.jpg 1662w\" sizes=\"auto, (max-width: 1024px) 100vw, 1024px\" \/><\/figure>\n\n\n\n<p>Audrey, Secr\u00e9taire Assistante Polyvalente en reconversion professionnelle, j&rsquo;exerce \u00e0 pr\u00e9sent le m\u00e9tier de cr\u00e9atrice de bijoux fantaisies. J&rsquo;ai d\u00e9couvert l&rsquo;univers des m\u00e9tiers de l&rsquo;art du tissage en autodidacte au travers d&rsquo;un ouvrage qui traite des techniques de tissage de bracelets br\u00e9siliens. Je me suis passionn\u00e9e pour cet art et j&rsquo;ai commenc\u00e9 \u00e0 cr\u00e9er une collection. Mon attrait pour cette pratique n&rsquo;a cess\u00e9 de grandir et je me suis immerg\u00e9e totalement dans ce monde peupl\u00e9 de perles, de fils, de laine, de mati\u00e8res et de textures qui \u00e9veillent les sens et d\u00e9veloppent le g\u00e9nie cr\u00e9atif pr\u00e9sent en chacun de nous.<\/p>\n\n\n\n<p>Apr\u00e8s ces ann\u00e9es d&rsquo;apprentissage et de travail accomplis, j&rsquo;ai envisag\u00e9 la possibilit\u00e9 de vivre de cette activit\u00e9 et j&rsquo;ai cr\u00e9\u00e9 ma boutique en ligne Handmade France Bijoux Fantaisies qui a vu le jour le 01 mars 2024. <\/p>\n\n\n\n<p>C&rsquo;est une nouvelle page de ma vie qui s&rsquo;ouvre. J&rsquo;\u00e9cris ce nouveau chapitre pleine d&rsquo;enthousiasme,d&rsquo;entrain et d&rsquo;ambition pour tenter de cr\u00e9er des mod\u00e8les de bijoux originaux remplis de mon esprit artistique et de mon amour de l&rsquo;art sous toutes ses formes.<\/p>\n\n\n\n<p> Le site s&rsquo;articule autour de collections porte-bonheur, de voeux, d&rsquo;amiti\u00e9, femmes, hommes, enfants, lithoth\u00e9rapeutique, kumihimo, macram\u00e9, crochet, brick and stitch, plage que je vous invite \u00e0 effeuiller pour d\u00e9couvrir toutes mes cr\u00e9ations.<\/p>\n\n\n\n<p>Tous les mod\u00e8les sont cr\u00e9\u00e9s artisanalement \u00e0 partir de petits m\u00e9tiers \u00e0 tisser pour les collections en tissu (kumihimo, br\u00e9silien), les collections p\u00e2te polym\u00e8re et r\u00e9sine \u00e9poxy sont \u00e9galement cr\u00e9\u00e9es de fa\u00e7on artisanale \u00e0 partir de diverses techniques pour r\u00e9aliser des motifs et des textures uniques.<\/p>\n\n\n<div class=\"wp-block-image\">\n<figure class=\"alignright size-large is-resized\"><img loading=\"lazy\" decoding=\"async\" width=\"1024\" height=\"1024\" src=\"https:\/\/services-administracom.alwaysdata.net\/wp-content\/uploads\/sites\/labracelerie\/wp-content\/uploads\/2025\/01\/chakra-1024x1024.png\" alt=\"\" class=\"wp-image-2477\" style=\"width:395px;height:auto\" srcset=\"https:\/\/services-administracom.alwaysdata.net\/wp-content\/uploads\/sites\/labracelerie\/wp-content\/uploads\/2025\/01\/chakra-1024x1024.png 1024w, https:\/\/services-administracom.alwaysdata.net\/wp-content\/uploads\/sites\/labracelerie\/wp-content\/uploads\/2025\/01\/chakra-300x300.png 300w, https:\/\/services-administracom.alwaysdata.net\/wp-content\/uploads\/sites\/labracelerie\/wp-content\/uploads\/2025\/01\/chakra-150x150.png 150w, https:\/\/services-administracom.alwaysdata.net\/wp-content\/uploads\/sites\/labracelerie\/wp-content\/uploads\/2025\/01\/chakra-768x768.png 768w, https:\/\/services-administracom.alwaysdata.net\/wp-content\/uploads\/sites\/labracelerie\/wp-content\/uploads\/2025\/01\/chakra-600x600.png 600w, https:\/\/services-administracom.alwaysdata.net\/wp-content\/uploads\/sites\/labracelerie\/wp-content\/uploads\/2025\/01\/chakra-100x100.png 100w, https:\/\/services-administracom.alwaysdata.net\/wp-content\/uploads\/sites\/labracelerie\/wp-content\/uploads\/2025\/01\/chakra.png 1080w\" sizes=\"auto, (max-width: 1024px) 100vw, 1024px\" \/><figcaption class=\"wp-element-caption\">Technique de tissage \u00e0 la Br\u00e9silienne<\/figcaption><\/figure>\n<\/div>\n\n<div class=\"wp-block-image\">\n<figure class=\"alignright size-large is-resized\"><img loading=\"lazy\" decoding=\"async\" width=\"1024\" height=\"1024\" src=\"https:\/\/services-administracom.alwaysdata.net\/wp-content\/uploads\/sites\/labracelerie\/wp-content\/uploads\/2025\/01\/Copie-de-Copie-de-Copie-de-Copie-de-Beige-New-Collection-Jewelry-Instagram-Post-1024x1024.png\" alt=\"\" class=\"wp-image-2476\" style=\"width:388px;height:auto\" srcset=\"https:\/\/services-administracom.alwaysdata.net\/wp-content\/uploads\/sites\/labracelerie\/wp-content\/uploads\/2025\/01\/Copie-de-Copie-de-Copie-de-Copie-de-Beige-New-Collection-Jewelry-Instagram-Post-1024x1024.png 1024w, https:\/\/services-administracom.alwaysdata.net\/wp-content\/uploads\/sites\/labracelerie\/wp-content\/uploads\/2025\/01\/Copie-de-Copie-de-Copie-de-Copie-de-Beige-New-Collection-Jewelry-Instagram-Post-300x300.png 300w, https:\/\/services-administracom.alwaysdata.net\/wp-content\/uploads\/sites\/labracelerie\/wp-content\/uploads\/2025\/01\/Copie-de-Copie-de-Copie-de-Copie-de-Beige-New-Collection-Jewelry-Instagram-Post-150x150.png 150w, https:\/\/services-administracom.alwaysdata.net\/wp-content\/uploads\/sites\/labracelerie\/wp-content\/uploads\/2025\/01\/Copie-de-Copie-de-Copie-de-Copie-de-Beige-New-Collection-Jewelry-Instagram-Post-768x768.png 768w, https:\/\/services-administracom.alwaysdata.net\/wp-content\/uploads\/sites\/labracelerie\/wp-content\/uploads\/2025\/01\/Copie-de-Copie-de-Copie-de-Copie-de-Beige-New-Collection-Jewelry-Instagram-Post-600x600.png 600w, https:\/\/services-administracom.alwaysdata.net\/wp-content\/uploads\/sites\/labracelerie\/wp-content\/uploads\/2025\/01\/Copie-de-Copie-de-Copie-de-Copie-de-Beige-New-Collection-Jewelry-Instagram-Post-100x100.png 100w, https:\/\/services-administracom.alwaysdata.net\/wp-content\/uploads\/sites\/labracelerie\/wp-content\/uploads\/2025\/01\/Copie-de-Copie-de-Copie-de-Copie-de-Beige-New-Collection-Jewelry-Instagram-Post.png 1080w\" sizes=\"auto, (max-width: 1024px) 100vw, 1024px\" \/><figcaption class=\"wp-element-caption\">Cr\u00e9ation en r\u00e9sine Epoxy et tissage Brick and stitch<\/figcaption><\/figure>\n<\/div>\n\n\n<p>Rendez vous sur les r\u00e9seaux sociaux pour d\u00e9couvrir toutes les nouveaut\u00e9s de la boutique et partager ensemble. <\/p>\n\n\n\n<ul class=\"wp-block-social-links is-layout-flex wp-block-social-links-is-layout-flex\"><li class=\"wp-social-link wp-social-link-facebook  wp-block-social-link\"><a rel=\"noopener nofollow\" target=\"_blank\" href=\"https:\/\/www.facebook.com\/profile.php?id=61557207926306\" class=\"wp-block-social-link-anchor\"><svg width=\"24\" height=\"24\" viewBox=\"0 0 24 24\" version=\"1.1\" xmlns=\"http:\/\/www.w3.org\/2000\/svg\" aria-hidden=\"true\" focusable=\"false\"><path d=\"M12 2C6.5 2 2 6.5 2 12c0 5 3.7 9.1 8.4 9.9v-7H7.9V12h2.5V9.8c0-2.5 1.5-3.9 3.8-3.9 1.1 0 2.2.2 2.2.2v2.5h-1.3c-1.2 0-1.6.8-1.6 1.6V12h2.8l-.4 2.9h-2.3v7C18.3 21.1 22 17 22 12c0-5.5-4.5-10-10-10z\"><\/path><\/svg><span class=\"wp-block-social-link-label screen-reader-text\">Facebook<\/span><\/a><\/li>\n\n<li class=\"wp-social-link wp-social-link-instagram  wp-block-social-link\"><a rel=\"noopener nofollow\" target=\"_blank\" href=\"https:\/\/www.instagram.com\/handmadefrance.com56700bijoux\/\" class=\"wp-block-social-link-anchor\"><svg width=\"24\" height=\"24\" viewBox=\"0 0 24 24\" version=\"1.1\" xmlns=\"http:\/\/www.w3.org\/2000\/svg\" aria-hidden=\"true\" focusable=\"false\"><path d=\"M12,4.622c2.403,0,2.688,0.009,3.637,0.052c0.877,0.04,1.354,0.187,1.671,0.31c0.42,0.163,0.72,0.358,1.035,0.673 c0.315,0.315,0.51,0.615,0.673,1.035c0.123,0.317,0.27,0.794,0.31,1.671c0.043,0.949,0.052,1.234,0.052,3.637 s-0.009,2.688-0.052,3.637c-0.04,0.877-0.187,1.354-0.31,1.671c-0.163,0.42-0.358,0.72-0.673,1.035 c-0.315,0.315-0.615,0.51-1.035,0.673c-0.317,0.123-0.794,0.27-1.671,0.31c-0.949,0.043-1.233,0.052-3.637,0.052 s-2.688-0.009-3.637-0.052c-0.877-0.04-1.354-0.187-1.671-0.31c-0.42-0.163-0.72-0.358-1.035-0.673 c-0.315-0.315-0.51-0.615-0.673-1.035c-0.123-0.317-0.27-0.794-0.31-1.671C4.631,14.688,4.622,14.403,4.622,12 s0.009-2.688,0.052-3.637c0.04-0.877,0.187-1.354,0.31-1.671c0.163-0.42,0.358-0.72,0.673-1.035 c0.315-0.315,0.615-0.51,1.035-0.673c0.317-0.123,0.794-0.27,1.671-0.31C9.312,4.631,9.597,4.622,12,4.622 M12,3 C9.556,3,9.249,3.01,8.289,3.054C7.331,3.098,6.677,3.25,6.105,3.472C5.513,3.702,5.011,4.01,4.511,4.511 c-0.5,0.5-0.808,1.002-1.038,1.594C3.25,6.677,3.098,7.331,3.054,8.289C3.01,9.249,3,9.556,3,12c0,2.444,0.01,2.751,0.054,3.711 c0.044,0.958,0.196,1.612,0.418,2.185c0.23,0.592,0.538,1.094,1.038,1.594c0.5,0.5,1.002,0.808,1.594,1.038 c0.572,0.222,1.227,0.375,2.185,0.418C9.249,20.99,9.556,21,12,21s2.751-0.01,3.711-0.054c0.958-0.044,1.612-0.196,2.185-0.418 c0.592-0.23,1.094-0.538,1.594-1.038c0.5-0.5,0.808-1.002,1.038-1.594c0.222-0.572,0.375-1.227,0.418-2.185 C20.99,14.751,21,14.444,21,12s-0.01-2.751-0.054-3.711c-0.044-0.958-0.196-1.612-0.418-2.185c-0.23-0.592-0.538-1.094-1.038-1.594 c-0.5-0.5-1.002-0.808-1.594-1.038c-0.572-0.222-1.227-0.375-2.185-0.418C14.751,3.01,14.444,3,12,3L12,3z M12,7.378 c-2.552,0-4.622,2.069-4.622,4.622S9.448,16.622,12,16.622s4.622-2.069,4.622-4.622S14.552,7.378,12,7.378z M12,15 c-1.657,0-3-1.343-3-3s1.343-3,3-3s3,1.343,3,3S13.657,15,12,15z M16.804,6.116c-0.596,0-1.08,0.484-1.08,1.08 s0.484,1.08,1.08,1.08c0.596,0,1.08-0.484,1.08-1.08S17.401,6.116,16.804,6.116z\"><\/path><\/svg><span class=\"wp-block-social-link-label screen-reader-text\">Instagram<\/span><\/a><\/li>\n\n<li class=\"wp-social-link wp-social-link-twitter  wp-block-social-link\"><a rel=\"noopener nofollow\" target=\"_blank\" href=\"https:\/\/twitter.com\/handmade_france\" class=\"wp-block-social-link-anchor\"><svg width=\"24\" height=\"24\" viewBox=\"0 0 24 24\" version=\"1.1\" xmlns=\"http:\/\/www.w3.org\/2000\/svg\" aria-hidden=\"true\" focusable=\"false\"><path d=\"M22.23,5.924c-0.736,0.326-1.527,0.547-2.357,0.646c0.847-0.508,1.498-1.312,1.804-2.27 c-0.793,0.47-1.671,0.812-2.606,0.996C18.324,4.498,17.257,4,16.077,4c-2.266,0-4.103,1.837-4.103,4.103 c0,0.322,0.036,0.635,0.106,0.935C8.67,8.867,5.647,7.234,3.623,4.751C3.27,5.357,3.067,6.062,3.067,6.814 c0,1.424,0.724,2.679,1.825,3.415c-0.673-0.021-1.305-0.206-1.859-0.513c0,0.017,0,0.034,0,0.052c0,1.988,1.414,3.647,3.292,4.023 c-0.344,0.094-0.707,0.144-1.081,0.144c-0.264,0-0.521-0.026-0.772-0.074c0.522,1.63,2.038,2.816,3.833,2.85 c-1.404,1.1-3.174,1.756-5.096,1.756c-0.331,0-0.658-0.019-0.979-0.057c1.816,1.164,3.973,1.843,6.29,1.843 c7.547,0,11.675-6.252,11.675-11.675c0-0.178-0.004-0.355-0.012-0.531C20.985,7.47,21.68,6.747,22.23,5.924z\"><\/path><\/svg><span class=\"wp-block-social-link-label screen-reader-text\">Twitter<\/span><\/a><\/li><\/ul>\n","protected":false},"excerpt":{"rendered":"<p>Audrey, Secr\u00e9taire Assistante Polyvalente en reconversion professionnelle, j&rsquo;exerce \u00e0 pr\u00e9sent le m\u00e9tier de cr\u00e9atrice de bijoux fantaisies. J&rsquo;ai d\u00e9couvert l&rsquo;univers des m\u00e9tiers de l&rsquo;art du tissage en autodidacte au travers d&rsquo;un ouvrage qui traite des techniques de tissage de bracelets br\u00e9siliens. Je me suis passionn\u00e9e pour cet art et j&rsquo;ai&#8230;<\/p>\n<p> <a class=\"continue-reading-link\" href=\"https:\/\/services-administracom.alwaysdata.net\/wp-content\/uploads\/sites\/labracelerie\/qui-suis-je\/\"><span>Lire la Suite<\/span><i class=\"crycon-right-dir\"><\/i><\/a> <\/p>\n","protected":false},"author":1,"featured_media":0,"parent":0,"menu_order":0,"comment_status":"closed","ping_status":"closed","template":"","meta":{"footnotes":""},"class_list":["post-2459","page","type-page","status-publish","hentry"],"jetpack_sharing_enabled":true,"_links":{"self":[{"href":"https:\/\/services-administracom.alwaysdata.net\/wp-content\/uploads\/sites\/labracelerie\/wp-json\/wp\/v2\/pages\/2459","targetHints":{"allow":["GET"]}}],"collection":[{"href":"https:\/\/services-administracom.alwaysdata.net\/wp-content\/uploads\/sites\/labracelerie\/wp-json\/wp\/v2\/pages"}],"about":[{"href":"https:\/\/services-administracom.alwaysdata.net\/wp-content\/uploads\/sites\/labracelerie\/wp-json\/wp\/v2\/types\/page"}],"author":[{"embeddable":true,"href":"https:\/\/services-administracom.alwaysdata.net\/wp-content\/uploads\/sites\/labracelerie\/wp-json\/wp\/v2\/users\/1"}],"replies":[{"embeddable":true,"href":"https:\/\/services-administracom.alwaysdata.net\/wp-content\/uploads\/sites\/labracelerie\/wp-json\/wp\/v2\/comments?post=2459"}],"version-history":[{"count":31,"href":"https:\/\/services-administracom.alwaysdata.net\/wp-content\/uploads\/sites\/labracelerie\/wp-json\/wp\/v2\/pages\/2459\/revisions"}],"predecessor-version":[{"id":2534,"href":"https:\/\/services-administracom.alwaysdata.net\/wp-content\/uploads\/sites\/labracelerie\/wp-json\/wp\/v2\/pages\/2459\/revisions\/2534"}],"wp:attachment":[{"href":"https:\/\/services-administracom.alwaysdata.net\/wp-content\/uploads\/sites\/labracelerie\/wp-json\/wp\/v2\/media?parent=2459"}],"curies":[{"name":"wp","href":"https:\/\/api.w.org\/{rel}","templated":true}]}}