{"id":1217,"date":"2022-12-19T16:20:21","date_gmt":"2022-12-19T15:20:21","guid":{"rendered":"https:\/\/services-administracom.alwaysdata.net\/wp-content\/uploads\/sites\/labracelerie\/?post_type=product&#038;p=1217"},"modified":"2023-09-21T18:29:17","modified_gmt":"2023-09-21T16:29:17","slug":"milles-fleurs","status":"publish","type":"product","link":"https:\/\/services-administracom.alwaysdata.net\/wp-content\/uploads\/sites\/labracelerie\/produit\/milles-fleurs\/","title":{"rendered":"MILLES FLEURS"},"content":{"rendered":"","protected":false},"excerpt":{"rendered":"<p>Milles fleurs est une parure compos\u00e9e d&rsquo;un bracelet manchettet d&rsquo;un pendentif et d&rsquo;une paire de boucles d&rsquo;oreilles r\u00e9alis\u00e9s artisanalement avec de la r\u00e9sine \u00e9poxy et des fleurs s\u00e9ch\u00e9es.<br \/>\n&#8211; la manchette en r\u00e9sine \u00e9poxy (18,5 cm x 3 cm x 0,5) 36 gr<br \/>\n&#8211; le pendentif en r\u00e9sine \u00e9poxy est assorti d&rsquo;un cordon en toile cir\u00e9 muni d&rsquo;un fermoir homard et d&rsquo;une cha\u00eenette pour ajuster la taille en m\u00e9tal argent\u00e9 15 gr<\/p>\n<p>&#8211; les boucles d&rsquo;oreilles en r\u00e9sine \u00e9poxy munies de crochets en m\u00e9tal argent\u00e9<br \/>\nUne parure toute en l\u00e9g\u00e8ret\u00e9 et en transparence. Id\u00e9ale pour se cr\u00e9er des looks \u00ab\u00a0boh\u00e8me chic\u00a0\u00bb<\/p>\n<p>PS= la parure peut pr\u00e9senter des irr\u00e9gularit\u00e9s non visibles sur les photos.<\/p>\n<p> <a class=\"continue-reading-link\" href=\"https:\/\/services-administracom.alwaysdata.net\/wp-content\/uploads\/sites\/labracelerie\/produit\/milles-fleurs\/\"><span>Lire la Suite<\/span><i class=\"crycon-right-dir\"><\/i><\/a> <\/p>\n","protected":false},"featured_media":1701,"comment_status":"open","ping_status":"closed","template":"","meta":[],"product_brand":[],"product_cat":[320,184],"product_tag":[324,189,325],"class_list":{"0":"post-1217","1":"product","2":"type-product","3":"status-publish","4":"has-post-thumbnail","6":"product_cat-manchette","7":"product_cat-parures","8":"product_tag-milles-fleurs","9":"product_tag-parure","10":"product_tag-resine","12":"first","13":"instock","14":"sold-individually","15":"shipping-taxable","16":"purchasable","17":"product-type-simple"},"jetpack_sharing_enabled":true,"_links":{"self":[{"href":"https:\/\/services-administracom.alwaysdata.net\/wp-content\/uploads\/sites\/labracelerie\/wp-json\/wp\/v2\/product\/1217","targetHints":{"allow":["GET"]}}],"collection":[{"href":"https:\/\/services-administracom.alwaysdata.net\/wp-content\/uploads\/sites\/labracelerie\/wp-json\/wp\/v2\/product"}],"about":[{"href":"https:\/\/services-administracom.alwaysdata.net\/wp-content\/uploads\/sites\/labracelerie\/wp-json\/wp\/v2\/types\/product"}],"replies":[{"embeddable":true,"href":"https:\/\/services-administracom.alwaysdata.net\/wp-content\/uploads\/sites\/labracelerie\/wp-json\/wp\/v2\/comments?post=1217"}],"wp:featuredmedia":[{"embeddable":true,"href":"https:\/\/services-administracom.alwaysdata.net\/wp-content\/uploads\/sites\/labracelerie\/wp-json\/wp\/v2\/media\/1701"}],"wp:attachment":[{"href":"https:\/\/services-administracom.alwaysdata.net\/wp-content\/uploads\/sites\/labracelerie\/wp-json\/wp\/v2\/media?parent=1217"}],"wp:term":[{"taxonomy":"product_brand","embeddable":true,"href":"https:\/\/services-administracom.alwaysdata.net\/wp-content\/uploads\/sites\/labracelerie\/wp-json\/wp\/v2\/product_brand?post=1217"},{"taxonomy":"product_cat","embeddable":true,"href":"https:\/\/services-administracom.alwaysdata.net\/wp-content\/uploads\/sites\/labracelerie\/wp-json\/wp\/v2\/product_cat?post=1217"},{"taxonomy":"product_tag","embeddable":true,"href":"https:\/\/services-administracom.alwaysdata.net\/wp-content\/uploads\/sites\/labracelerie\/wp-json\/wp\/v2\/product_tag?post=1217"}],"curies":[{"name":"wp","href":"https:\/\/api.w.org\/{rel}","templated":true}]}}