{"id":1280,"date":"2023-01-28T18:48:49","date_gmt":"2023-01-28T17:48:49","guid":{"rendered":"https:\/\/services-administracom.alwaysdata.net\/wp-content\/uploads\/sites\/labracelerie\/?post_type=product&#038;p=1280"},"modified":"2023-11-14T17:57:41","modified_gmt":"2023-11-14T16:57:41","slug":"psychedelique","status":"publish","type":"product","link":"https:\/\/services-administracom.alwaysdata.net\/wp-content\/uploads\/sites\/labracelerie\/produit\/psychedelique\/","title":{"rendered":"PSYCHEDELIQUE"},"content":{"rendered":"","protected":false},"excerpt":{"rendered":"<p>Psych\u00e9d\u00e9lique est une parure confectionn\u00e9e artisanalement, elle se compose :<br \/>\n&#8211; d&rsquo;une manchette (Poids 34gr Hauteur 6 cm Epaisseur 0,5 cm) en r\u00e9sine \u00e9poxy<br \/>\n&#8211; d&rsquo;un choker en dentelle avec un noeud papillon tissage technique brick and stitch fermoir en m\u00e9tal argent\u00e9 (Poids 6gr longueur 30 cm + cha\u00eenette x Hauteur 1,8 x Epaisseur 0,2 cm)<br \/>\n&#8211; Boucles d&rsquo;oreilles (Poids total 3 gr Hauteur 8,4 cm) cha\u00eenettes en m\u00e9tal argent\u00e9 orn\u00e9es de noeuds papillon tissage brick and stitch<\/p>\n<p>&nbsp;<\/p>\n<p> <a class=\"continue-reading-link\" href=\"https:\/\/services-administracom.alwaysdata.net\/wp-content\/uploads\/sites\/labracelerie\/produit\/psychedelique\/\"><span>Lire la Suite<\/span><i class=\"crycon-right-dir\"><\/i><\/a> <\/p>\n","protected":false},"featured_media":1806,"comment_status":"open","ping_status":"closed","template":"","meta":[],"product_brand":[],"product_cat":[321,320,184],"product_tag":[319,337,334],"class_list":{"0":"post-1280","1":"product","2":"type-product","3":"status-publish","4":"has-post-thumbnail","6":"product_cat-brick-and-stitch","7":"product_cat-manchette","8":"product_cat-parures","9":"product_tag-brick-and-stitch","10":"product_tag-psychedelique","11":"product_tag-resine-epoxy","13":"first","14":"instock","15":"sold-individually","16":"shipping-taxable","17":"purchasable","18":"product-type-simple"},"jetpack_sharing_enabled":true,"_links":{"self":[{"href":"https:\/\/services-administracom.alwaysdata.net\/wp-content\/uploads\/sites\/labracelerie\/wp-json\/wp\/v2\/product\/1280","targetHints":{"allow":["GET"]}}],"collection":[{"href":"https:\/\/services-administracom.alwaysdata.net\/wp-content\/uploads\/sites\/labracelerie\/wp-json\/wp\/v2\/product"}],"about":[{"href":"https:\/\/services-administracom.alwaysdata.net\/wp-content\/uploads\/sites\/labracelerie\/wp-json\/wp\/v2\/types\/product"}],"replies":[{"embeddable":true,"href":"https:\/\/services-administracom.alwaysdata.net\/wp-content\/uploads\/sites\/labracelerie\/wp-json\/wp\/v2\/comments?post=1280"}],"wp:featuredmedia":[{"embeddable":true,"href":"https:\/\/services-administracom.alwaysdata.net\/wp-content\/uploads\/sites\/labracelerie\/wp-json\/wp\/v2\/media\/1806"}],"wp:attachment":[{"href":"https:\/\/services-administracom.alwaysdata.net\/wp-content\/uploads\/sites\/labracelerie\/wp-json\/wp\/v2\/media?parent=1280"}],"wp:term":[{"taxonomy":"product_brand","embeddable":true,"href":"https:\/\/services-administracom.alwaysdata.net\/wp-content\/uploads\/sites\/labracelerie\/wp-json\/wp\/v2\/product_brand?post=1280"},{"taxonomy":"product_cat","embeddable":true,"href":"https:\/\/services-administracom.alwaysdata.net\/wp-content\/uploads\/sites\/labracelerie\/wp-json\/wp\/v2\/product_cat?post=1280"},{"taxonomy":"product_tag","embeddable":true,"href":"https:\/\/services-administracom.alwaysdata.net\/wp-content\/uploads\/sites\/labracelerie\/wp-json\/wp\/v2\/product_tag?post=1280"}],"curies":[{"name":"wp","href":"https:\/\/api.w.org\/{rel}","templated":true}]}}