{"id":1306,"date":"2023-01-28T20:20:27","date_gmt":"2023-01-28T19:20:27","guid":{"rendered":"https:\/\/services-administracom.alwaysdata.net\/wp-content\/uploads\/sites\/labracelerie\/?post_type=product&#038;p=1306"},"modified":"2023-08-26T15:59:16","modified_gmt":"2023-08-26T13:59:16","slug":"chic-choc","status":"publish","type":"product","link":"https:\/\/services-administracom.alwaysdata.net\/wp-content\/uploads\/sites\/labracelerie\/produit\/chic-choc\/","title":{"rendered":"CHIC CHOC"},"content":{"rendered":"","protected":false},"excerpt":{"rendered":"<p>Chic Choc est une parure confectionn\u00e9e artisanalement \u00e0 partir\u00a0 d&rsquo;une technique japonaise de tissage de fils de coton. Elle se compose :<br \/>\n&#8211; d&rsquo;un collier\u00a0 assorti d&rsquo;un pendentif en verre et muni de maillons, d&#8217;embouts et d&rsquo;un fermoir en m\u00e9tal argent\u00e9,<br \/>\n&#8211; d&rsquo;un bracelet\u00a0 muni d&#8217;embouts, d&rsquo;une breloque et d&rsquo;un fermoir en m\u00e9tal argent\u00e9,<br \/>\n&#8211; de boucles d&rsquo;oreilles\u00a0 en r\u00e9sine \u00e9poxy munies de crochets en m\u00e9tal argent\u00e9,<br \/>\nUne parure \u00e9l\u00e9gante aux tons rose, terre de sienne, gr\u00e8ge et cr\u00e8me \u00e0 assortir avec vos tenues.<\/p>\n<p> <a class=\"continue-reading-link\" href=\"https:\/\/services-administracom.alwaysdata.net\/wp-content\/uploads\/sites\/labracelerie\/produit\/chic-choc\/\"><span>Lire la Suite<\/span><i class=\"crycon-right-dir\"><\/i><\/a> <\/p>\n","protected":false},"featured_media":1639,"comment_status":"open","ping_status":"closed","template":"","meta":[],"product_brand":[],"product_cat":[184],"product_tag":[340,276,189],"class_list":{"0":"post-1306","1":"product","2":"type-product","3":"status-publish","4":"has-post-thumbnail","6":"product_cat-parures","7":"product_tag-chic-choc","8":"product_tag-kumihimo","9":"product_tag-parure","11":"first","12":"instock","13":"sold-individually","14":"shipping-taxable","15":"purchasable","16":"product-type-simple"},"jetpack_sharing_enabled":true,"_links":{"self":[{"href":"https:\/\/services-administracom.alwaysdata.net\/wp-content\/uploads\/sites\/labracelerie\/wp-json\/wp\/v2\/product\/1306","targetHints":{"allow":["GET"]}}],"collection":[{"href":"https:\/\/services-administracom.alwaysdata.net\/wp-content\/uploads\/sites\/labracelerie\/wp-json\/wp\/v2\/product"}],"about":[{"href":"https:\/\/services-administracom.alwaysdata.net\/wp-content\/uploads\/sites\/labracelerie\/wp-json\/wp\/v2\/types\/product"}],"replies":[{"embeddable":true,"href":"https:\/\/services-administracom.alwaysdata.net\/wp-content\/uploads\/sites\/labracelerie\/wp-json\/wp\/v2\/comments?post=1306"}],"wp:featuredmedia":[{"embeddable":true,"href":"https:\/\/services-administracom.alwaysdata.net\/wp-content\/uploads\/sites\/labracelerie\/wp-json\/wp\/v2\/media\/1639"}],"wp:attachment":[{"href":"https:\/\/services-administracom.alwaysdata.net\/wp-content\/uploads\/sites\/labracelerie\/wp-json\/wp\/v2\/media?parent=1306"}],"wp:term":[{"taxonomy":"product_brand","embeddable":true,"href":"https:\/\/services-administracom.alwaysdata.net\/wp-content\/uploads\/sites\/labracelerie\/wp-json\/wp\/v2\/product_brand?post=1306"},{"taxonomy":"product_cat","embeddable":true,"href":"https:\/\/services-administracom.alwaysdata.net\/wp-content\/uploads\/sites\/labracelerie\/wp-json\/wp\/v2\/product_cat?post=1306"},{"taxonomy":"product_tag","embeddable":true,"href":"https:\/\/services-administracom.alwaysdata.net\/wp-content\/uploads\/sites\/labracelerie\/wp-json\/wp\/v2\/product_tag?post=1306"}],"curies":[{"name":"wp","href":"https:\/\/api.w.org\/{rel}","templated":true}]}}