{"id":1314,"date":"2023-01-28T20:40:38","date_gmt":"2023-01-28T19:40:38","guid":{"rendered":"https:\/\/services-administracom.alwaysdata.net\/wp-content\/uploads\/sites\/labracelerie\/?post_type=product&#038;p=1314"},"modified":"2024-11-01T21:59:49","modified_gmt":"2024-11-01T20:59:49","slug":"cocci","status":"publish","type":"product","link":"https:\/\/services-administracom.alwaysdata.net\/wp-content\/uploads\/sites\/labracelerie\/produit\/cocci\/","title":{"rendered":"COCCINELLE"},"content":{"rendered":"","protected":false},"excerpt":{"rendered":"<p>Coccinelle est une parure confectionn\u00e9e artisanalement avec une technique japonaise de tissage de fils de coton. Des coccinelles forment le motif de cet ensemble original.<br \/>\nLa parure se compose :<br \/>\n&#8211; d&rsquo;un collier (Longueur 38 cm Hauteur 1 cm) assorti\u00a0 d&rsquo;une coccinelle r\u00e9alis\u00e9e au crochet. Le collier est\u00a0 muni d&#8217;embouts, d&rsquo;un fermoir et d&rsquo;une cha\u00eenette\u00a0 en m\u00e9tal argent\u00e9,<br \/>\n&#8211; d&rsquo;un bracelet ( Longueur 22 cm Hauteur 1 cm) muni\u00a0 d&#8217;embouts, d&rsquo;un fermoir\u00a0 et d&rsquo;une cha\u00eenette en m\u00e9tal argent\u00e9<br \/>\n&#8211; de boucles d&rsquo;oreilles en perles de rocaille motif coccinelle technique brick and stitch\u00a0 muni de crochets en m\u00e9tal argent\u00e9.<\/p>\n<p>Une parure singuli\u00e8re avec un motif porte-bonheur.\u00a0 (Taille unique)<\/p>\n<p> <a class=\"continue-reading-link\" href=\"https:\/\/services-administracom.alwaysdata.net\/wp-content\/uploads\/sites\/labracelerie\/produit\/cocci\/\"><span>Lire la Suite<\/span><i class=\"crycon-right-dir\"><\/i><\/a> <\/p>\n","protected":false},"featured_media":1598,"comment_status":"open","ping_status":"closed","template":"","meta":[],"product_brand":[],"product_cat":[182],"product_tag":[341,276,189],"class_list":{"0":"post-1314","1":"product","2":"type-product","3":"status-publish","4":"has-post-thumbnail","6":"product_cat-collection-femmes","7":"product_tag-cocci","8":"product_tag-kumihimo","9":"product_tag-parure","11":"first","12":"instock","13":"sold-individually","14":"shipping-taxable","15":"purchasable","16":"product-type-simple"},"jetpack_sharing_enabled":true,"_links":{"self":[{"href":"https:\/\/services-administracom.alwaysdata.net\/wp-content\/uploads\/sites\/labracelerie\/wp-json\/wp\/v2\/product\/1314","targetHints":{"allow":["GET"]}}],"collection":[{"href":"https:\/\/services-administracom.alwaysdata.net\/wp-content\/uploads\/sites\/labracelerie\/wp-json\/wp\/v2\/product"}],"about":[{"href":"https:\/\/services-administracom.alwaysdata.net\/wp-content\/uploads\/sites\/labracelerie\/wp-json\/wp\/v2\/types\/product"}],"replies":[{"embeddable":true,"href":"https:\/\/services-administracom.alwaysdata.net\/wp-content\/uploads\/sites\/labracelerie\/wp-json\/wp\/v2\/comments?post=1314"}],"wp:featuredmedia":[{"embeddable":true,"href":"https:\/\/services-administracom.alwaysdata.net\/wp-content\/uploads\/sites\/labracelerie\/wp-json\/wp\/v2\/media\/1598"}],"wp:attachment":[{"href":"https:\/\/services-administracom.alwaysdata.net\/wp-content\/uploads\/sites\/labracelerie\/wp-json\/wp\/v2\/media?parent=1314"}],"wp:term":[{"taxonomy":"product_brand","embeddable":true,"href":"https:\/\/services-administracom.alwaysdata.net\/wp-content\/uploads\/sites\/labracelerie\/wp-json\/wp\/v2\/product_brand?post=1314"},{"taxonomy":"product_cat","embeddable":true,"href":"https:\/\/services-administracom.alwaysdata.net\/wp-content\/uploads\/sites\/labracelerie\/wp-json\/wp\/v2\/product_cat?post=1314"},{"taxonomy":"product_tag","embeddable":true,"href":"https:\/\/services-administracom.alwaysdata.net\/wp-content\/uploads\/sites\/labracelerie\/wp-json\/wp\/v2\/product_tag?post=1314"}],"curies":[{"name":"wp","href":"https:\/\/api.w.org\/{rel}","templated":true}]}}