{"id":1321,"date":"2023-01-28T20:59:49","date_gmt":"2023-01-28T19:59:49","guid":{"rendered":"https:\/\/services-administracom.alwaysdata.net\/wp-content\/uploads\/sites\/labracelerie\/?post_type=product&#038;p=1321"},"modified":"2023-09-25T15:02:20","modified_gmt":"2023-09-25T13:02:20","slug":"coup-de-coeur","status":"publish","type":"product","link":"https:\/\/services-administracom.alwaysdata.net\/wp-content\/uploads\/sites\/labracelerie\/produit\/coup-de-coeur\/","title":{"rendered":"COUP DE COEUR"},"content":{"rendered":"","protected":false},"excerpt":{"rendered":"<p>Coup de coeur est une parure confectionn\u00e9e artisanalement avec une technique japonaise de tissage de fils de coton. Des coeurs forment le motif de cette parure au style romantique. Elle se compose :<br \/>\n&#8211; d&rsquo;un collier\u00a0 assorti d&rsquo;un pendentif en verre et muni d&#8217;embouts, d&rsquo;une cha\u00eenette et d&rsquo;un fermoir en m\u00e9tal argent\u00e9<br \/>\n&#8211; d&rsquo;un bracelet assorti\u00a0 d&#8217;embouts, d&rsquo;une cha\u00eenette, d&rsquo;un fermoir et d&rsquo;une breloque en m\u00e9tal argent\u00e9,<\/p>\n<p>&#8211; de boucles d&rsquo;oreilles en coton r\u00e9alis\u00e9es \u00e0 partir d&rsquo;une technique au crochet assorties de perles de rocaille.<\/p>\n<p>Une parure tout en douceur \u00e0 offrir ou \u00e0 porter pour un look romantique.<\/p>\n<p> <a class=\"continue-reading-link\" href=\"https:\/\/services-administracom.alwaysdata.net\/wp-content\/uploads\/sites\/labracelerie\/produit\/coup-de-coeur\/\"><span>Lire la Suite<\/span><i class=\"crycon-right-dir\"><\/i><\/a> <\/p>\n","protected":false},"featured_media":1614,"comment_status":"open","ping_status":"closed","template":"","meta":[],"product_brand":[],"product_cat":[184],"product_tag":[342,276,189],"class_list":{"0":"post-1321","1":"product","2":"type-product","3":"status-publish","4":"has-post-thumbnail","6":"product_cat-parures","7":"product_tag-coup-de-coeur","8":"product_tag-kumihimo","9":"product_tag-parure","11":"first","12":"instock","13":"sold-individually","14":"shipping-taxable","15":"purchasable","16":"product-type-simple"},"jetpack_sharing_enabled":true,"_links":{"self":[{"href":"https:\/\/services-administracom.alwaysdata.net\/wp-content\/uploads\/sites\/labracelerie\/wp-json\/wp\/v2\/product\/1321","targetHints":{"allow":["GET"]}}],"collection":[{"href":"https:\/\/services-administracom.alwaysdata.net\/wp-content\/uploads\/sites\/labracelerie\/wp-json\/wp\/v2\/product"}],"about":[{"href":"https:\/\/services-administracom.alwaysdata.net\/wp-content\/uploads\/sites\/labracelerie\/wp-json\/wp\/v2\/types\/product"}],"replies":[{"embeddable":true,"href":"https:\/\/services-administracom.alwaysdata.net\/wp-content\/uploads\/sites\/labracelerie\/wp-json\/wp\/v2\/comments?post=1321"}],"wp:featuredmedia":[{"embeddable":true,"href":"https:\/\/services-administracom.alwaysdata.net\/wp-content\/uploads\/sites\/labracelerie\/wp-json\/wp\/v2\/media\/1614"}],"wp:attachment":[{"href":"https:\/\/services-administracom.alwaysdata.net\/wp-content\/uploads\/sites\/labracelerie\/wp-json\/wp\/v2\/media?parent=1321"}],"wp:term":[{"taxonomy":"product_brand","embeddable":true,"href":"https:\/\/services-administracom.alwaysdata.net\/wp-content\/uploads\/sites\/labracelerie\/wp-json\/wp\/v2\/product_brand?post=1321"},{"taxonomy":"product_cat","embeddable":true,"href":"https:\/\/services-administracom.alwaysdata.net\/wp-content\/uploads\/sites\/labracelerie\/wp-json\/wp\/v2\/product_cat?post=1321"},{"taxonomy":"product_tag","embeddable":true,"href":"https:\/\/services-administracom.alwaysdata.net\/wp-content\/uploads\/sites\/labracelerie\/wp-json\/wp\/v2\/product_tag?post=1321"}],"curies":[{"name":"wp","href":"https:\/\/api.w.org\/{rel}","templated":true}]}}