{"id":1406,"date":"2023-04-25T16:00:15","date_gmt":"2023-04-25T14:00:15","guid":{"rendered":"https:\/\/services-administracom.alwaysdata.net\/wp-content\/uploads\/sites\/labracelerie\/?post_type=product&#038;p=1406"},"modified":"2023-04-25T16:15:47","modified_gmt":"2023-04-25T14:15:47","slug":"nova","status":"publish","type":"product","link":"https:\/\/services-administracom.alwaysdata.net\/wp-content\/uploads\/sites\/labracelerie\/produit\/nova\/","title":{"rendered":"NOVA"},"content":{"rendered":"","protected":false},"excerpt":{"rendered":"<p>Nova est une parure pour les enfants. Elle se compose<br \/>\n&#8211; d&rsquo;un bracelet tiss\u00e9 avec des fils en plastique Dim L 15 cm x  l 0,7 x H 0,7,<br \/>\n&#8211; un porte-cl\u00e9s tiss\u00e9 avec des fils en plastique, perles en plastique et support cl\u00e9s en m\u00e9tal argent\u00e9.<br \/>\nPour les enfants \u00e0 partir de 7 ans.<\/p>\n<p> <a class=\"continue-reading-link\" href=\"https:\/\/services-administracom.alwaysdata.net\/wp-content\/uploads\/sites\/labracelerie\/produit\/nova\/\"><span>Lire la Suite<\/span><i class=\"crycon-right-dir\"><\/i><\/a> <\/p>\n","protected":false},"featured_media":1407,"comment_status":"open","ping_status":"closed","template":"","meta":[],"product_brand":[],"product_cat":[181],"product_tag":[353,352],"class_list":{"0":"post-1406","1":"product","2":"type-product","3":"status-publish","4":"has-post-thumbnail","6":"product_cat-collection-enfants","7":"product_tag-collection-enfants","8":"product_tag-nova","10":"first","11":"instock","12":"sold-individually","13":"shipping-taxable","14":"purchasable","15":"product-type-simple"},"jetpack_sharing_enabled":true,"_links":{"self":[{"href":"https:\/\/services-administracom.alwaysdata.net\/wp-content\/uploads\/sites\/labracelerie\/wp-json\/wp\/v2\/product\/1406","targetHints":{"allow":["GET"]}}],"collection":[{"href":"https:\/\/services-administracom.alwaysdata.net\/wp-content\/uploads\/sites\/labracelerie\/wp-json\/wp\/v2\/product"}],"about":[{"href":"https:\/\/services-administracom.alwaysdata.net\/wp-content\/uploads\/sites\/labracelerie\/wp-json\/wp\/v2\/types\/product"}],"replies":[{"embeddable":true,"href":"https:\/\/services-administracom.alwaysdata.net\/wp-content\/uploads\/sites\/labracelerie\/wp-json\/wp\/v2\/comments?post=1406"}],"wp:featuredmedia":[{"embeddable":true,"href":"https:\/\/services-administracom.alwaysdata.net\/wp-content\/uploads\/sites\/labracelerie\/wp-json\/wp\/v2\/media\/1407"}],"wp:attachment":[{"href":"https:\/\/services-administracom.alwaysdata.net\/wp-content\/uploads\/sites\/labracelerie\/wp-json\/wp\/v2\/media?parent=1406"}],"wp:term":[{"taxonomy":"product_brand","embeddable":true,"href":"https:\/\/services-administracom.alwaysdata.net\/wp-content\/uploads\/sites\/labracelerie\/wp-json\/wp\/v2\/product_brand?post=1406"},{"taxonomy":"product_cat","embeddable":true,"href":"https:\/\/services-administracom.alwaysdata.net\/wp-content\/uploads\/sites\/labracelerie\/wp-json\/wp\/v2\/product_cat?post=1406"},{"taxonomy":"product_tag","embeddable":true,"href":"https:\/\/services-administracom.alwaysdata.net\/wp-content\/uploads\/sites\/labracelerie\/wp-json\/wp\/v2\/product_tag?post=1406"}],"curies":[{"name":"wp","href":"https:\/\/api.w.org\/{rel}","templated":true}]}}