{"id":1526,"date":"2023-06-23T19:28:04","date_gmt":"2023-06-23T17:28:04","guid":{"rendered":"https:\/\/services-administracom.alwaysdata.net\/wp-content\/uploads\/sites\/labracelerie\/?post_type=product&#038;p=1526"},"modified":"2024-11-01T21:58:32","modified_gmt":"2024-11-01T20:58:32","slug":"boudoir","status":"publish","type":"product","link":"https:\/\/services-administracom.alwaysdata.net\/wp-content\/uploads\/sites\/labracelerie\/produit\/boudoir\/","title":{"rendered":"BOUDOIR"},"content":{"rendered":"","protected":false},"excerpt":{"rendered":"<p>Boudoir est une parure confectionn\u00e9e artisanalement, elle se compose<br \/>\n&#8211; d&rsquo;un bracelet kumihimo tiss\u00e9 avec des perles synth\u00e9tiques assorti d&#8217;embouts, d&rsquo;une cha\u00eenette et d&rsquo;un fermoir en m\u00e9tal argent\u00e9 ,<br \/>\n&#8211; d&rsquo;un collier muni d&rsquo;un pendentif fantaisie serti avec une technique macram\u00e9 assorti de perles synth\u00e9tiques et d&rsquo;un fermoir coulissant<br \/>\n&#8211; de boucles d&rsquo;oreilles en r\u00e9sine \u00e9poxy munies de crochets en m\u00e9tal argent\u00e9,<\/p>\n<p>Une parure boh\u00e8me romantique aux couleurs douces et f\u00e9minines.<\/p>\n<p> <a class=\"continue-reading-link\" href=\"https:\/\/services-administracom.alwaysdata.net\/wp-content\/uploads\/sites\/labracelerie\/produit\/boudoir\/\"><span>Lire la Suite<\/span><i class=\"crycon-right-dir\"><\/i><\/a> <\/p>\n","protected":false},"featured_media":2226,"comment_status":"open","ping_status":"closed","template":"","meta":[],"product_brand":[],"product_cat":[182],"product_tag":[378,319,335,142,334],"class_list":{"0":"post-1526","1":"product","2":"type-product","3":"status-publish","4":"has-post-thumbnail","6":"product_cat-collection-femmes","7":"product_tag-boudoir","8":"product_tag-brick-and-stitch","9":"product_tag-macrame","10":"product_tag-perles-de-rocaille","11":"product_tag-resine-epoxy","13":"first","14":"instock","15":"sold-individually","16":"shipping-taxable","17":"purchasable","18":"product-type-simple"},"jetpack_sharing_enabled":true,"_links":{"self":[{"href":"https:\/\/services-administracom.alwaysdata.net\/wp-content\/uploads\/sites\/labracelerie\/wp-json\/wp\/v2\/product\/1526","targetHints":{"allow":["GET"]}}],"collection":[{"href":"https:\/\/services-administracom.alwaysdata.net\/wp-content\/uploads\/sites\/labracelerie\/wp-json\/wp\/v2\/product"}],"about":[{"href":"https:\/\/services-administracom.alwaysdata.net\/wp-content\/uploads\/sites\/labracelerie\/wp-json\/wp\/v2\/types\/product"}],"replies":[{"embeddable":true,"href":"https:\/\/services-administracom.alwaysdata.net\/wp-content\/uploads\/sites\/labracelerie\/wp-json\/wp\/v2\/comments?post=1526"}],"wp:featuredmedia":[{"embeddable":true,"href":"https:\/\/services-administracom.alwaysdata.net\/wp-content\/uploads\/sites\/labracelerie\/wp-json\/wp\/v2\/media\/2226"}],"wp:attachment":[{"href":"https:\/\/services-administracom.alwaysdata.net\/wp-content\/uploads\/sites\/labracelerie\/wp-json\/wp\/v2\/media?parent=1526"}],"wp:term":[{"taxonomy":"product_brand","embeddable":true,"href":"https:\/\/services-administracom.alwaysdata.net\/wp-content\/uploads\/sites\/labracelerie\/wp-json\/wp\/v2\/product_brand?post=1526"},{"taxonomy":"product_cat","embeddable":true,"href":"https:\/\/services-administracom.alwaysdata.net\/wp-content\/uploads\/sites\/labracelerie\/wp-json\/wp\/v2\/product_cat?post=1526"},{"taxonomy":"product_tag","embeddable":true,"href":"https:\/\/services-administracom.alwaysdata.net\/wp-content\/uploads\/sites\/labracelerie\/wp-json\/wp\/v2\/product_tag?post=1526"}],"curies":[{"name":"wp","href":"https:\/\/api.w.org\/{rel}","templated":true}]}}