{"id":1542,"date":"2023-08-09T20:17:31","date_gmt":"2023-08-09T18:17:31","guid":{"rendered":"https:\/\/services-administracom.alwaysdata.net\/wp-content\/uploads\/sites\/labracelerie\/?post_type=product&#038;p=1542"},"modified":"2024-11-01T21:57:09","modified_gmt":"2024-11-01T20:57:09","slug":"acacia","status":"publish","type":"product","link":"https:\/\/services-administracom.alwaysdata.net\/wp-content\/uploads\/sites\/labracelerie\/produit\/acacia\/","title":{"rendered":"ACACIA"},"content":{"rendered":"","protected":false},"excerpt":{"rendered":"<p>Acacia est une parure confectionn\u00e9e artisanalement. Cet ensemble\u00a0 a \u00e9t\u00e9 r\u00e9alis\u00e9 avec une technique de tissage compos\u00e9e de noeuds macram\u00e9 et d&rsquo;une technique de tissage kumihimo.La parure se compose<\/p>\n<p>&#8211; d&rsquo;un bracelet kumihimo tiss\u00e9 en fils de coton assorti d&#8217;embouts, d&rsquo;une cha\u00eenette et d&rsquo;une breloque en m\u00e9tal argent\u00e9 (taille unique)<\/p>\n<p>&#8211; d&rsquo;un collier cordon en toile cir\u00e9 assorti d&rsquo;un pendentif macram\u00e9 tiss\u00e9 avec des fils de coton agr\u00e9ment\u00e9 de perles synth\u00e9tiques\u00a0 (taille unique)<\/p>\n<p>&#8211; de boucles d&rsquo;oreilles tiss\u00e9es avec des fils de coton mont\u00e9es sur des attaches et des crochets en m\u00e9tal argent\u00e9<\/p>\n<p> <a class=\"continue-reading-link\" href=\"https:\/\/services-administracom.alwaysdata.net\/wp-content\/uploads\/sites\/labracelerie\/produit\/acacia\/\"><span>Lire la Suite<\/span><i class=\"crycon-right-dir\"><\/i><\/a> <\/p>\n","protected":false},"featured_media":1543,"comment_status":"open","ping_status":"closed","template":"","meta":[],"product_brand":[],"product_cat":[182],"product_tag":[382,381,335],"class_list":{"0":"post-1542","1":"product","2":"type-product","3":"status-publish","4":"has-post-thumbnail","6":"product_cat-collection-femmes","7":"product_tag-acacia","8":"product_tag-collection-de-parures","9":"product_tag-macrame","11":"first","12":"instock","13":"sold-individually","14":"shipping-taxable","15":"purchasable","16":"product-type-simple"},"jetpack_sharing_enabled":true,"_links":{"self":[{"href":"https:\/\/services-administracom.alwaysdata.net\/wp-content\/uploads\/sites\/labracelerie\/wp-json\/wp\/v2\/product\/1542","targetHints":{"allow":["GET"]}}],"collection":[{"href":"https:\/\/services-administracom.alwaysdata.net\/wp-content\/uploads\/sites\/labracelerie\/wp-json\/wp\/v2\/product"}],"about":[{"href":"https:\/\/services-administracom.alwaysdata.net\/wp-content\/uploads\/sites\/labracelerie\/wp-json\/wp\/v2\/types\/product"}],"replies":[{"embeddable":true,"href":"https:\/\/services-administracom.alwaysdata.net\/wp-content\/uploads\/sites\/labracelerie\/wp-json\/wp\/v2\/comments?post=1542"}],"wp:featuredmedia":[{"embeddable":true,"href":"https:\/\/services-administracom.alwaysdata.net\/wp-content\/uploads\/sites\/labracelerie\/wp-json\/wp\/v2\/media\/1543"}],"wp:attachment":[{"href":"https:\/\/services-administracom.alwaysdata.net\/wp-content\/uploads\/sites\/labracelerie\/wp-json\/wp\/v2\/media?parent=1542"}],"wp:term":[{"taxonomy":"product_brand","embeddable":true,"href":"https:\/\/services-administracom.alwaysdata.net\/wp-content\/uploads\/sites\/labracelerie\/wp-json\/wp\/v2\/product_brand?post=1542"},{"taxonomy":"product_cat","embeddable":true,"href":"https:\/\/services-administracom.alwaysdata.net\/wp-content\/uploads\/sites\/labracelerie\/wp-json\/wp\/v2\/product_cat?post=1542"},{"taxonomy":"product_tag","embeddable":true,"href":"https:\/\/services-administracom.alwaysdata.net\/wp-content\/uploads\/sites\/labracelerie\/wp-json\/wp\/v2\/product_tag?post=1542"}],"curies":[{"name":"wp","href":"https:\/\/api.w.org\/{rel}","templated":true}]}}