{"id":1561,"date":"2023-08-10T21:57:04","date_gmt":"2023-08-10T19:57:04","guid":{"rendered":"https:\/\/services-administracom.alwaysdata.net\/wp-content\/uploads\/sites\/labracelerie\/?post_type=product&#038;p=1561"},"modified":"2023-08-10T21:57:04","modified_gmt":"2023-08-10T19:57:04","slug":"yin-yang","status":"publish","type":"product","link":"https:\/\/services-administracom.alwaysdata.net\/wp-content\/uploads\/sites\/labracelerie\/produit\/yin-yang\/","title":{"rendered":"YIN YANG"},"content":{"rendered":"","protected":false},"excerpt":{"rendered":"<p>Yin Yang est un bracelet porte-bonheur confectionn\u00e9 artisanalement \u00e0 partir d&rsquo;une technique br\u00e9silienne de tissage de fils de coton.Le Yin et le Yang sont deux forces compl\u00e9mentaires. Ce symbole illustre l&rsquo;univers m\u00fb par des forces contraires. La forme arrondie, le mouvement perp\u00e9tuel du monde. En d&rsquo;autres termes c&rsquo;est la sagesse de la vie en mouvement.<\/p>\n<p>Le Yin partie sombre repr\u00e9sente l&rsquo;obscurit\u00e9, l&rsquo;eau, les rivi\u00e8res, le f\u00e9minin, le froid, l&rsquo;hiver, l&rsquo;automne, la lune, la cr\u00e9ativit\u00e9, l&rsquo;intuition, la soumission, la raideur, l&rsquo;inertie, la nuit et la faiblesse.<\/p>\n<p>Le Yang repr\u00e9sente la lumi\u00e8re, la terre, le soleil, le masculin, la logique, la domination, la vigueur, le chaud, l&rsquo;expansion, les montagnes et la force.<\/p>\n<p> <a class=\"continue-reading-link\" href=\"https:\/\/services-administracom.alwaysdata.net\/wp-content\/uploads\/sites\/labracelerie\/produit\/yin-yang\/\"><span>Lire la Suite<\/span><i class=\"crycon-right-dir\"><\/i><\/a> <\/p>\n","protected":false},"featured_media":1562,"comment_status":"open","ping_status":"closed","template":"","meta":[],"product_brand":[],"product_cat":[114],"product_tag":[375,154,387],"class_list":{"0":"post-1561","1":"product","2":"type-product","3":"status-publish","4":"has-post-thumbnail","6":"product_cat-porte-bonheur","7":"product_tag-bresilien","8":"product_tag-porte-bonheur","9":"product_tag-yin-yang","11":"first","12":"instock","13":"sold-individually","14":"shipping-taxable","15":"purchasable","16":"product-type-simple"},"jetpack_sharing_enabled":true,"_links":{"self":[{"href":"https:\/\/services-administracom.alwaysdata.net\/wp-content\/uploads\/sites\/labracelerie\/wp-json\/wp\/v2\/product\/1561","targetHints":{"allow":["GET"]}}],"collection":[{"href":"https:\/\/services-administracom.alwaysdata.net\/wp-content\/uploads\/sites\/labracelerie\/wp-json\/wp\/v2\/product"}],"about":[{"href":"https:\/\/services-administracom.alwaysdata.net\/wp-content\/uploads\/sites\/labracelerie\/wp-json\/wp\/v2\/types\/product"}],"replies":[{"embeddable":true,"href":"https:\/\/services-administracom.alwaysdata.net\/wp-content\/uploads\/sites\/labracelerie\/wp-json\/wp\/v2\/comments?post=1561"}],"wp:featuredmedia":[{"embeddable":true,"href":"https:\/\/services-administracom.alwaysdata.net\/wp-content\/uploads\/sites\/labracelerie\/wp-json\/wp\/v2\/media\/1562"}],"wp:attachment":[{"href":"https:\/\/services-administracom.alwaysdata.net\/wp-content\/uploads\/sites\/labracelerie\/wp-json\/wp\/v2\/media?parent=1561"}],"wp:term":[{"taxonomy":"product_brand","embeddable":true,"href":"https:\/\/services-administracom.alwaysdata.net\/wp-content\/uploads\/sites\/labracelerie\/wp-json\/wp\/v2\/product_brand?post=1561"},{"taxonomy":"product_cat","embeddable":true,"href":"https:\/\/services-administracom.alwaysdata.net\/wp-content\/uploads\/sites\/labracelerie\/wp-json\/wp\/v2\/product_cat?post=1561"},{"taxonomy":"product_tag","embeddable":true,"href":"https:\/\/services-administracom.alwaysdata.net\/wp-content\/uploads\/sites\/labracelerie\/wp-json\/wp\/v2\/product_tag?post=1561"}],"curies":[{"name":"wp","href":"https:\/\/api.w.org\/{rel}","templated":true}]}}