{"id":1569,"date":"2023-08-11T19:18:37","date_gmt":"2023-08-11T17:18:37","guid":{"rendered":"https:\/\/services-administracom.alwaysdata.net\/wp-content\/uploads\/sites\/labracelerie\/?post_type=product&#038;p=1569"},"modified":"2023-08-11T19:18:38","modified_gmt":"2023-08-11T17:18:38","slug":"lune-dargent","status":"publish","type":"product","link":"https:\/\/services-administracom.alwaysdata.net\/wp-content\/uploads\/sites\/labracelerie\/produit\/lune-dargent\/","title":{"rendered":"LUNE D&rsquo;ARGENT"},"content":{"rendered":"","protected":false},"excerpt":{"rendered":"<p>Lune d&rsquo;argent est une parure confectionn\u00e9e artisanalement avec de la r\u00e9sine \u00e9poxy.<\/p>\n<p>Elle se compose :<\/p>\n<p>&#8211; d&rsquo;un bracelet\u00a0 jonc en r\u00e9sine Taille M 21<\/p>\n<p>&#8211; d&rsquo;un anneau en r\u00e9sine Taille L 62<\/p>\n<p>&#8211; de boucles d&rsquo;oreilles en r\u00e9sine munies de crochets en m\u00e9tal argent\u00e9<\/p>\n<p>&#8211; d&rsquo;un collier assorti d&rsquo;un pendentif\u00a0 tiss\u00e9 \u00e0 partir d&rsquo;une technique appel\u00e9e brick and stitch en perles de rocaille muni d&rsquo;une cha\u00eene, d&rsquo;un fermoir en m\u00e9tal argent\u00e9<\/p>\n<p>Une parure pour \u00ab\u00a0les luniennes \u00ab\u00a0, toutes\u00a0 les spaces femmes.<\/p>\n<p>&nbsp;<\/p>\n<p> <a class=\"continue-reading-link\" href=\"https:\/\/services-administracom.alwaysdata.net\/wp-content\/uploads\/sites\/labracelerie\/produit\/lune-dargent\/\"><span>Lire la Suite<\/span><i class=\"crycon-right-dir\"><\/i><\/a> <\/p>\n","protected":false},"featured_media":1570,"comment_status":"open","ping_status":"closed","template":"","meta":[],"product_brand":[],"product_cat":[184],"product_tag":[319,389,334],"class_list":{"0":"post-1569","1":"product","2":"type-product","3":"status-publish","4":"has-post-thumbnail","6":"product_cat-parures","7":"product_tag-brick-and-stitch","8":"product_tag-lune-dargent","9":"product_tag-resine-epoxy","11":"first","12":"instock","13":"sold-individually","14":"shipping-taxable","15":"purchasable","16":"product-type-simple"},"jetpack_sharing_enabled":true,"_links":{"self":[{"href":"https:\/\/services-administracom.alwaysdata.net\/wp-content\/uploads\/sites\/labracelerie\/wp-json\/wp\/v2\/product\/1569","targetHints":{"allow":["GET"]}}],"collection":[{"href":"https:\/\/services-administracom.alwaysdata.net\/wp-content\/uploads\/sites\/labracelerie\/wp-json\/wp\/v2\/product"}],"about":[{"href":"https:\/\/services-administracom.alwaysdata.net\/wp-content\/uploads\/sites\/labracelerie\/wp-json\/wp\/v2\/types\/product"}],"replies":[{"embeddable":true,"href":"https:\/\/services-administracom.alwaysdata.net\/wp-content\/uploads\/sites\/labracelerie\/wp-json\/wp\/v2\/comments?post=1569"}],"wp:featuredmedia":[{"embeddable":true,"href":"https:\/\/services-administracom.alwaysdata.net\/wp-content\/uploads\/sites\/labracelerie\/wp-json\/wp\/v2\/media\/1570"}],"wp:attachment":[{"href":"https:\/\/services-administracom.alwaysdata.net\/wp-content\/uploads\/sites\/labracelerie\/wp-json\/wp\/v2\/media?parent=1569"}],"wp:term":[{"taxonomy":"product_brand","embeddable":true,"href":"https:\/\/services-administracom.alwaysdata.net\/wp-content\/uploads\/sites\/labracelerie\/wp-json\/wp\/v2\/product_brand?post=1569"},{"taxonomy":"product_cat","embeddable":true,"href":"https:\/\/services-administracom.alwaysdata.net\/wp-content\/uploads\/sites\/labracelerie\/wp-json\/wp\/v2\/product_cat?post=1569"},{"taxonomy":"product_tag","embeddable":true,"href":"https:\/\/services-administracom.alwaysdata.net\/wp-content\/uploads\/sites\/labracelerie\/wp-json\/wp\/v2\/product_tag?post=1569"}],"curies":[{"name":"wp","href":"https:\/\/api.w.org\/{rel}","templated":true}]}}