{"id":1578,"date":"2023-08-11T20:49:31","date_gmt":"2023-08-11T18:49:31","guid":{"rendered":"https:\/\/services-administracom.alwaysdata.net\/wp-content\/uploads\/sites\/labracelerie\/?post_type=product&#038;p=1578"},"modified":"2024-08-03T22:33:38","modified_gmt":"2024-08-03T20:33:38","slug":"mauve-de-bengale","status":"publish","type":"product","link":"https:\/\/services-administracom.alwaysdata.net\/wp-content\/uploads\/sites\/labracelerie\/produit\/mauve-de-bengale\/","title":{"rendered":"SAHASRANA"},"content":{"rendered":"","protected":false},"excerpt":{"rendered":"<p>Sahasrana est une parure confectionn\u00e9e artisanalement avec de la p\u00e2te polym\u00e8re et des fils de coton. La parure se compose :<\/p>\n<p>&#8211; d&rsquo;un bracelet kumihimo muni d&#8217;embouts, d&rsquo;un fermoir, d&rsquo;une cha\u00eenette et d&rsquo;une breloque en m\u00e9tal argent\u00e9.Taille Unique<\/p>\n<p>&#8211; de boucles d&rsquo;oreilles r\u00e9alis\u00e9es avec de la p\u00e2te polym\u00e8re munies d&rsquo;anneaux et de crochets en m\u00e9tal argent\u00e9<\/p>\n<p>&#8211; d&rsquo;un collier sautoir kumihimo agr\u00e9ment\u00e9 de fleurs r\u00e9alis\u00e9es avec de la p\u00e2te polym\u00e8re muni d&#8217;embouts, d&rsquo;un fermoir en m\u00e9tal argent\u00e9.<\/p>\n<p>Une parure chakr\u00e9ment belle !<\/p>\n<p>&nbsp;<\/p>\n<p>&nbsp;<\/p>\n<p> <a class=\"continue-reading-link\" href=\"https:\/\/services-administracom.alwaysdata.net\/wp-content\/uploads\/sites\/labracelerie\/produit\/mauve-de-bengale\/\"><span>Lire la Suite<\/span><i class=\"crycon-right-dir\"><\/i><\/a> <\/p>\n","protected":false},"featured_media":1584,"comment_status":"open","ping_status":"closed","template":"","meta":[],"product_brand":[],"product_cat":[184],"product_tag":[276,189,390,475],"class_list":{"0":"post-1578","1":"product","2":"type-product","3":"status-publish","4":"has-post-thumbnail","6":"product_cat-parures","7":"product_tag-kumihimo","8":"product_tag-parure","9":"product_tag-pate-polymere","10":"product_tag-sahasrana","12":"first","13":"instock","14":"sold-individually","15":"shipping-taxable","16":"purchasable","17":"product-type-simple"},"jetpack_sharing_enabled":true,"_links":{"self":[{"href":"https:\/\/services-administracom.alwaysdata.net\/wp-content\/uploads\/sites\/labracelerie\/wp-json\/wp\/v2\/product\/1578","targetHints":{"allow":["GET"]}}],"collection":[{"href":"https:\/\/services-administracom.alwaysdata.net\/wp-content\/uploads\/sites\/labracelerie\/wp-json\/wp\/v2\/product"}],"about":[{"href":"https:\/\/services-administracom.alwaysdata.net\/wp-content\/uploads\/sites\/labracelerie\/wp-json\/wp\/v2\/types\/product"}],"replies":[{"embeddable":true,"href":"https:\/\/services-administracom.alwaysdata.net\/wp-content\/uploads\/sites\/labracelerie\/wp-json\/wp\/v2\/comments?post=1578"}],"wp:featuredmedia":[{"embeddable":true,"href":"https:\/\/services-administracom.alwaysdata.net\/wp-content\/uploads\/sites\/labracelerie\/wp-json\/wp\/v2\/media\/1584"}],"wp:attachment":[{"href":"https:\/\/services-administracom.alwaysdata.net\/wp-content\/uploads\/sites\/labracelerie\/wp-json\/wp\/v2\/media?parent=1578"}],"wp:term":[{"taxonomy":"product_brand","embeddable":true,"href":"https:\/\/services-administracom.alwaysdata.net\/wp-content\/uploads\/sites\/labracelerie\/wp-json\/wp\/v2\/product_brand?post=1578"},{"taxonomy":"product_cat","embeddable":true,"href":"https:\/\/services-administracom.alwaysdata.net\/wp-content\/uploads\/sites\/labracelerie\/wp-json\/wp\/v2\/product_cat?post=1578"},{"taxonomy":"product_tag","embeddable":true,"href":"https:\/\/services-administracom.alwaysdata.net\/wp-content\/uploads\/sites\/labracelerie\/wp-json\/wp\/v2\/product_tag?post=1578"}],"curies":[{"name":"wp","href":"https:\/\/api.w.org\/{rel}","templated":true}]}}