{"id":1585,"date":"2023-08-11T21:38:13","date_gmt":"2023-08-11T19:38:13","guid":{"rendered":"https:\/\/services-administracom.alwaysdata.net\/wp-content\/uploads\/sites\/labracelerie\/?post_type=product&#038;p=1585"},"modified":"2024-11-01T21:37:55","modified_gmt":"2024-11-01T20:37:55","slug":"ajna","status":"publish","type":"product","link":"https:\/\/services-administracom.alwaysdata.net\/wp-content\/uploads\/sites\/labracelerie\/produit\/ajna\/","title":{"rendered":"AJNA"},"content":{"rendered":"","protected":false},"excerpt":{"rendered":"<p>Ajna est une parure confectionn\u00e9e artisanalement avec de la r\u00e9sine \u00e9poxy et des fils de coton cir\u00e9s. L&rsquo;ensemble se compose :<\/p>\n<p>&#8211; d&rsquo;un bracelet tib\u00e9tain\u00a0 r\u00e9alis\u00e9 avec des perles en r\u00e9sine \u00e9poxy tiss\u00e9es sur des fils de coton cir\u00e9s \u00a0 \u00e0 partir d&rsquo;une technique de macram\u00e9. Taille Unique<\/p>\n<p>&#8211; d&rsquo;un anneau en r\u00e9sine \u00e9poxy tiss\u00e9 avec des fils de coton cir\u00e9s\u00a0 \u00e0 partir d&rsquo;une technique de macram\u00e9 Taille L<\/p>\n<p>&#8211; d&rsquo;un bijou de front en fils de coton cir\u00e9s assorti d&rsquo;un pendentif en r\u00e9sine \u00e9poxy serti avec une technique de macram\u00e9 . Taille S<\/p>\n<p>Une parure inspir\u00e9e par l&rsquo;\u00e2me du aum.<\/p>\n<p> <a class=\"continue-reading-link\" href=\"https:\/\/services-administracom.alwaysdata.net\/wp-content\/uploads\/sites\/labracelerie\/produit\/ajna\/\"><span>Lire la Suite<\/span><i class=\"crycon-right-dir\"><\/i><\/a> <\/p>\n","protected":false},"featured_media":1586,"comment_status":"open","ping_status":"closed","template":"","meta":[],"product_brand":[],"product_cat":[184],"product_tag":[391,335,282],"class_list":{"0":"post-1585","1":"product","2":"type-product","3":"status-publish","4":"has-post-thumbnail","6":"product_cat-parures","7":"product_tag-ajna","8":"product_tag-macrame","9":"product_tag-tibetain","11":"first","12":"instock","13":"sold-individually","14":"shipping-taxable","15":"purchasable","16":"product-type-simple"},"jetpack_sharing_enabled":true,"_links":{"self":[{"href":"https:\/\/services-administracom.alwaysdata.net\/wp-content\/uploads\/sites\/labracelerie\/wp-json\/wp\/v2\/product\/1585","targetHints":{"allow":["GET"]}}],"collection":[{"href":"https:\/\/services-administracom.alwaysdata.net\/wp-content\/uploads\/sites\/labracelerie\/wp-json\/wp\/v2\/product"}],"about":[{"href":"https:\/\/services-administracom.alwaysdata.net\/wp-content\/uploads\/sites\/labracelerie\/wp-json\/wp\/v2\/types\/product"}],"replies":[{"embeddable":true,"href":"https:\/\/services-administracom.alwaysdata.net\/wp-content\/uploads\/sites\/labracelerie\/wp-json\/wp\/v2\/comments?post=1585"}],"wp:featuredmedia":[{"embeddable":true,"href":"https:\/\/services-administracom.alwaysdata.net\/wp-content\/uploads\/sites\/labracelerie\/wp-json\/wp\/v2\/media\/1586"}],"wp:attachment":[{"href":"https:\/\/services-administracom.alwaysdata.net\/wp-content\/uploads\/sites\/labracelerie\/wp-json\/wp\/v2\/media?parent=1585"}],"wp:term":[{"taxonomy":"product_brand","embeddable":true,"href":"https:\/\/services-administracom.alwaysdata.net\/wp-content\/uploads\/sites\/labracelerie\/wp-json\/wp\/v2\/product_brand?post=1585"},{"taxonomy":"product_cat","embeddable":true,"href":"https:\/\/services-administracom.alwaysdata.net\/wp-content\/uploads\/sites\/labracelerie\/wp-json\/wp\/v2\/product_cat?post=1585"},{"taxonomy":"product_tag","embeddable":true,"href":"https:\/\/services-administracom.alwaysdata.net\/wp-content\/uploads\/sites\/labracelerie\/wp-json\/wp\/v2\/product_tag?post=1585"}],"curies":[{"name":"wp","href":"https:\/\/api.w.org\/{rel}","templated":true}]}}