{"id":1794,"date":"2023-10-19T19:21:51","date_gmt":"2023-10-19T17:21:51","guid":{"rendered":"https:\/\/services-administracom.alwaysdata.net\/wp-content\/uploads\/sites\/labracelerie\/?post_type=product&#038;p=1794"},"modified":"2023-10-19T19:34:56","modified_gmt":"2023-10-19T17:34:56","slug":"i-love-you","status":"publish","type":"product","link":"https:\/\/services-administracom.alwaysdata.net\/wp-content\/uploads\/sites\/labracelerie\/produit\/i-love-you\/","title":{"rendered":"I LOVE YOU"},"content":{"rendered":"","protected":false},"excerpt":{"rendered":"<p>I love you est un bracelet confectionn\u00e9 artisanalement\u00a0 avec des fils de coton cir\u00e9s et des fils synth\u00e9tiques muni d&#8217;embouts, de breloques , d&rsquo;un pompon, d&rsquo;une cha\u00eenette pour ajuster la taille et d&rsquo;un fermoir en m\u00e9tal argent\u00e9 (Taille Unique) \u00e0 partir d&rsquo;une technique japonaise.<\/p>\n<p>Un bracelet cr\u00e9\u00e9 pour apporter une note japonisante \u00e0 toutes vos tenues.<\/p>\n<p>&nbsp;<\/p>\n<p> <a class=\"continue-reading-link\" href=\"https:\/\/services-administracom.alwaysdata.net\/wp-content\/uploads\/sites\/labracelerie\/produit\/i-love-you\/\"><span>Lire la Suite<\/span><i class=\"crycon-right-dir\"><\/i><\/a> <\/p>\n","protected":false},"featured_media":1796,"comment_status":"open","ping_status":"closed","template":"","meta":[],"product_brand":[],"product_cat":[322],"product_tag":[411,276],"class_list":{"0":"post-1794","1":"product","2":"type-product","3":"status-publish","4":"has-post-thumbnail","6":"product_cat-kumihimo","7":"product_tag-i-love-you","8":"product_tag-kumihimo","10":"first","11":"instock","12":"sold-individually","13":"shipping-taxable","14":"purchasable","15":"product-type-simple"},"jetpack_sharing_enabled":true,"_links":{"self":[{"href":"https:\/\/services-administracom.alwaysdata.net\/wp-content\/uploads\/sites\/labracelerie\/wp-json\/wp\/v2\/product\/1794","targetHints":{"allow":["GET"]}}],"collection":[{"href":"https:\/\/services-administracom.alwaysdata.net\/wp-content\/uploads\/sites\/labracelerie\/wp-json\/wp\/v2\/product"}],"about":[{"href":"https:\/\/services-administracom.alwaysdata.net\/wp-content\/uploads\/sites\/labracelerie\/wp-json\/wp\/v2\/types\/product"}],"replies":[{"embeddable":true,"href":"https:\/\/services-administracom.alwaysdata.net\/wp-content\/uploads\/sites\/labracelerie\/wp-json\/wp\/v2\/comments?post=1794"}],"wp:featuredmedia":[{"embeddable":true,"href":"https:\/\/services-administracom.alwaysdata.net\/wp-content\/uploads\/sites\/labracelerie\/wp-json\/wp\/v2\/media\/1796"}],"wp:attachment":[{"href":"https:\/\/services-administracom.alwaysdata.net\/wp-content\/uploads\/sites\/labracelerie\/wp-json\/wp\/v2\/media?parent=1794"}],"wp:term":[{"taxonomy":"product_brand","embeddable":true,"href":"https:\/\/services-administracom.alwaysdata.net\/wp-content\/uploads\/sites\/labracelerie\/wp-json\/wp\/v2\/product_brand?post=1794"},{"taxonomy":"product_cat","embeddable":true,"href":"https:\/\/services-administracom.alwaysdata.net\/wp-content\/uploads\/sites\/labracelerie\/wp-json\/wp\/v2\/product_cat?post=1794"},{"taxonomy":"product_tag","embeddable":true,"href":"https:\/\/services-administracom.alwaysdata.net\/wp-content\/uploads\/sites\/labracelerie\/wp-json\/wp\/v2\/product_tag?post=1794"}],"curies":[{"name":"wp","href":"https:\/\/api.w.org\/{rel}","templated":true}]}}