{"id":1821,"date":"2023-11-16T17:49:45","date_gmt":"2023-11-16T16:49:45","guid":{"rendered":"https:\/\/services-administracom.alwaysdata.net\/wp-content\/uploads\/sites\/labracelerie\/?post_type=product&#038;p=1821"},"modified":"2024-11-01T21:53:04","modified_gmt":"2024-11-01T20:53:04","slug":"paquerettes","status":"publish","type":"product","link":"https:\/\/services-administracom.alwaysdata.net\/wp-content\/uploads\/sites\/labracelerie\/produit\/paquerettes\/","title":{"rendered":"P\u00c2QUERETTES"},"content":{"rendered":"","protected":false},"excerpt":{"rendered":"<p>P\u00e2querettes est une parure confectionn\u00e9e artisanalement, elle se compose :<\/p>\n<p>&#8211; d&rsquo;une manchette orn\u00e9e de fleurs s\u00e8ches coul\u00e9es dans de la\u00a0 r\u00e9sine \u00e9poxy TU<\/p>\n<p>&#8211; de boucles d&rsquo;oreilles orn\u00e9es de fleurs s\u00e8ches coul\u00e9es dans de la r\u00e9sine \u00e9poxy munies de crochets en m\u00e9tal argent\u00e9<\/p>\n<p>&#8211; d&rsquo;un collier en acier inoxydable serti d&rsquo;un pendentif tiss\u00e9 avec du fil de polyester et des perles de rocaille \u00e0 partir d&rsquo;une technique brick and stitch<\/p>\n<p>Une parure au style romantique\u00a0 pour apporter une touche de douceur \u00e0 vos tenues.<\/p>\n<p> <a class=\"continue-reading-link\" href=\"https:\/\/services-administracom.alwaysdata.net\/wp-content\/uploads\/sites\/labracelerie\/produit\/paquerettes\/\"><span>Lire la Suite<\/span><i class=\"crycon-right-dir\"><\/i><\/a> <\/p>\n","protected":false},"featured_media":1822,"comment_status":"open","ping_status":"closed","template":"","meta":[],"product_brand":[],"product_cat":[320],"product_tag":[381,416],"class_list":{"0":"post-1821","1":"product","2":"type-product","3":"status-publish","4":"has-post-thumbnail","6":"product_cat-manchette","7":"product_tag-collection-de-parures","8":"product_tag-paquerettes","10":"first","11":"instock","12":"sold-individually","13":"shipping-taxable","14":"purchasable","15":"product-type-simple"},"jetpack_sharing_enabled":true,"_links":{"self":[{"href":"https:\/\/services-administracom.alwaysdata.net\/wp-content\/uploads\/sites\/labracelerie\/wp-json\/wp\/v2\/product\/1821","targetHints":{"allow":["GET"]}}],"collection":[{"href":"https:\/\/services-administracom.alwaysdata.net\/wp-content\/uploads\/sites\/labracelerie\/wp-json\/wp\/v2\/product"}],"about":[{"href":"https:\/\/services-administracom.alwaysdata.net\/wp-content\/uploads\/sites\/labracelerie\/wp-json\/wp\/v2\/types\/product"}],"replies":[{"embeddable":true,"href":"https:\/\/services-administracom.alwaysdata.net\/wp-content\/uploads\/sites\/labracelerie\/wp-json\/wp\/v2\/comments?post=1821"}],"wp:featuredmedia":[{"embeddable":true,"href":"https:\/\/services-administracom.alwaysdata.net\/wp-content\/uploads\/sites\/labracelerie\/wp-json\/wp\/v2\/media\/1822"}],"wp:attachment":[{"href":"https:\/\/services-administracom.alwaysdata.net\/wp-content\/uploads\/sites\/labracelerie\/wp-json\/wp\/v2\/media?parent=1821"}],"wp:term":[{"taxonomy":"product_brand","embeddable":true,"href":"https:\/\/services-administracom.alwaysdata.net\/wp-content\/uploads\/sites\/labracelerie\/wp-json\/wp\/v2\/product_brand?post=1821"},{"taxonomy":"product_cat","embeddable":true,"href":"https:\/\/services-administracom.alwaysdata.net\/wp-content\/uploads\/sites\/labracelerie\/wp-json\/wp\/v2\/product_cat?post=1821"},{"taxonomy":"product_tag","embeddable":true,"href":"https:\/\/services-administracom.alwaysdata.net\/wp-content\/uploads\/sites\/labracelerie\/wp-json\/wp\/v2\/product_tag?post=1821"}],"curies":[{"name":"wp","href":"https:\/\/api.w.org\/{rel}","templated":true}]}}