{"id":2037,"date":"2024-02-16T21:51:09","date_gmt":"2024-02-16T20:51:09","guid":{"rendered":"https:\/\/services-administracom.alwaysdata.net\/wp-content\/uploads\/sites\/labracelerie\/?post_type=product&#038;p=2037"},"modified":"2024-02-16T21:57:53","modified_gmt":"2024-02-16T20:57:53","slug":"couronne-2","status":"publish","type":"product","link":"https:\/\/services-administracom.alwaysdata.net\/wp-content\/uploads\/sites\/labracelerie\/produit\/couronne-2\/","title":{"rendered":"7EME CHAKRA"},"content":{"rendered":"","protected":false},"excerpt":{"rendered":"<p>7\u00e8me Chakra est une parure  ( Taille Unique) confectionn\u00e9e artisanalement, elle se compose :<br \/>\n&#8211; d&rsquo;un bracelet tiss\u00e9 avec des fils de coton \u00e0 partir d\u00a0\u00bbune technique br\u00e9silienne, muni d&#8217;embouts, d&rsquo;une cha\u00eenette et d&rsquo;un fermoir en m\u00e9tal dor\u00e9,<br \/>\n&#8211; d&rsquo;un collier kumihimo  tiss\u00e9 en fils de coton \u00e0 partir d&rsquo;une technique japonaise, assorti d&rsquo;un pendentif en terre sign\u00e9 peint \u00e0 la main muni d&#8217;embouts et d&rsquo;un fermoir en m\u00e9tal dor\u00e9.<\/p>\n<p>Cette parure unique s&rsquo;inspire des croyances bouddhistes qui sont en lien avec le 7\u00e8me chakra, Le chakra coronal. All\u00e9gorie de votre AUM int\u00e9rieur.<\/p>\n<p> <a class=\"continue-reading-link\" href=\"https:\/\/services-administracom.alwaysdata.net\/wp-content\/uploads\/sites\/labracelerie\/produit\/couronne-2\/\"><span>Lire la Suite<\/span><i class=\"crycon-right-dir\"><\/i><\/a> <\/p>\n","protected":false},"featured_media":2038,"comment_status":"open","ping_status":"closed","template":"","meta":[],"product_brand":[],"product_cat":[184],"product_tag":[435,434],"class_list":{"0":"post-2037","1":"product","2":"type-product","3":"status-publish","4":"has-post-thumbnail","6":"product_cat-parures","7":"product_tag-7eme-chakra","8":"product_tag-collection-parure","10":"first","11":"instock","12":"sold-individually","13":"shipping-taxable","14":"purchasable","15":"product-type-simple"},"jetpack_sharing_enabled":true,"_links":{"self":[{"href":"https:\/\/services-administracom.alwaysdata.net\/wp-content\/uploads\/sites\/labracelerie\/wp-json\/wp\/v2\/product\/2037","targetHints":{"allow":["GET"]}}],"collection":[{"href":"https:\/\/services-administracom.alwaysdata.net\/wp-content\/uploads\/sites\/labracelerie\/wp-json\/wp\/v2\/product"}],"about":[{"href":"https:\/\/services-administracom.alwaysdata.net\/wp-content\/uploads\/sites\/labracelerie\/wp-json\/wp\/v2\/types\/product"}],"replies":[{"embeddable":true,"href":"https:\/\/services-administracom.alwaysdata.net\/wp-content\/uploads\/sites\/labracelerie\/wp-json\/wp\/v2\/comments?post=2037"}],"wp:featuredmedia":[{"embeddable":true,"href":"https:\/\/services-administracom.alwaysdata.net\/wp-content\/uploads\/sites\/labracelerie\/wp-json\/wp\/v2\/media\/2038"}],"wp:attachment":[{"href":"https:\/\/services-administracom.alwaysdata.net\/wp-content\/uploads\/sites\/labracelerie\/wp-json\/wp\/v2\/media?parent=2037"}],"wp:term":[{"taxonomy":"product_brand","embeddable":true,"href":"https:\/\/services-administracom.alwaysdata.net\/wp-content\/uploads\/sites\/labracelerie\/wp-json\/wp\/v2\/product_brand?post=2037"},{"taxonomy":"product_cat","embeddable":true,"href":"https:\/\/services-administracom.alwaysdata.net\/wp-content\/uploads\/sites\/labracelerie\/wp-json\/wp\/v2\/product_cat?post=2037"},{"taxonomy":"product_tag","embeddable":true,"href":"https:\/\/services-administracom.alwaysdata.net\/wp-content\/uploads\/sites\/labracelerie\/wp-json\/wp\/v2\/product_tag?post=2037"}],"curies":[{"name":"wp","href":"https:\/\/api.w.org\/{rel}","templated":true}]}}