{"id":2067,"date":"2024-02-22T13:07:47","date_gmt":"2024-02-22T12:07:47","guid":{"rendered":"https:\/\/services-administracom.alwaysdata.net\/wp-content\/uploads\/sites\/labracelerie\/?post_type=product&#038;p=2067"},"modified":"2024-02-22T13:07:48","modified_gmt":"2024-02-22T12:07:48","slug":"fleurs-de-prairie","status":"publish","type":"product","link":"https:\/\/services-administracom.alwaysdata.net\/wp-content\/uploads\/sites\/labracelerie\/produit\/fleurs-de-prairie\/","title":{"rendered":"FLEURS DE PRAIRIE"},"content":{"rendered":"","protected":false},"excerpt":{"rendered":"<p>Fleurs de prairie est une parure confectionn\u00e9e artisanalement elle se compose<br \/>\n&#8211; un bracelet tiss\u00e9 en fils de coton \u00e0 partir d&rsquo;une technique kumihimo assorti d&rsquo;une breloque artisanale en r\u00e9sine \u00e9poxy muni d&#8217;embouts, d&rsquo;une cha\u00eenette et d&rsquo;un fermoir en m\u00e9tal argent\u00e9, Taille unique<br \/>\n&#8211; un collier tiss\u00e9 en fils de coton \u00e0 partir d&rsquo;une technique br\u00e9silienne assorti d&rsquo;un pendentif artisanal, muni d&#8217;embouts, d&rsquo;une cha\u00eenette, d&rsquo;un fermoir en m\u00e9tal argent\u00e9 et garni d&rsquo;un pompon<br \/>\n&#8211; de boucles d&rsquo;oreilles en r\u00e9sine \u00e9poxy munies de crochets en m\u00e9tal argent\u00e9.<\/p>\n<p>Une parure printani\u00e8re aux couleurs acidul\u00e9es pour mettre une note de fra\u00eecheur \u00e0 vos tenues.<\/p>\n<p> <a class=\"continue-reading-link\" href=\"https:\/\/services-administracom.alwaysdata.net\/wp-content\/uploads\/sites\/labracelerie\/produit\/fleurs-de-prairie\/\"><span>Lire la Suite<\/span><i class=\"crycon-right-dir\"><\/i><\/a> <\/p>\n","protected":false},"featured_media":2068,"comment_status":"open","ping_status":"closed","template":"","meta":[],"product_brand":[],"product_cat":[184],"product_tag":[400,443],"class_list":{"0":"post-2067","1":"product","2":"type-product","3":"status-publish","4":"has-post-thumbnail","6":"product_cat-parures","7":"product_tag-collection-parures","8":"product_tag-fleurs-de-prairie","10":"first","11":"instock","12":"sold-individually","13":"shipping-taxable","14":"purchasable","15":"product-type-simple"},"jetpack_sharing_enabled":true,"_links":{"self":[{"href":"https:\/\/services-administracom.alwaysdata.net\/wp-content\/uploads\/sites\/labracelerie\/wp-json\/wp\/v2\/product\/2067","targetHints":{"allow":["GET"]}}],"collection":[{"href":"https:\/\/services-administracom.alwaysdata.net\/wp-content\/uploads\/sites\/labracelerie\/wp-json\/wp\/v2\/product"}],"about":[{"href":"https:\/\/services-administracom.alwaysdata.net\/wp-content\/uploads\/sites\/labracelerie\/wp-json\/wp\/v2\/types\/product"}],"replies":[{"embeddable":true,"href":"https:\/\/services-administracom.alwaysdata.net\/wp-content\/uploads\/sites\/labracelerie\/wp-json\/wp\/v2\/comments?post=2067"}],"wp:featuredmedia":[{"embeddable":true,"href":"https:\/\/services-administracom.alwaysdata.net\/wp-content\/uploads\/sites\/labracelerie\/wp-json\/wp\/v2\/media\/2068"}],"wp:attachment":[{"href":"https:\/\/services-administracom.alwaysdata.net\/wp-content\/uploads\/sites\/labracelerie\/wp-json\/wp\/v2\/media?parent=2067"}],"wp:term":[{"taxonomy":"product_brand","embeddable":true,"href":"https:\/\/services-administracom.alwaysdata.net\/wp-content\/uploads\/sites\/labracelerie\/wp-json\/wp\/v2\/product_brand?post=2067"},{"taxonomy":"product_cat","embeddable":true,"href":"https:\/\/services-administracom.alwaysdata.net\/wp-content\/uploads\/sites\/labracelerie\/wp-json\/wp\/v2\/product_cat?post=2067"},{"taxonomy":"product_tag","embeddable":true,"href":"https:\/\/services-administracom.alwaysdata.net\/wp-content\/uploads\/sites\/labracelerie\/wp-json\/wp\/v2\/product_tag?post=2067"}],"curies":[{"name":"wp","href":"https:\/\/api.w.org\/{rel}","templated":true}]}}