{"id":2090,"date":"2024-02-22T16:25:48","date_gmt":"2024-02-22T15:25:48","guid":{"rendered":"https:\/\/services-administracom.alwaysdata.net\/wp-content\/uploads\/sites\/labracelerie\/?post_type=product&#038;p=2090"},"modified":"2024-11-01T20:33:58","modified_gmt":"2024-11-01T19:33:58","slug":"bourges","status":"publish","type":"product","link":"https:\/\/services-administracom.alwaysdata.net\/wp-content\/uploads\/sites\/labracelerie\/produit\/bourges\/","title":{"rendered":"BOURGES"},"content":{"rendered":"","protected":false},"excerpt":{"rendered":"<p>Bracelet tiss\u00e9 artisanalement assorti de perles de lithoth\u00e9rapie.<br \/>\nBourges est une ville de France, situ\u00e9e au centre nord de l\u2019hexagone, cette belle ville a inspir\u00e9 ce bracelet. Le Bourges est un bracelet revisit\u00e9 tiss\u00e9 artisanalement avec des fils de coton. Son motif repr\u00e9sentant des croix t\u00e9moigne de sa forte culture religieuse. Le bracelet est agr\u00e9ment\u00e9 de perles de rocaille et d&rsquo;agates rose irr\u00e9guli\u00e8res. L&rsquo;agate rose est une pierre stimulante en lithoth\u00e9rapie. Elle vous aidera \u00e0 d\u00e9velopper votre cr\u00e9ativit\u00e9, elle vous apportera du r\u00e9confort, de la lucidit\u00e9,  l&rsquo;amour inconditionnel. Ce bracelet porte-bonheur vous apportera la prosp\u00e9rit\u00e9.<br \/>\nPour l&rsquo;enfant \u00e0 partir de 10 ans. <\/p>\n<p> <a class=\"continue-reading-link\" href=\"https:\/\/services-administracom.alwaysdata.net\/wp-content\/uploads\/sites\/labracelerie\/produit\/bourges\/\"><span>Lire la Suite<\/span><i class=\"crycon-right-dir\"><\/i><\/a> <\/p>\n","protected":false},"featured_media":2091,"comment_status":"open","ping_status":"closed","template":"","meta":[],"product_brand":[],"product_cat":[181],"product_tag":[130,447],"class_list":{"0":"post-2090","1":"product","2":"type-product","3":"status-publish","4":"has-post-thumbnail","6":"product_cat-collection-enfants","7":"product_tag-bourges","8":"product_tag-collection-porte-bonheur","10":"first","11":"instock","12":"sold-individually","13":"shipping-taxable","14":"purchasable","15":"product-type-simple"},"jetpack_sharing_enabled":true,"_links":{"self":[{"href":"https:\/\/services-administracom.alwaysdata.net\/wp-content\/uploads\/sites\/labracelerie\/wp-json\/wp\/v2\/product\/2090","targetHints":{"allow":["GET"]}}],"collection":[{"href":"https:\/\/services-administracom.alwaysdata.net\/wp-content\/uploads\/sites\/labracelerie\/wp-json\/wp\/v2\/product"}],"about":[{"href":"https:\/\/services-administracom.alwaysdata.net\/wp-content\/uploads\/sites\/labracelerie\/wp-json\/wp\/v2\/types\/product"}],"replies":[{"embeddable":true,"href":"https:\/\/services-administracom.alwaysdata.net\/wp-content\/uploads\/sites\/labracelerie\/wp-json\/wp\/v2\/comments?post=2090"}],"wp:featuredmedia":[{"embeddable":true,"href":"https:\/\/services-administracom.alwaysdata.net\/wp-content\/uploads\/sites\/labracelerie\/wp-json\/wp\/v2\/media\/2091"}],"wp:attachment":[{"href":"https:\/\/services-administracom.alwaysdata.net\/wp-content\/uploads\/sites\/labracelerie\/wp-json\/wp\/v2\/media?parent=2090"}],"wp:term":[{"taxonomy":"product_brand","embeddable":true,"href":"https:\/\/services-administracom.alwaysdata.net\/wp-content\/uploads\/sites\/labracelerie\/wp-json\/wp\/v2\/product_brand?post=2090"},{"taxonomy":"product_cat","embeddable":true,"href":"https:\/\/services-administracom.alwaysdata.net\/wp-content\/uploads\/sites\/labracelerie\/wp-json\/wp\/v2\/product_cat?post=2090"},{"taxonomy":"product_tag","embeddable":true,"href":"https:\/\/services-administracom.alwaysdata.net\/wp-content\/uploads\/sites\/labracelerie\/wp-json\/wp\/v2\/product_tag?post=2090"}],"curies":[{"name":"wp","href":"https:\/\/api.w.org\/{rel}","templated":true}]}}