{"id":2290,"date":"2024-10-10T15:49:49","date_gmt":"2024-10-10T13:49:49","guid":{"rendered":"https:\/\/services-administracom.alwaysdata.net\/wp-content\/uploads\/sites\/labracelerie\/?post_type=product&#038;p=2290"},"modified":"2024-11-11T17:10:59","modified_gmt":"2024-11-11T16:10:59","slug":"melon-deau","status":"publish","type":"product","link":"https:\/\/services-administracom.alwaysdata.net\/wp-content\/uploads\/sites\/labracelerie\/produit\/melon-deau\/","title":{"rendered":"MELON D&rsquo;EAU"},"content":{"rendered":"","protected":false},"excerpt":{"rendered":"<p>Melon d&rsquo;eau est un ensemble confectionn\u00e9 artisanalement, il se compose<br \/>\n&#8211; d&rsquo;un bracelet tiss\u00e9 \u00e0 la main \u00e0 partir d&rsquo;une technique br\u00e9silienne avec des fils de coton, assorti d\u00a0\u00bbembouts, d&rsquo;une cha\u00eenette, d&rsquo;une breloque synth\u00e9tique  et d&rsquo;un fermoir en m\u00e9tal argent\u00e9, Taille unique,<br \/>\n&#8211; de boucles d&rsquo;oreilles tiss\u00e9es \u00e0 la main \u00e0 partir d&rsquo;une technique appel\u00e9e brick and stitch munies de crochets en argent.<\/p>\n<p>Un ensemble fruit\u00e9 pour apporter une touche de fra\u00eecheur \u00e0 vos tenues.  <\/p>\n<p> <a class=\"continue-reading-link\" href=\"https:\/\/services-administracom.alwaysdata.net\/wp-content\/uploads\/sites\/labracelerie\/produit\/melon-deau\/\"><span>Lire la Suite<\/span><i class=\"crycon-right-dir\"><\/i><\/a> <\/p>\n","protected":false},"featured_media":2291,"comment_status":"open","ping_status":"closed","template":"","meta":[],"product_brand":[],"product_cat":[493],"product_tag":[392,480],"class_list":{"0":"post-2290","1":"product","2":"type-product","3":"status-publish","4":"has-post-thumbnail","6":"product_cat-collection-macrame","7":"product_tag-collection-brick-and-stitch","8":"product_tag-melon-deau","10":"first","11":"instock","12":"sold-individually","13":"shipping-taxable","14":"purchasable","15":"product-type-simple"},"jetpack_sharing_enabled":true,"_links":{"self":[{"href":"https:\/\/services-administracom.alwaysdata.net\/wp-content\/uploads\/sites\/labracelerie\/wp-json\/wp\/v2\/product\/2290","targetHints":{"allow":["GET"]}}],"collection":[{"href":"https:\/\/services-administracom.alwaysdata.net\/wp-content\/uploads\/sites\/labracelerie\/wp-json\/wp\/v2\/product"}],"about":[{"href":"https:\/\/services-administracom.alwaysdata.net\/wp-content\/uploads\/sites\/labracelerie\/wp-json\/wp\/v2\/types\/product"}],"replies":[{"embeddable":true,"href":"https:\/\/services-administracom.alwaysdata.net\/wp-content\/uploads\/sites\/labracelerie\/wp-json\/wp\/v2\/comments?post=2290"}],"wp:featuredmedia":[{"embeddable":true,"href":"https:\/\/services-administracom.alwaysdata.net\/wp-content\/uploads\/sites\/labracelerie\/wp-json\/wp\/v2\/media\/2291"}],"wp:attachment":[{"href":"https:\/\/services-administracom.alwaysdata.net\/wp-content\/uploads\/sites\/labracelerie\/wp-json\/wp\/v2\/media?parent=2290"}],"wp:term":[{"taxonomy":"product_brand","embeddable":true,"href":"https:\/\/services-administracom.alwaysdata.net\/wp-content\/uploads\/sites\/labracelerie\/wp-json\/wp\/v2\/product_brand?post=2290"},{"taxonomy":"product_cat","embeddable":true,"href":"https:\/\/services-administracom.alwaysdata.net\/wp-content\/uploads\/sites\/labracelerie\/wp-json\/wp\/v2\/product_cat?post=2290"},{"taxonomy":"product_tag","embeddable":true,"href":"https:\/\/services-administracom.alwaysdata.net\/wp-content\/uploads\/sites\/labracelerie\/wp-json\/wp\/v2\/product_tag?post=2290"}],"curies":[{"name":"wp","href":"https:\/\/api.w.org\/{rel}","templated":true}]}}