{"id":2310,"date":"2024-11-08T19:59:25","date_gmt":"2024-11-08T18:59:25","guid":{"rendered":"https:\/\/services-administracom.alwaysdata.net\/wp-content\/uploads\/sites\/labracelerie\/?post_type=product&#038;p=2310"},"modified":"2026-02-18T17:11:20","modified_gmt":"2026-02-18T16:11:20","slug":"isis-talisman","status":"publish","type":"product","link":"https:\/\/services-administracom.alwaysdata.net\/wp-content\/uploads\/sites\/labracelerie\/produit\/isis-talisman\/","title":{"rendered":"ISIS TALISMAN"},"content":{"rendered":"","protected":false},"excerpt":{"rendered":"<p>Isis Talisman est une parure r\u00e9alis\u00e9e avec des fils de coton et des appr\u00eats en m\u00e9tal dor\u00e9. Cette parure inspir\u00e9e de l&rsquo;ancienne \u00c9gypte se compose<br \/>\n&#8211; d&rsquo;un collier talisman,<br \/>\n&#8211; de boucles d&rsquo;oreilles,<br \/>\n&#8211; d&rsquo;un bracelet,<br \/>\n&#8211; d&rsquo;une bague.<\/p>\n<p>L&rsquo;ensemble a \u00e9t\u00e9 confectionn\u00e9 \u00e0 partir de techniques de crochet et de tissage de perles.<br \/>\nIsis d\u00e9esse \u00e9gyptienne, fille de Nout et de Geb, s\u0153ur et \u00e9pouse d&rsquo;Osiris, elle apporte sur terre la civilisation. Magicienne, elle rassemble le corps d\u00e9membr\u00e9 de son \u00e9poux auquel elle redonne vie, \u00e0 la suite de quoi elle engendre Horus.<\/p>\n<p><img loading=\"lazy\" decoding=\"async\" class=\"size-medium wp-image-2317 aligncenter\" src=\"https:\/\/services-administracom.alwaysdata.net\/wp-content\/uploads\/sites\/labracelerie\/wp-content\/uploads\/2024\/11\/egypt-2854173_640-158x300.jpg\" alt=\"\" width=\"158\" height=\"300\" srcset=\"https:\/\/services-administracom.alwaysdata.net\/wp-content\/uploads\/sites\/labracelerie\/wp-content\/uploads\/2024\/11\/egypt-2854173_640-158x300.jpg 158w, https:\/\/services-administracom.alwaysdata.net\/wp-content\/uploads\/sites\/labracelerie\/wp-content\/uploads\/2024\/11\/egypt-2854173_640-79x150.jpg 79w, https:\/\/services-administracom.alwaysdata.net\/wp-content\/uploads\/sites\/labracelerie\/wp-content\/uploads\/2024\/11\/egypt-2854173_640.jpg 336w\" sizes=\"auto, (max-width: 158px) 100vw, 158px\" \/><br \/>\nPour les passionn\u00e9s du mythe \u00e9gyptologique cette parure a \u00e9t\u00e9 cr\u00e9\u00e9e pour raviver les anciennes croyances, pour les amoureux de la magie c&rsquo;est un hommage \u00e0 une grande figure f\u00e9minine de l&rsquo;histoire des civilisations. Si vous souhaitez avoir plus de d\u00e9tails sur cette d\u00e9esse je vous invite \u00e0 consulter la page Wikip\u00e9dia en cliquant sur ce lien : <a href=\"https:\/\/fr.wikipedia.org\/wiki\/Isis\" rel=\"noopener\" target=\"_blank\">Voir la page d&rsquo;Isis sur Wikip\u00e9dia<\/a><\/p>\n<p> <a class=\"continue-reading-link\" href=\"https:\/\/services-administracom.alwaysdata.net\/wp-content\/uploads\/sites\/labracelerie\/produit\/isis-talisman\/\"><span>Lire la Suite<\/span><i class=\"crycon-right-dir\"><\/i><\/a> <\/p>\n","protected":false},"featured_media":3177,"comment_status":"open","ping_status":"closed","template":"","meta":[],"product_brand":[],"product_cat":[566],"product_tag":[485,483,484],"class_list":{"0":"post-2310","1":"product","2":"type-product","3":"status-publish","4":"has-post-thumbnail","6":"product_cat-collection-de-bijoux-au-tricot-faits-main","7":"product_tag-collection-insolites","8":"product_tag-isis-talisman","9":"product_tag-talisman","11":"first","12":"outofstock","13":"sold-individually","14":"shipping-taxable","15":"purchasable","16":"product-type-simple"},"jetpack_sharing_enabled":true,"_links":{"self":[{"href":"https:\/\/services-administracom.alwaysdata.net\/wp-content\/uploads\/sites\/labracelerie\/wp-json\/wp\/v2\/product\/2310","targetHints":{"allow":["GET"]}}],"collection":[{"href":"https:\/\/services-administracom.alwaysdata.net\/wp-content\/uploads\/sites\/labracelerie\/wp-json\/wp\/v2\/product"}],"about":[{"href":"https:\/\/services-administracom.alwaysdata.net\/wp-content\/uploads\/sites\/labracelerie\/wp-json\/wp\/v2\/types\/product"}],"replies":[{"embeddable":true,"href":"https:\/\/services-administracom.alwaysdata.net\/wp-content\/uploads\/sites\/labracelerie\/wp-json\/wp\/v2\/comments?post=2310"}],"wp:featuredmedia":[{"embeddable":true,"href":"https:\/\/services-administracom.alwaysdata.net\/wp-content\/uploads\/sites\/labracelerie\/wp-json\/wp\/v2\/media\/3177"}],"wp:attachment":[{"href":"https:\/\/services-administracom.alwaysdata.net\/wp-content\/uploads\/sites\/labracelerie\/wp-json\/wp\/v2\/media?parent=2310"}],"wp:term":[{"taxonomy":"product_brand","embeddable":true,"href":"https:\/\/services-administracom.alwaysdata.net\/wp-content\/uploads\/sites\/labracelerie\/wp-json\/wp\/v2\/product_brand?post=2310"},{"taxonomy":"product_cat","embeddable":true,"href":"https:\/\/services-administracom.alwaysdata.net\/wp-content\/uploads\/sites\/labracelerie\/wp-json\/wp\/v2\/product_cat?post=2310"},{"taxonomy":"product_tag","embeddable":true,"href":"https:\/\/services-administracom.alwaysdata.net\/wp-content\/uploads\/sites\/labracelerie\/wp-json\/wp\/v2\/product_tag?post=2310"}],"curies":[{"name":"wp","href":"https:\/\/api.w.org\/{rel}","templated":true}]}}