{"id":2363,"date":"2024-11-19T16:52:21","date_gmt":"2024-11-19T15:52:21","guid":{"rendered":"https:\/\/services-administracom.alwaysdata.net\/wp-content\/uploads\/sites\/labracelerie\/?post_type=product&#038;p=2363"},"modified":"2024-11-19T17:00:21","modified_gmt":"2024-11-19T16:00:21","slug":"sagesse","status":"publish","type":"product","link":"https:\/\/services-administracom.alwaysdata.net\/wp-content\/uploads\/sites\/labracelerie\/produit\/sagesse\/","title":{"rendered":"SAGESSE"},"content":{"rendered":"","protected":false},"excerpt":{"rendered":"<p>Sagesse est une parure confectionn\u00e9e artisanalement avec de la r\u00e9sine \u00e9poxy. La parure se compose :<\/p>\n<p>&#8211; d&rsquo;un bracelet tib\u00e9tain assorti d&rsquo;une breloque en m\u00e9tal argent\u00e9 (taille unique)<br \/>\n&#8211; d&rsquo;une cha\u00eene en m\u00e9tal argent\u00e9  orn\u00e9e d&rsquo;un pendentif en r\u00e9sine \u00e9poxy serti d&rsquo;un m\u00e9daillon en m\u00e9tal argent\u00e9,<br \/>\n&#8211; de boucles d&rsquo;oreilles en r\u00e9sine \u00e9poxy munies de crochets en argent.<\/p>\n<p>La chouette animal magique, symbole de sagesse, associ\u00e9e \u00e0 l&rsquo;intuition, en connexion avec le  monde spirituel et porte bonheur a inspir\u00e9 cette cr\u00e9ation.<br \/>\nEn tant qu&rsquo;animal totem, elle est  un puissant guide spirituel et un symbole de croissance int\u00e9rieure.<br \/>\nUn mod\u00e8le pour toutes les femmes en qu\u00eate de spiritualit\u00e9.<\/p>\n<p> <a class=\"continue-reading-link\" href=\"https:\/\/services-administracom.alwaysdata.net\/wp-content\/uploads\/sites\/labracelerie\/produit\/sagesse\/\"><span>Lire la Suite<\/span><i class=\"crycon-right-dir\"><\/i><\/a> <\/p>\n","protected":false},"featured_media":2364,"comment_status":"open","ping_status":"closed","template":"","meta":[],"product_brand":[],"product_cat":[184],"product_tag":[400,496],"class_list":{"0":"post-2363","1":"product","2":"type-product","3":"status-publish","4":"has-post-thumbnail","6":"product_cat-parures","7":"product_tag-collection-parures","8":"product_tag-sagesse","10":"first","11":"instock","12":"sold-individually","13":"shipping-taxable","14":"purchasable","15":"product-type-simple"},"jetpack_sharing_enabled":true,"_links":{"self":[{"href":"https:\/\/services-administracom.alwaysdata.net\/wp-content\/uploads\/sites\/labracelerie\/wp-json\/wp\/v2\/product\/2363","targetHints":{"allow":["GET"]}}],"collection":[{"href":"https:\/\/services-administracom.alwaysdata.net\/wp-content\/uploads\/sites\/labracelerie\/wp-json\/wp\/v2\/product"}],"about":[{"href":"https:\/\/services-administracom.alwaysdata.net\/wp-content\/uploads\/sites\/labracelerie\/wp-json\/wp\/v2\/types\/product"}],"replies":[{"embeddable":true,"href":"https:\/\/services-administracom.alwaysdata.net\/wp-content\/uploads\/sites\/labracelerie\/wp-json\/wp\/v2\/comments?post=2363"}],"wp:featuredmedia":[{"embeddable":true,"href":"https:\/\/services-administracom.alwaysdata.net\/wp-content\/uploads\/sites\/labracelerie\/wp-json\/wp\/v2\/media\/2364"}],"wp:attachment":[{"href":"https:\/\/services-administracom.alwaysdata.net\/wp-content\/uploads\/sites\/labracelerie\/wp-json\/wp\/v2\/media?parent=2363"}],"wp:term":[{"taxonomy":"product_brand","embeddable":true,"href":"https:\/\/services-administracom.alwaysdata.net\/wp-content\/uploads\/sites\/labracelerie\/wp-json\/wp\/v2\/product_brand?post=2363"},{"taxonomy":"product_cat","embeddable":true,"href":"https:\/\/services-administracom.alwaysdata.net\/wp-content\/uploads\/sites\/labracelerie\/wp-json\/wp\/v2\/product_cat?post=2363"},{"taxonomy":"product_tag","embeddable":true,"href":"https:\/\/services-administracom.alwaysdata.net\/wp-content\/uploads\/sites\/labracelerie\/wp-json\/wp\/v2\/product_tag?post=2363"}],"curies":[{"name":"wp","href":"https:\/\/api.w.org\/{rel}","templated":true}]}}