{"id":2381,"date":"2024-11-20T19:49:50","date_gmt":"2024-11-20T18:49:50","guid":{"rendered":"https:\/\/services-administracom.alwaysdata.net\/wp-content\/uploads\/sites\/labracelerie\/?post_type=product&#038;p=2381"},"modified":"2024-11-20T19:49:50","modified_gmt":"2024-11-20T18:49:50","slug":"fleur-de-pecher","status":"publish","type":"product","link":"https:\/\/services-administracom.alwaysdata.net\/wp-content\/uploads\/sites\/labracelerie\/produit\/fleur-de-pecher\/","title":{"rendered":"FLEUR DE P\u00caCHER"},"content":{"rendered":"","protected":false},"excerpt":{"rendered":"<p>Fleur de P\u00eacher est une parure artisanale r\u00e9alis\u00e9e avec de la r\u00e9sine \u00e9poxy. La parure se compose :<\/p>\n<p>&#8211; d&rsquo;un bracelet en laiton muni d&rsquo;une cha\u00eenette taille unique,<br \/>\n&#8211; de boucles d&rsquo;oreilles munies de crochets en m\u00e9tal dor\u00e9,<br \/>\n&#8211; d&rsquo;un sautoir en coton assorti d&rsquo;un pendentif en r\u00e9sine \u00e9poxy, de perles synth\u00e9tiques et d&rsquo;un pompon,<\/p>\n<p>Le fil conducteur de cette cr\u00e9ation a \u00e9t\u00e9  la recherche de la couleur p\u00eache des boucles d&rsquo;oreilles (elles peuvent pr\u00e9senter quelques irr\u00e9gularit\u00e9s non visibles sur la photo).  Une parure l\u00e9g\u00e8re \u00e0 porter avec vos tenues printani\u00e8res.  <\/p>\n<p> <a class=\"continue-reading-link\" href=\"https:\/\/services-administracom.alwaysdata.net\/wp-content\/uploads\/sites\/labracelerie\/produit\/fleur-de-pecher\/\"><span>Lire la Suite<\/span><i class=\"crycon-right-dir\"><\/i><\/a> <\/p>\n","protected":false},"featured_media":2382,"comment_status":"open","ping_status":"closed","template":"","meta":[],"product_brand":[],"product_cat":[182],"product_tag":[],"class_list":{"0":"post-2381","1":"product","2":"type-product","3":"status-publish","4":"has-post-thumbnail","6":"product_cat-collection-femmes","8":"first","9":"instock","10":"sold-individually","11":"shipping-taxable","12":"purchasable","13":"product-type-simple"},"jetpack_sharing_enabled":true,"_links":{"self":[{"href":"https:\/\/services-administracom.alwaysdata.net\/wp-content\/uploads\/sites\/labracelerie\/wp-json\/wp\/v2\/product\/2381","targetHints":{"allow":["GET"]}}],"collection":[{"href":"https:\/\/services-administracom.alwaysdata.net\/wp-content\/uploads\/sites\/labracelerie\/wp-json\/wp\/v2\/product"}],"about":[{"href":"https:\/\/services-administracom.alwaysdata.net\/wp-content\/uploads\/sites\/labracelerie\/wp-json\/wp\/v2\/types\/product"}],"replies":[{"embeddable":true,"href":"https:\/\/services-administracom.alwaysdata.net\/wp-content\/uploads\/sites\/labracelerie\/wp-json\/wp\/v2\/comments?post=2381"}],"wp:featuredmedia":[{"embeddable":true,"href":"https:\/\/services-administracom.alwaysdata.net\/wp-content\/uploads\/sites\/labracelerie\/wp-json\/wp\/v2\/media\/2382"}],"wp:attachment":[{"href":"https:\/\/services-administracom.alwaysdata.net\/wp-content\/uploads\/sites\/labracelerie\/wp-json\/wp\/v2\/media?parent=2381"}],"wp:term":[{"taxonomy":"product_brand","embeddable":true,"href":"https:\/\/services-administracom.alwaysdata.net\/wp-content\/uploads\/sites\/labracelerie\/wp-json\/wp\/v2\/product_brand?post=2381"},{"taxonomy":"product_cat","embeddable":true,"href":"https:\/\/services-administracom.alwaysdata.net\/wp-content\/uploads\/sites\/labracelerie\/wp-json\/wp\/v2\/product_cat?post=2381"},{"taxonomy":"product_tag","embeddable":true,"href":"https:\/\/services-administracom.alwaysdata.net\/wp-content\/uploads\/sites\/labracelerie\/wp-json\/wp\/v2\/product_tag?post=2381"}],"curies":[{"name":"wp","href":"https:\/\/api.w.org\/{rel}","templated":true}]}}