{"id":273,"date":"2022-07-25T16:48:31","date_gmt":"2022-07-25T14:48:31","guid":{"rendered":"https:\/\/services-administracom.alwaysdata.net\/wp-content\/uploads\/sites\/labracelerie\/?post_type=product&#038;p=273"},"modified":"2022-09-02T23:56:16","modified_gmt":"2022-09-02T21:56:16","slug":"lavignon","status":"publish","type":"product","link":"https:\/\/services-administracom.alwaysdata.net\/wp-content\/uploads\/sites\/labracelerie\/produit\/lavignon\/","title":{"rendered":"AVIGNON"},"content":{"rendered":"","protected":false},"excerpt":{"rendered":"<p>Bracelet tiss\u00e9 artisanalement avec des fils de coton. Porte-bonheur discret, sa couleur rouge vous prot\u00e9gera, sa couleur jaune vous apportera la chance et sa couleur bleu la prosp\u00e9rit\u00e9.<\/p>\n<p> <a class=\"continue-reading-link\" href=\"https:\/\/services-administracom.alwaysdata.net\/wp-content\/uploads\/sites\/labracelerie\/produit\/lavignon\/\"><span>Lire la Suite<\/span><i class=\"crycon-right-dir\"><\/i><\/a> <\/p>\n","protected":false},"featured_media":178,"comment_status":"open","ping_status":"closed","template":"","meta":[],"product_brand":[],"product_cat":[114],"product_tag":[118,119],"class_list":{"0":"post-273","1":"product","2":"type-product","3":"status-publish","4":"has-post-thumbnail","6":"product_cat-porte-bonheur","7":"product_tag-avignon","8":"product_tag-france","10":"first","11":"instock","12":"sold-individually","13":"shipping-taxable","14":"purchasable","15":"product-type-simple"},"jetpack_sharing_enabled":true,"_links":{"self":[{"href":"https:\/\/services-administracom.alwaysdata.net\/wp-content\/uploads\/sites\/labracelerie\/wp-json\/wp\/v2\/product\/273","targetHints":{"allow":["GET"]}}],"collection":[{"href":"https:\/\/services-administracom.alwaysdata.net\/wp-content\/uploads\/sites\/labracelerie\/wp-json\/wp\/v2\/product"}],"about":[{"href":"https:\/\/services-administracom.alwaysdata.net\/wp-content\/uploads\/sites\/labracelerie\/wp-json\/wp\/v2\/types\/product"}],"replies":[{"embeddable":true,"href":"https:\/\/services-administracom.alwaysdata.net\/wp-content\/uploads\/sites\/labracelerie\/wp-json\/wp\/v2\/comments?post=273"}],"wp:featuredmedia":[{"embeddable":true,"href":"https:\/\/services-administracom.alwaysdata.net\/wp-content\/uploads\/sites\/labracelerie\/wp-json\/wp\/v2\/media\/178"}],"wp:attachment":[{"href":"https:\/\/services-administracom.alwaysdata.net\/wp-content\/uploads\/sites\/labracelerie\/wp-json\/wp\/v2\/media?parent=273"}],"wp:term":[{"taxonomy":"product_brand","embeddable":true,"href":"https:\/\/services-administracom.alwaysdata.net\/wp-content\/uploads\/sites\/labracelerie\/wp-json\/wp\/v2\/product_brand?post=273"},{"taxonomy":"product_cat","embeddable":true,"href":"https:\/\/services-administracom.alwaysdata.net\/wp-content\/uploads\/sites\/labracelerie\/wp-json\/wp\/v2\/product_cat?post=273"},{"taxonomy":"product_tag","embeddable":true,"href":"https:\/\/services-administracom.alwaysdata.net\/wp-content\/uploads\/sites\/labracelerie\/wp-json\/wp\/v2\/product_tag?post=273"}],"curies":[{"name":"wp","href":"https:\/\/api.w.org\/{rel}","templated":true}]}}