{"id":2784,"date":"2025-12-30T16:17:52","date_gmt":"2025-12-30T15:17:52","guid":{"rendered":"https:\/\/services-administracom.alwaysdata.net\/wp-content\/uploads\/sites\/labracelerie\/?post_type=product&#038;p=2784"},"modified":"2025-12-30T21:13:55","modified_gmt":"2025-12-30T20:13:55","slug":"new-year","status":"publish","type":"product","link":"https:\/\/services-administracom.alwaysdata.net\/wp-content\/uploads\/sites\/labracelerie\/produit\/new-year\/","title":{"rendered":"NEW YEAR"},"content":{"rendered":"","protected":false},"excerpt":{"rendered":"<p>New Year est une parure confectionn\u00e9e semi-artisanalement. La parure se compose<br \/>\n&#8211; collier perles mixtes en r\u00e9sine \u00e9poxy, assorti de rubans munis d&#8217;embouts en m\u00e9tal dor\u00e9, taille unique,<br \/>\n&#8211; boucles d&rsquo;oreilles perles mixtes munies de puces en acier inoxydable,<br \/>\n&#8211; bracelet extensible  perles tubes en r\u00e9sine assorti de perles d&rsquo;espacements en m\u00e9tal or et m\u00e9tal argent\u00e9, taille unique.<\/p>\n<p>Handmade France a cr\u00e9\u00e9 cette parure pour le r\u00e9veillon du nouvel an. Sobre et \u00e9l\u00e9gante elle sublimera parfaitement  votre tenue de f\u00eate.<\/p>\n<p> <a class=\"continue-reading-link\" href=\"https:\/\/services-administracom.alwaysdata.net\/wp-content\/uploads\/sites\/labracelerie\/produit\/new-year\/\"><span>Lire la Suite<\/span><i class=\"crycon-right-dir\"><\/i><\/a> <\/p>\n","protected":false},"featured_media":2786,"comment_status":"open","ping_status":"closed","template":"","meta":[],"product_brand":[],"product_cat":[541,184],"product_tag":[526,189,325,527],"class_list":{"0":"post-2784","1":"product","2":"type-product","3":"status-publish","4":"has-post-thumbnail","6":"product_cat-collection-de-fetes","7":"product_cat-parures","8":"product_tag-new-year","9":"product_tag-parure","10":"product_tag-resine","11":"product_tag-reveillon","13":"first","14":"instock","15":"sold-individually","16":"shipping-taxable","17":"purchasable","18":"product-type-simple"},"jetpack_sharing_enabled":true,"_links":{"self":[{"href":"https:\/\/services-administracom.alwaysdata.net\/wp-content\/uploads\/sites\/labracelerie\/wp-json\/wp\/v2\/product\/2784","targetHints":{"allow":["GET"]}}],"collection":[{"href":"https:\/\/services-administracom.alwaysdata.net\/wp-content\/uploads\/sites\/labracelerie\/wp-json\/wp\/v2\/product"}],"about":[{"href":"https:\/\/services-administracom.alwaysdata.net\/wp-content\/uploads\/sites\/labracelerie\/wp-json\/wp\/v2\/types\/product"}],"replies":[{"embeddable":true,"href":"https:\/\/services-administracom.alwaysdata.net\/wp-content\/uploads\/sites\/labracelerie\/wp-json\/wp\/v2\/comments?post=2784"}],"wp:featuredmedia":[{"embeddable":true,"href":"https:\/\/services-administracom.alwaysdata.net\/wp-content\/uploads\/sites\/labracelerie\/wp-json\/wp\/v2\/media\/2786"}],"wp:attachment":[{"href":"https:\/\/services-administracom.alwaysdata.net\/wp-content\/uploads\/sites\/labracelerie\/wp-json\/wp\/v2\/media?parent=2784"}],"wp:term":[{"taxonomy":"product_brand","embeddable":true,"href":"https:\/\/services-administracom.alwaysdata.net\/wp-content\/uploads\/sites\/labracelerie\/wp-json\/wp\/v2\/product_brand?post=2784"},{"taxonomy":"product_cat","embeddable":true,"href":"https:\/\/services-administracom.alwaysdata.net\/wp-content\/uploads\/sites\/labracelerie\/wp-json\/wp\/v2\/product_cat?post=2784"},{"taxonomy":"product_tag","embeddable":true,"href":"https:\/\/services-administracom.alwaysdata.net\/wp-content\/uploads\/sites\/labracelerie\/wp-json\/wp\/v2\/product_tag?post=2784"}],"curies":[{"name":"wp","href":"https:\/\/api.w.org\/{rel}","templated":true}]}}