{"id":2790,"date":"2025-12-30T17:05:45","date_gmt":"2025-12-30T16:05:45","guid":{"rendered":"https:\/\/services-administracom.alwaysdata.net\/wp-content\/uploads\/sites\/labracelerie\/?post_type=product&#038;p=2790"},"modified":"2026-02-23T18:34:00","modified_gmt":"2026-02-23T17:34:00","slug":"bracelets-new-year","status":"publish","type":"product","link":"https:\/\/services-administracom.alwaysdata.net\/wp-content\/uploads\/sites\/labracelerie\/produit\/bracelets-new-year\/","title":{"rendered":"NEW YEAR"},"content":{"rendered":"","protected":false},"excerpt":{"rendered":"<p>Le Bracelet New Year a \u00e9t\u00e9 confectionn\u00e9 semi-artisanalement, cr\u00e9\u00e9 sp\u00e9cialement pour les f\u00eates de fin d&rsquo;ann\u00e9e. Il se d\u00e9cline dans diff\u00e9rents coloris<br \/>\nDescriptif :<br \/>\nBracelet extensible fa\u00e7onn\u00e9 avec des perles tubes en r\u00e9sine assorti de perles d&rsquo;espacement m\u00e9tal or ou m\u00e9tal argent\u00e9.<br \/>\nColoris :<br \/>\nBlanc\/rouge, Marron, Orange, P\u00eache\/Jaune clair, Jaune clair\/transparent, Vert, Vert clair, P\u00eache, Gris<br \/>\nTaille unique vendu \u00e0 l&rsquo;unit\u00e9<\/p>\n<p> <a class=\"continue-reading-link\" href=\"https:\/\/services-administracom.alwaysdata.net\/wp-content\/uploads\/sites\/labracelerie\/produit\/bracelets-new-year\/\"><span>Lire la Suite<\/span><i class=\"crycon-right-dir\"><\/i><\/a> <\/p>\n","protected":false},"featured_media":2793,"comment_status":"open","ping_status":"closed","template":"","meta":[],"product_brand":[],"product_cat":[541,182],"product_tag":[361,526,325],"class_list":{"0":"post-2790","1":"product","2":"type-product","3":"status-publish","4":"has-post-thumbnail","6":"product_cat-collection-de-fetes","7":"product_cat-collection-femmes","8":"product_tag-collection-femme","9":"product_tag-new-year","10":"product_tag-resine","12":"first","13":"instock","14":"sold-individually","15":"shipping-taxable","16":"purchasable","17":"product-type-variable"},"jetpack_sharing_enabled":true,"_links":{"self":[{"href":"https:\/\/services-administracom.alwaysdata.net\/wp-content\/uploads\/sites\/labracelerie\/wp-json\/wp\/v2\/product\/2790","targetHints":{"allow":["GET"]}}],"collection":[{"href":"https:\/\/services-administracom.alwaysdata.net\/wp-content\/uploads\/sites\/labracelerie\/wp-json\/wp\/v2\/product"}],"about":[{"href":"https:\/\/services-administracom.alwaysdata.net\/wp-content\/uploads\/sites\/labracelerie\/wp-json\/wp\/v2\/types\/product"}],"replies":[{"embeddable":true,"href":"https:\/\/services-administracom.alwaysdata.net\/wp-content\/uploads\/sites\/labracelerie\/wp-json\/wp\/v2\/comments?post=2790"}],"wp:featuredmedia":[{"embeddable":true,"href":"https:\/\/services-administracom.alwaysdata.net\/wp-content\/uploads\/sites\/labracelerie\/wp-json\/wp\/v2\/media\/2793"}],"wp:attachment":[{"href":"https:\/\/services-administracom.alwaysdata.net\/wp-content\/uploads\/sites\/labracelerie\/wp-json\/wp\/v2\/media?parent=2790"}],"wp:term":[{"taxonomy":"product_brand","embeddable":true,"href":"https:\/\/services-administracom.alwaysdata.net\/wp-content\/uploads\/sites\/labracelerie\/wp-json\/wp\/v2\/product_brand?post=2790"},{"taxonomy":"product_cat","embeddable":true,"href":"https:\/\/services-administracom.alwaysdata.net\/wp-content\/uploads\/sites\/labracelerie\/wp-json\/wp\/v2\/product_cat?post=2790"},{"taxonomy":"product_tag","embeddable":true,"href":"https:\/\/services-administracom.alwaysdata.net\/wp-content\/uploads\/sites\/labracelerie\/wp-json\/wp\/v2\/product_tag?post=2790"}],"curies":[{"name":"wp","href":"https:\/\/api.w.org\/{rel}","templated":true}]}}