{"id":2814,"date":"2025-12-30T18:55:14","date_gmt":"2025-12-30T17:55:14","guid":{"rendered":"https:\/\/services-administracom.alwaysdata.net\/wp-content\/uploads\/sites\/labracelerie\/?post_type=product&#038;p=2814"},"modified":"2026-03-06T19:16:08","modified_gmt":"2026-03-06T18:16:08","slug":"tigresse-2","status":"publish","type":"product","link":"https:\/\/services-administracom.alwaysdata.net\/wp-content\/uploads\/sites\/labracelerie\/produit\/tigresse-2\/","title":{"rendered":"TIGRESSE"},"content":{"rendered":"","protected":false},"excerpt":{"rendered":"<p>Tigresse est une parure confectionn\u00e9e artisanalement avec de la p\u00e2te polym\u00e8re elle se compose<br \/>\n&#8211; boucles d&rsquo;oreilles en p\u00e2te polym\u00e8re motif animalier, munies de cadres et crochets en m\u00e9tal bronze,<br \/>\n&#8211; pendentif en p\u00e2te polym\u00e8re motif animalier, muni d&rsquo;un cadre en m\u00e9tal bronze, de perles en p\u00e2te polym\u00e8re, assorti de cordons en faux daim et d&rsquo;un fermoir bouchon en m\u00e9tal bronze.<\/p>\n<p>Cette parure animali\u00e8re fera des ravages \u00e0 la fois sexy et f\u00e9line elle ne laissera pas indiff\u00e9rent vos pr\u00e9tendants.<\/p>\n<p> <a class=\"continue-reading-link\" href=\"https:\/\/services-administracom.alwaysdata.net\/wp-content\/uploads\/sites\/labracelerie\/produit\/tigresse-2\/\"><span>Lire la Suite<\/span><i class=\"crycon-right-dir\"><\/i><\/a> <\/p>\n","protected":false},"featured_media":3413,"comment_status":"open","ping_status":"closed","template":"","meta":[],"product_brand":[],"product_cat":[569,541,184],"product_tag":[532,189,390,417],"class_list":{"0":"post-2814","1":"product","2":"type-product","3":"status-publish","4":"has-post-thumbnail","6":"product_cat-collection-de-bijoux-en-pate-polymere","7":"product_cat-collection-de-fetes","8":"product_cat-parures","9":"product_tag-fete","10":"product_tag-parure","11":"product_tag-pate-polymere","12":"product_tag-tigresse","14":"first","15":"instock","16":"sold-individually","17":"shipping-taxable","18":"purchasable","19":"product-type-simple"},"jetpack_sharing_enabled":true,"_links":{"self":[{"href":"https:\/\/services-administracom.alwaysdata.net\/wp-content\/uploads\/sites\/labracelerie\/wp-json\/wp\/v2\/product\/2814","targetHints":{"allow":["GET"]}}],"collection":[{"href":"https:\/\/services-administracom.alwaysdata.net\/wp-content\/uploads\/sites\/labracelerie\/wp-json\/wp\/v2\/product"}],"about":[{"href":"https:\/\/services-administracom.alwaysdata.net\/wp-content\/uploads\/sites\/labracelerie\/wp-json\/wp\/v2\/types\/product"}],"replies":[{"embeddable":true,"href":"https:\/\/services-administracom.alwaysdata.net\/wp-content\/uploads\/sites\/labracelerie\/wp-json\/wp\/v2\/comments?post=2814"}],"wp:featuredmedia":[{"embeddable":true,"href":"https:\/\/services-administracom.alwaysdata.net\/wp-content\/uploads\/sites\/labracelerie\/wp-json\/wp\/v2\/media\/3413"}],"wp:attachment":[{"href":"https:\/\/services-administracom.alwaysdata.net\/wp-content\/uploads\/sites\/labracelerie\/wp-json\/wp\/v2\/media?parent=2814"}],"wp:term":[{"taxonomy":"product_brand","embeddable":true,"href":"https:\/\/services-administracom.alwaysdata.net\/wp-content\/uploads\/sites\/labracelerie\/wp-json\/wp\/v2\/product_brand?post=2814"},{"taxonomy":"product_cat","embeddable":true,"href":"https:\/\/services-administracom.alwaysdata.net\/wp-content\/uploads\/sites\/labracelerie\/wp-json\/wp\/v2\/product_cat?post=2814"},{"taxonomy":"product_tag","embeddable":true,"href":"https:\/\/services-administracom.alwaysdata.net\/wp-content\/uploads\/sites\/labracelerie\/wp-json\/wp\/v2\/product_tag?post=2814"}],"curies":[{"name":"wp","href":"https:\/\/api.w.org\/{rel}","templated":true}]}}