{"id":2935,"date":"2026-02-12T18:31:51","date_gmt":"2026-02-12T17:31:51","guid":{"rendered":"https:\/\/services-administracom.alwaysdata.net\/wp-content\/uploads\/sites\/labracelerie\/?post_type=product&#038;p=2935"},"modified":"2026-03-06T19:08:17","modified_gmt":"2026-03-06T18:08:17","slug":"envolee-damour","status":"publish","type":"product","link":"https:\/\/services-administracom.alwaysdata.net\/wp-content\/uploads\/sites\/labracelerie\/produit\/envolee-damour\/","title":{"rendered":"ENVOLEE D&rsquo;AMOUR"},"content":{"rendered":"","protected":false},"excerpt":{"rendered":"<p>Envol\u00e9e d&rsquo;amour est une parure confectionn\u00e9e artisanalement avec de la p\u00e2te polym\u00e8re elle se compose :<\/p>\n<p>Descriptif : <\/p>\n<p>&#8211; Collier en fils de daim synth\u00e9tique assorti de perles en verre serti d\u2019un pendentif en p\u00e2te polym\u00e8re muni d\u2019embouts, fermoir en m\u00e9tal argent\u00e9<br \/>\n&#8211; Boucles d\u2019oreilles en p\u00e2te polym\u00e8re munies de puces en m\u00e9tal argent\u00e9<\/p>\n<p> <a class=\"continue-reading-link\" href=\"https:\/\/services-administracom.alwaysdata.net\/wp-content\/uploads\/sites\/labracelerie\/produit\/envolee-damour\/\"><span>Lire la Suite<\/span><i class=\"crycon-right-dir\"><\/i><\/a> <\/p>\n","protected":false},"featured_media":2939,"comment_status":"open","ping_status":"closed","template":"","meta":[],"product_brand":[],"product_cat":[569,184,548],"product_tag":[555,553,551,550,552],"class_list":{"0":"post-2935","1":"product","2":"type-product","3":"status-publish","4":"has-post-thumbnail","6":"product_cat-collection-de-bijoux-en-pate-polymere","7":"product_cat-parures","8":"product_cat-collection-st-valentin","9":"product_tag-envolee-damour","10":"product_tag-love","11":"product_tag-saint-valentin","12":"product_tag-st-valentin","13":"product_tag-valentine-days","15":"first","16":"instock","17":"sold-individually","18":"shipping-taxable","19":"purchasable","20":"product-type-simple"},"jetpack_sharing_enabled":true,"_links":{"self":[{"href":"https:\/\/services-administracom.alwaysdata.net\/wp-content\/uploads\/sites\/labracelerie\/wp-json\/wp\/v2\/product\/2935","targetHints":{"allow":["GET"]}}],"collection":[{"href":"https:\/\/services-administracom.alwaysdata.net\/wp-content\/uploads\/sites\/labracelerie\/wp-json\/wp\/v2\/product"}],"about":[{"href":"https:\/\/services-administracom.alwaysdata.net\/wp-content\/uploads\/sites\/labracelerie\/wp-json\/wp\/v2\/types\/product"}],"replies":[{"embeddable":true,"href":"https:\/\/services-administracom.alwaysdata.net\/wp-content\/uploads\/sites\/labracelerie\/wp-json\/wp\/v2\/comments?post=2935"}],"wp:featuredmedia":[{"embeddable":true,"href":"https:\/\/services-administracom.alwaysdata.net\/wp-content\/uploads\/sites\/labracelerie\/wp-json\/wp\/v2\/media\/2939"}],"wp:attachment":[{"href":"https:\/\/services-administracom.alwaysdata.net\/wp-content\/uploads\/sites\/labracelerie\/wp-json\/wp\/v2\/media?parent=2935"}],"wp:term":[{"taxonomy":"product_brand","embeddable":true,"href":"https:\/\/services-administracom.alwaysdata.net\/wp-content\/uploads\/sites\/labracelerie\/wp-json\/wp\/v2\/product_brand?post=2935"},{"taxonomy":"product_cat","embeddable":true,"href":"https:\/\/services-administracom.alwaysdata.net\/wp-content\/uploads\/sites\/labracelerie\/wp-json\/wp\/v2\/product_cat?post=2935"},{"taxonomy":"product_tag","embeddable":true,"href":"https:\/\/services-administracom.alwaysdata.net\/wp-content\/uploads\/sites\/labracelerie\/wp-json\/wp\/v2\/product_tag?post=2935"}],"curies":[{"name":"wp","href":"https:\/\/api.w.org\/{rel}","templated":true}]}}