{"id":2999,"date":"2026-02-13T20:59:02","date_gmt":"2026-02-13T19:59:02","guid":{"rendered":"https:\/\/services-administracom.alwaysdata.net\/wp-content\/uploads\/sites\/labracelerie\/?post_type=product&#038;p=2999"},"modified":"2026-03-13T17:39:17","modified_gmt":"2026-03-13T16:39:17","slug":"collection-de-pieces-faites-main-au-tricot-et-au-crochet","status":"publish","type":"product","link":"https:\/\/services-administracom.alwaysdata.net\/wp-content\/uploads\/sites\/labracelerie\/produit\/collection-de-pieces-faites-main-au-tricot-et-au-crochet\/","title":{"rendered":"COLLECTION DE PIECES FAITES MAIN  AU CROCHET"},"content":{"rendered":"","protected":false},"excerpt":{"rendered":"<p>Vous trouverez dans cette page une collection de pi\u00e8ces r\u00e9alis\u00e9es au crochet. Une collection \u00e9clectique, des mod\u00e8les uniques faits avec patience et assiduit\u00e9 au gr\u00e9 des saisons et de mes envies. J&rsquo;esp\u00e8re que vous appr\u00e9cierez ce travail r\u00e9alis\u00e9 de fa\u00e7on traditionnelle. Conseils pour le lavage : Laver \u00e0 la main \ud83d\ude42<\/p>\n<p> <a class=\"continue-reading-link\" href=\"https:\/\/services-administracom.alwaysdata.net\/wp-content\/uploads\/sites\/labracelerie\/produit\/collection-de-pieces-faites-main-au-tricot-et-au-crochet\/\"><span>Lire la Suite<\/span><i class=\"crycon-right-dir\"><\/i><\/a> <\/p>\n","protected":false},"featured_media":3246,"comment_status":"open","ping_status":"closed","template":"","meta":[],"product_brand":[],"product_cat":[568,548],"product_tag":[576,423,553,551,575,550,574,534,552],"class_list":{"0":"post-2999","1":"product","2":"type-product","3":"status-publish","4":"has-post-thumbnail","6":"product_cat-collection-de-pieces-faites-main-au-crochet","7":"product_cat-collection-st-valentin","8":"product_tag-candy","9":"product_tag-crochet","10":"product_tag-love","11":"product_tag-saint-valentin","12":"product_tag-seduction","13":"product_tag-st-valentin","14":"product_tag-top","15":"product_tag-tricot","16":"product_tag-valentine-days","18":"first","19":"instock","20":"shipping-taxable","21":"purchasable","22":"product-type-variable"},"jetpack_sharing_enabled":true,"_links":{"self":[{"href":"https:\/\/services-administracom.alwaysdata.net\/wp-content\/uploads\/sites\/labracelerie\/wp-json\/wp\/v2\/product\/2999","targetHints":{"allow":["GET"]}}],"collection":[{"href":"https:\/\/services-administracom.alwaysdata.net\/wp-content\/uploads\/sites\/labracelerie\/wp-json\/wp\/v2\/product"}],"about":[{"href":"https:\/\/services-administracom.alwaysdata.net\/wp-content\/uploads\/sites\/labracelerie\/wp-json\/wp\/v2\/types\/product"}],"replies":[{"embeddable":true,"href":"https:\/\/services-administracom.alwaysdata.net\/wp-content\/uploads\/sites\/labracelerie\/wp-json\/wp\/v2\/comments?post=2999"}],"wp:featuredmedia":[{"embeddable":true,"href":"https:\/\/services-administracom.alwaysdata.net\/wp-content\/uploads\/sites\/labracelerie\/wp-json\/wp\/v2\/media\/3246"}],"wp:attachment":[{"href":"https:\/\/services-administracom.alwaysdata.net\/wp-content\/uploads\/sites\/labracelerie\/wp-json\/wp\/v2\/media?parent=2999"}],"wp:term":[{"taxonomy":"product_brand","embeddable":true,"href":"https:\/\/services-administracom.alwaysdata.net\/wp-content\/uploads\/sites\/labracelerie\/wp-json\/wp\/v2\/product_brand?post=2999"},{"taxonomy":"product_cat","embeddable":true,"href":"https:\/\/services-administracom.alwaysdata.net\/wp-content\/uploads\/sites\/labracelerie\/wp-json\/wp\/v2\/product_cat?post=2999"},{"taxonomy":"product_tag","embeddable":true,"href":"https:\/\/services-administracom.alwaysdata.net\/wp-content\/uploads\/sites\/labracelerie\/wp-json\/wp\/v2\/product_tag?post=2999"}],"curies":[{"name":"wp","href":"https:\/\/api.w.org\/{rel}","templated":true}]}}