{"id":3169,"date":"2026-02-18T16:58:42","date_gmt":"2026-02-18T15:58:42","guid":{"rendered":"https:\/\/services-administracom.alwaysdata.net\/wp-content\/uploads\/sites\/labracelerie\/?post_type=product&#038;p=3169"},"modified":"2026-02-18T17:02:23","modified_gmt":"2026-02-18T16:02:23","slug":"plume-de-paon","status":"publish","type":"product","link":"https:\/\/services-administracom.alwaysdata.net\/wp-content\/uploads\/sites\/labracelerie\/produit\/plume-de-paon\/","title":{"rendered":"PLUME DE PAON"},"content":{"rendered":"","protected":false},"excerpt":{"rendered":"<p>Plume de paon est une parure confectionn\u00e9e artisanalement \u00e0 partir de techniques de crochet, macram\u00e9, de tissage de perles, r\u00e9sine \u00e9poxy elle se compose :<br \/>\n-Collier fil polyester, fils de coton, perles de rocaille, perles mixtes, cabochon r\u00e9sine \u00e9poxy,<br \/>\n-Boucles d&rsquo;oreilles fil polyester, fils de coton, perles de rocaille, perles mixtes, crochets argent<br \/>\n-1 bracelet fils polyester, fils coton, perles de rocaille<br \/>\n-1 bracelet cheville fils polyester, fils coton, perles de rocaille, attache bouton r\u00e9sine   <\/p>\n<p> <a class=\"continue-reading-link\" href=\"https:\/\/services-administracom.alwaysdata.net\/wp-content\/uploads\/sites\/labracelerie\/produit\/plume-de-paon\/\"><span>Lire la Suite<\/span><i class=\"crycon-right-dir\"><\/i><\/a> <\/p>\n","protected":false},"featured_media":3170,"comment_status":"open","ping_status":"closed","template":"","meta":[],"product_brand":[],"product_cat":[482],"product_tag":[578,579,577],"class_list":{"0":"post-3169","1":"product","2":"type-product","3":"status-publish","4":"has-post-thumbnail","6":"product_cat-collection-crochet","7":"product_tag-bijoux-crochet","8":"product_tag-faits-main","9":"product_tag-plume-de-paon","11":"first","12":"instock","13":"sold-individually","14":"shipping-taxable","15":"purchasable","16":"product-type-simple"},"jetpack_sharing_enabled":true,"_links":{"self":[{"href":"https:\/\/services-administracom.alwaysdata.net\/wp-content\/uploads\/sites\/labracelerie\/wp-json\/wp\/v2\/product\/3169","targetHints":{"allow":["GET"]}}],"collection":[{"href":"https:\/\/services-administracom.alwaysdata.net\/wp-content\/uploads\/sites\/labracelerie\/wp-json\/wp\/v2\/product"}],"about":[{"href":"https:\/\/services-administracom.alwaysdata.net\/wp-content\/uploads\/sites\/labracelerie\/wp-json\/wp\/v2\/types\/product"}],"replies":[{"embeddable":true,"href":"https:\/\/services-administracom.alwaysdata.net\/wp-content\/uploads\/sites\/labracelerie\/wp-json\/wp\/v2\/comments?post=3169"}],"wp:featuredmedia":[{"embeddable":true,"href":"https:\/\/services-administracom.alwaysdata.net\/wp-content\/uploads\/sites\/labracelerie\/wp-json\/wp\/v2\/media\/3170"}],"wp:attachment":[{"href":"https:\/\/services-administracom.alwaysdata.net\/wp-content\/uploads\/sites\/labracelerie\/wp-json\/wp\/v2\/media?parent=3169"}],"wp:term":[{"taxonomy":"product_brand","embeddable":true,"href":"https:\/\/services-administracom.alwaysdata.net\/wp-content\/uploads\/sites\/labracelerie\/wp-json\/wp\/v2\/product_brand?post=3169"},{"taxonomy":"product_cat","embeddable":true,"href":"https:\/\/services-administracom.alwaysdata.net\/wp-content\/uploads\/sites\/labracelerie\/wp-json\/wp\/v2\/product_cat?post=3169"},{"taxonomy":"product_tag","embeddable":true,"href":"https:\/\/services-administracom.alwaysdata.net\/wp-content\/uploads\/sites\/labracelerie\/wp-json\/wp\/v2\/product_tag?post=3169"}],"curies":[{"name":"wp","href":"https:\/\/api.w.org\/{rel}","templated":true}]}}