{"id":554,"date":"2022-08-24T19:55:00","date_gmt":"2022-08-24T17:55:00","guid":{"rendered":"https:\/\/services-administracom.alwaysdata.net\/wp-content\/uploads\/sites\/labracelerie\/?post_type=product&#038;p=554"},"modified":"2022-10-08T17:09:35","modified_gmt":"2022-10-08T15:09:35","slug":"limperiale","status":"publish","type":"product","link":"https:\/\/services-administracom.alwaysdata.net\/wp-content\/uploads\/sites\/labracelerie\/produit\/limperiale\/","title":{"rendered":"IMPERIALE"},"content":{"rendered":"","protected":false},"excerpt":{"rendered":"<p>L&rsquo;imp\u00e9riale est une parure confectionn\u00e9e artisanalement avec des cordelettes.<\/p>\n<p>&#8211; Les Boucles d&rsquo;oreille en m\u00e9tal dor\u00e9 sont mont\u00e9es avec des Lapis Lazuli perles de lithoth\u00e9rapie . En lithoth\u00e9rapie, cette pierre est id\u00e9ale pour la m\u00e9ditation, elle favorise l\u2019introspection et la concentration. Elle donne du courage.<br \/>\n<img loading=\"lazy\" decoding=\"async\" src=\"https:\/\/services-administracom.alwaysdata.net\/wp-content\/uploads\/sites\/labracelerie\/wp-content\/uploads\/2022\/08\/IMG_20220824_191811960-scaled-e1661362402636.jpg\" width=\"150\" height=\"150\" align=\"middle\" \/><\/p>\n<p>&#8211; Le bracelet est tress\u00e9 artisanalement avec de la cordelette assorti d&rsquo;un fermoir en m\u00e9tal dor\u00e9 muni d&rsquo;une cha\u00eenette pour ajuster la taille.<\/p>\n<p>&#8211; Le collier est tress\u00e9 artisanalement avec de la cordelette garni de perles de verre assorti d&rsquo;un fermoir en m\u00e9tal dor\u00e9 muni d&rsquo;une cha\u00eenette pour ajuster la taille.<\/p>\n<p> <a class=\"continue-reading-link\" href=\"https:\/\/services-administracom.alwaysdata.net\/wp-content\/uploads\/sites\/labracelerie\/produit\/limperiale\/\"><span>Lire la Suite<\/span><i class=\"crycon-right-dir\"><\/i><\/a> <\/p>\n","protected":false},"featured_media":1028,"comment_status":"open","ping_status":"closed","template":"","meta":[],"product_brand":[],"product_cat":[184],"product_tag":[],"class_list":{"0":"post-554","1":"product","2":"type-product","3":"status-publish","4":"has-post-thumbnail","6":"product_cat-parures","8":"first","9":"instock","10":"sold-individually","11":"shipping-taxable","12":"purchasable","13":"product-type-simple"},"jetpack_sharing_enabled":true,"_links":{"self":[{"href":"https:\/\/services-administracom.alwaysdata.net\/wp-content\/uploads\/sites\/labracelerie\/wp-json\/wp\/v2\/product\/554","targetHints":{"allow":["GET"]}}],"collection":[{"href":"https:\/\/services-administracom.alwaysdata.net\/wp-content\/uploads\/sites\/labracelerie\/wp-json\/wp\/v2\/product"}],"about":[{"href":"https:\/\/services-administracom.alwaysdata.net\/wp-content\/uploads\/sites\/labracelerie\/wp-json\/wp\/v2\/types\/product"}],"replies":[{"embeddable":true,"href":"https:\/\/services-administracom.alwaysdata.net\/wp-content\/uploads\/sites\/labracelerie\/wp-json\/wp\/v2\/comments?post=554"}],"wp:featuredmedia":[{"embeddable":true,"href":"https:\/\/services-administracom.alwaysdata.net\/wp-content\/uploads\/sites\/labracelerie\/wp-json\/wp\/v2\/media\/1028"}],"wp:attachment":[{"href":"https:\/\/services-administracom.alwaysdata.net\/wp-content\/uploads\/sites\/labracelerie\/wp-json\/wp\/v2\/media?parent=554"}],"wp:term":[{"taxonomy":"product_brand","embeddable":true,"href":"https:\/\/services-administracom.alwaysdata.net\/wp-content\/uploads\/sites\/labracelerie\/wp-json\/wp\/v2\/product_brand?post=554"},{"taxonomy":"product_cat","embeddable":true,"href":"https:\/\/services-administracom.alwaysdata.net\/wp-content\/uploads\/sites\/labracelerie\/wp-json\/wp\/v2\/product_cat?post=554"},{"taxonomy":"product_tag","embeddable":true,"href":"https:\/\/services-administracom.alwaysdata.net\/wp-content\/uploads\/sites\/labracelerie\/wp-json\/wp\/v2\/product_tag?post=554"}],"curies":[{"name":"wp","href":"https:\/\/api.w.org\/{rel}","templated":true}]}}