{"id":611,"date":"2022-08-31T01:29:17","date_gmt":"2022-08-30T23:29:17","guid":{"rendered":"https:\/\/services-administracom.alwaysdata.net\/wp-content\/uploads\/sites\/labracelerie\/?post_type=product&#038;p=611"},"modified":"2022-09-02T23:30:37","modified_gmt":"2022-09-02T21:30:37","slug":"le-melbourne","status":"publish","type":"product","link":"https:\/\/services-administracom.alwaysdata.net\/wp-content\/uploads\/sites\/labracelerie\/produit\/le-melbourne\/","title":{"rendered":"MELBOURNE"},"content":{"rendered":"","protected":false},"excerpt":{"rendered":"<p>Le Melbourne est un bracelet tiss\u00e9 artisanalement avec des fils de coton assorti de perles synth\u00e9tiques. C&rsquo;est un porte-bonheur \u00e0 l&rsquo;esprit tribal. Entre modernit\u00e9 avec ses couleurs acidul\u00e9es et paganisme avec  son motif g\u00e9om\u00e9trique il vous procurera la force, le courage d&rsquo;avancer dans toutes vos entreprises. <\/p>\n<p> <a class=\"continue-reading-link\" href=\"https:\/\/services-administracom.alwaysdata.net\/wp-content\/uploads\/sites\/labracelerie\/produit\/le-melbourne\/\"><span>Lire la Suite<\/span><i class=\"crycon-right-dir\"><\/i><\/a> <\/p>\n","protected":false},"featured_media":616,"comment_status":"open","ping_status":"closed","template":"","meta":[],"product_brand":[],"product_cat":[114],"product_tag":[227,226],"class_list":{"0":"post-611","1":"product","2":"type-product","3":"status-publish","4":"has-post-thumbnail","6":"product_cat-porte-bonheur","7":"product_tag-australie","8":"product_tag-melbourne","10":"first","11":"instock","12":"sold-individually","13":"shipping-taxable","14":"purchasable","15":"product-type-simple"},"jetpack_sharing_enabled":true,"_links":{"self":[{"href":"https:\/\/services-administracom.alwaysdata.net\/wp-content\/uploads\/sites\/labracelerie\/wp-json\/wp\/v2\/product\/611","targetHints":{"allow":["GET"]}}],"collection":[{"href":"https:\/\/services-administracom.alwaysdata.net\/wp-content\/uploads\/sites\/labracelerie\/wp-json\/wp\/v2\/product"}],"about":[{"href":"https:\/\/services-administracom.alwaysdata.net\/wp-content\/uploads\/sites\/labracelerie\/wp-json\/wp\/v2\/types\/product"}],"replies":[{"embeddable":true,"href":"https:\/\/services-administracom.alwaysdata.net\/wp-content\/uploads\/sites\/labracelerie\/wp-json\/wp\/v2\/comments?post=611"}],"wp:featuredmedia":[{"embeddable":true,"href":"https:\/\/services-administracom.alwaysdata.net\/wp-content\/uploads\/sites\/labracelerie\/wp-json\/wp\/v2\/media\/616"}],"wp:attachment":[{"href":"https:\/\/services-administracom.alwaysdata.net\/wp-content\/uploads\/sites\/labracelerie\/wp-json\/wp\/v2\/media?parent=611"}],"wp:term":[{"taxonomy":"product_brand","embeddable":true,"href":"https:\/\/services-administracom.alwaysdata.net\/wp-content\/uploads\/sites\/labracelerie\/wp-json\/wp\/v2\/product_brand?post=611"},{"taxonomy":"product_cat","embeddable":true,"href":"https:\/\/services-administracom.alwaysdata.net\/wp-content\/uploads\/sites\/labracelerie\/wp-json\/wp\/v2\/product_cat?post=611"},{"taxonomy":"product_tag","embeddable":true,"href":"https:\/\/services-administracom.alwaysdata.net\/wp-content\/uploads\/sites\/labracelerie\/wp-json\/wp\/v2\/product_tag?post=611"}],"curies":[{"name":"wp","href":"https:\/\/api.w.org\/{rel}","templated":true}]}}