{"id":647,"date":"2022-09-01T17:03:34","date_gmt":"2022-09-01T15:03:34","guid":{"rendered":"https:\/\/services-administracom.alwaysdata.net\/wp-content\/uploads\/sites\/labracelerie\/?post_type=product&#038;p=647"},"modified":"2022-09-02T23:27:49","modified_gmt":"2022-09-02T21:27:49","slug":"le-espoo","status":"publish","type":"product","link":"https:\/\/services-administracom.alwaysdata.net\/wp-content\/uploads\/sites\/labracelerie\/produit\/le-espoo\/","title":{"rendered":"ESPOO"},"content":{"rendered":"","protected":false},"excerpt":{"rendered":"<p>L&rsquo;Espoo est un bracelet confectionn\u00e9 artisanalement avec des fils de coton assorti de perles de rocaille. Ce porte-bonheur apportera l&rsquo;\u00e9quilibre et la chance \u00e0 son porteur.<\/p>\n<p> <a class=\"continue-reading-link\" href=\"https:\/\/services-administracom.alwaysdata.net\/wp-content\/uploads\/sites\/labracelerie\/produit\/le-espoo\/\"><span>Lire la Suite<\/span><i class=\"crycon-right-dir\"><\/i><\/a> <\/p>\n","protected":false},"featured_media":651,"comment_status":"open","ping_status":"closed","template":"","meta":[],"product_brand":[],"product_cat":[114],"product_tag":[234,233,154],"class_list":{"0":"post-647","1":"product","2":"type-product","3":"status-publish","4":"has-post-thumbnail","6":"product_cat-porte-bonheur","7":"product_tag-espoo","8":"product_tag-finlande","9":"product_tag-porte-bonheur","11":"first","12":"instock","13":"sold-individually","14":"shipping-taxable","15":"purchasable","16":"product-type-simple"},"jetpack_sharing_enabled":true,"_links":{"self":[{"href":"https:\/\/services-administracom.alwaysdata.net\/wp-content\/uploads\/sites\/labracelerie\/wp-json\/wp\/v2\/product\/647","targetHints":{"allow":["GET"]}}],"collection":[{"href":"https:\/\/services-administracom.alwaysdata.net\/wp-content\/uploads\/sites\/labracelerie\/wp-json\/wp\/v2\/product"}],"about":[{"href":"https:\/\/services-administracom.alwaysdata.net\/wp-content\/uploads\/sites\/labracelerie\/wp-json\/wp\/v2\/types\/product"}],"replies":[{"embeddable":true,"href":"https:\/\/services-administracom.alwaysdata.net\/wp-content\/uploads\/sites\/labracelerie\/wp-json\/wp\/v2\/comments?post=647"}],"wp:featuredmedia":[{"embeddable":true,"href":"https:\/\/services-administracom.alwaysdata.net\/wp-content\/uploads\/sites\/labracelerie\/wp-json\/wp\/v2\/media\/651"}],"wp:attachment":[{"href":"https:\/\/services-administracom.alwaysdata.net\/wp-content\/uploads\/sites\/labracelerie\/wp-json\/wp\/v2\/media?parent=647"}],"wp:term":[{"taxonomy":"product_brand","embeddable":true,"href":"https:\/\/services-administracom.alwaysdata.net\/wp-content\/uploads\/sites\/labracelerie\/wp-json\/wp\/v2\/product_brand?post=647"},{"taxonomy":"product_cat","embeddable":true,"href":"https:\/\/services-administracom.alwaysdata.net\/wp-content\/uploads\/sites\/labracelerie\/wp-json\/wp\/v2\/product_cat?post=647"},{"taxonomy":"product_tag","embeddable":true,"href":"https:\/\/services-administracom.alwaysdata.net\/wp-content\/uploads\/sites\/labracelerie\/wp-json\/wp\/v2\/product_tag?post=647"}],"curies":[{"name":"wp","href":"https:\/\/api.w.org\/{rel}","templated":true}]}}