{"id":956,"date":"2022-09-29T17:32:00","date_gmt":"2022-09-29T15:32:00","guid":{"rendered":"https:\/\/services-administracom.alwaysdata.net\/wp-content\/uploads\/sites\/labracelerie\/?post_type=product&#038;p=956"},"modified":"2022-10-08T17:18:34","modified_gmt":"2022-10-08T15:18:34","slug":"victoria","status":"publish","type":"product","link":"https:\/\/services-administracom.alwaysdata.net\/wp-content\/uploads\/sites\/labracelerie\/produit\/victoria\/","title":{"rendered":"VICTORIA"},"content":{"rendered":"","protected":false},"excerpt":{"rendered":"<p>Victoria est une parure confectionn\u00e9e artisanalement avec de la paracorde, elle se compose d&rsquo;un collier, un bracelet et de boucles d&rsquo;oreilles.<\/p>\n<p style=\"text-align: left;\">&#8211; Le bracelet est un tissage de perles de rocaille assorti d&#8217;embouts en m\u00e9tal argent\u00e9<\/p>\n<p style=\"text-align: center;\"><strong> dimension longueur : 16 cm largeur : 3 cm Hauteur : 1 cm<\/strong><\/p>\n<p>&#8211; Le collier est un tressage en paracorde assorti d&rsquo;une perle de verre d&#8217;embouts en argent tib\u00e9tain et d&rsquo;une cha\u00eenette ajustable<br \/>\n&#8211; Les boucles d&rsquo;oreilles sont mont\u00e9es avec des perles de rocaille, des perles d&rsquo;amazonite, de breloques en m\u00e9tal argent\u00e9 et de crochets de boucles d&rsquo;oreilles en m\u00e9tal argent\u00e9.<\/p>\n<p>Une parure sophistiqu\u00e9e et \u00e9l\u00e9gante.<\/p>\n<p> <a class=\"continue-reading-link\" href=\"https:\/\/services-administracom.alwaysdata.net\/wp-content\/uploads\/sites\/labracelerie\/produit\/victoria\/\"><span>Lire la Suite<\/span><i class=\"crycon-right-dir\"><\/i><\/a> <\/p>\n","protected":false},"featured_media":1032,"comment_status":"open","ping_status":"closed","template":"","meta":[],"product_brand":[],"product_cat":[184],"product_tag":[189,289],"class_list":{"0":"post-956","1":"product","2":"type-product","3":"status-publish","4":"has-post-thumbnail","6":"product_cat-parures","7":"product_tag-parure","8":"product_tag-victoria","10":"first","11":"instock","12":"sold-individually","13":"shipping-taxable","14":"purchasable","15":"product-type-simple"},"jetpack_sharing_enabled":true,"_links":{"self":[{"href":"https:\/\/services-administracom.alwaysdata.net\/wp-content\/uploads\/sites\/labracelerie\/wp-json\/wp\/v2\/product\/956","targetHints":{"allow":["GET"]}}],"collection":[{"href":"https:\/\/services-administracom.alwaysdata.net\/wp-content\/uploads\/sites\/labracelerie\/wp-json\/wp\/v2\/product"}],"about":[{"href":"https:\/\/services-administracom.alwaysdata.net\/wp-content\/uploads\/sites\/labracelerie\/wp-json\/wp\/v2\/types\/product"}],"replies":[{"embeddable":true,"href":"https:\/\/services-administracom.alwaysdata.net\/wp-content\/uploads\/sites\/labracelerie\/wp-json\/wp\/v2\/comments?post=956"}],"wp:featuredmedia":[{"embeddable":true,"href":"https:\/\/services-administracom.alwaysdata.net\/wp-content\/uploads\/sites\/labracelerie\/wp-json\/wp\/v2\/media\/1032"}],"wp:attachment":[{"href":"https:\/\/services-administracom.alwaysdata.net\/wp-content\/uploads\/sites\/labracelerie\/wp-json\/wp\/v2\/media?parent=956"}],"wp:term":[{"taxonomy":"product_brand","embeddable":true,"href":"https:\/\/services-administracom.alwaysdata.net\/wp-content\/uploads\/sites\/labracelerie\/wp-json\/wp\/v2\/product_brand?post=956"},{"taxonomy":"product_cat","embeddable":true,"href":"https:\/\/services-administracom.alwaysdata.net\/wp-content\/uploads\/sites\/labracelerie\/wp-json\/wp\/v2\/product_cat?post=956"},{"taxonomy":"product_tag","embeddable":true,"href":"https:\/\/services-administracom.alwaysdata.net\/wp-content\/uploads\/sites\/labracelerie\/wp-json\/wp\/v2\/product_tag?post=956"}],"curies":[{"name":"wp","href":"https:\/\/api.w.org\/{rel}","templated":true}]}}