{"id":171,"date":"2020-10-21T17:59:01","date_gmt":"2020-10-21T15:59:01","guid":{"rendered":"http:\/\/localhost\/nirvana\/?post_type=product&#038;p=171"},"modified":"2021-02-20T21:36:55","modified_gmt":"2021-02-20T20:36:55","slug":"jardinage","status":"publish","type":"product","link":"https:\/\/services-administracom.alwaysdata.net\/wp-content\/uploads\/sites\/nirvana\/produit\/jardinage\/","title":{"rendered":"Jardinage\/Entretien des Espaces Verts"},"content":{"rendered":"<ul>\n<li>Taille de Haie<\/li>\n<li>Elagage des arbres<\/li>\n<li>Pelouse, Gazon (plantation)<\/li>\n<li>Entretien espaces verts, massifs de fleurs<\/li>\n<li>Tonte pelouse<\/li>\n<li>Ramassage Fruits et L\u00e9gumes<\/li>\n<\/ul>\n","protected":false},"excerpt":{"rendered":"<p>Tarif \u00e0 l&rsquo;heure 15 \u20ac<br \/>\nNB= Une prestation est \u00e9gale \u00e0 une demi-journ\u00e9e (3h30)<\/p>\n<p>&nbsp;<\/p>\n<p> <a class=\"continue-reading-link\" href=\"https:\/\/services-administracom.alwaysdata.net\/wp-content\/uploads\/sites\/nirvana\/produit\/jardinage\/\"><span>Voir la suite<\/span><i class=\"crycon-right-dir\"><\/i><\/a> <\/p>\n","protected":false},"featured_media":30,"template":"","meta":[],"product_brand":[],"product_cat":[40],"product_tag":[50,51,44,47,48,43,46,45,49,42],"class_list":{"0":"post-171","1":"product","2":"type-product","3":"status-publish","4":"has-post-thumbnail","6":"product_cat-jardin","7":"product_tag-arbre","8":"product_tag-elagage","9":"product_tag-espaces-verts","10":"product_tag-fleurs","11":"product_tag-fruits","12":"product_tag-gazon","13":"product_tag-haie","14":"product_tag-jardinage","15":"product_tag-legumes","16":"product_tag-pelouse","17":"bookacti-activity","19":"first","20":"instock","21":"taxable","22":"shipping-taxable","23":"purchasable","24":"product-type-variable"},"_links":{"self":[{"href":"https:\/\/services-administracom.alwaysdata.net\/wp-content\/uploads\/sites\/nirvana\/wp-json\/wp\/v2\/product\/171","targetHints":{"allow":["GET"]}}],"collection":[{"href":"https:\/\/services-administracom.alwaysdata.net\/wp-content\/uploads\/sites\/nirvana\/wp-json\/wp\/v2\/product"}],"about":[{"href":"https:\/\/services-administracom.alwaysdata.net\/wp-content\/uploads\/sites\/nirvana\/wp-json\/wp\/v2\/types\/product"}],"wp:featuredmedia":[{"embeddable":true,"href":"https:\/\/services-administracom.alwaysdata.net\/wp-content\/uploads\/sites\/nirvana\/wp-json\/wp\/v2\/media\/30"}],"wp:attachment":[{"href":"https:\/\/services-administracom.alwaysdata.net\/wp-content\/uploads\/sites\/nirvana\/wp-json\/wp\/v2\/media?parent=171"}],"wp:term":[{"taxonomy":"product_brand","embeddable":true,"href":"https:\/\/services-administracom.alwaysdata.net\/wp-content\/uploads\/sites\/nirvana\/wp-json\/wp\/v2\/product_brand?post=171"},{"taxonomy":"product_cat","embeddable":true,"href":"https:\/\/services-administracom.alwaysdata.net\/wp-content\/uploads\/sites\/nirvana\/wp-json\/wp\/v2\/product_cat?post=171"},{"taxonomy":"product_tag","embeddable":true,"href":"https:\/\/services-administracom.alwaysdata.net\/wp-content\/uploads\/sites\/nirvana\/wp-json\/wp\/v2\/product_tag?post=171"}],"curies":[{"name":"wp","href":"https:\/\/api.w.org\/{rel}","templated":true}]}}