{"id":193,"date":"2020-10-21T22:18:25","date_gmt":"2020-10-21T20:18:25","guid":{"rendered":"http:\/\/localhost\/nirvana\/?post_type=product&#038;p=193"},"modified":"2021-02-16T18:12:06","modified_gmt":"2021-02-16T17:12:06","slug":"gardiennage-chien","status":"publish","type":"product","link":"https:\/\/services-administracom.alwaysdata.net\/wp-content\/uploads\/sites\/nirvana\/produit\/gardiennage-chien\/","title":{"rendered":"Gardiennage Chien"},"content":{"rendered":"<p>Pension compl\u00e8te de votre Chien 45 \u20ac par jour<\/p>\n<ul>\n<li> 3 promenades journali\u00e8res<\/li>\n<li> 2 repas<\/li>\n<\/ul>\n<p>Informations :<br \/>\nAdmission des chiens tous les samedis de 8:00 \u00e0 17:30<br \/>\nR\u00e9cup\u00e9ration des chiens tous les vendredis de 8:00 \u00e0 17:30<\/p>\n<p>Ci-dessous les coordonn\u00e9es de la pension :<br \/>\nTELEPHONE : 00 00 00 00 00<br \/>\nADRESSE<br \/>\nCP VILLE <\/p>\n","protected":false},"excerpt":{"rendered":"<p>Pension compl\u00e8te de votre Chien 45 \u20ac par jour<\/p>\n<ul>\n<li> 3 promenades journali\u00e8res<\/li>\n<li> 2 repas<\/li>\n<\/ul>\n<p>Informations :<br \/>\nAdmission des chiens tous les samedis de 8:00 \u00e0 17:30<br \/>\nR\u00e9cup\u00e9ration des chiens tous les vendredis de 8:00 \u00e0 17:30<\/p>\n<p>Ci-dessous les coordonn\u00e9es de la pension :<br \/>\nTELEPHONE : 00 00 00 00 00<br \/>\nADRESSE<br \/>\nCP VILLE <\/p>\n<p> <a class=\"continue-reading-link\" href=\"https:\/\/services-administracom.alwaysdata.net\/wp-content\/uploads\/sites\/nirvana\/produit\/gardiennage-chien\/\"><span>Voir la suite<\/span><i class=\"crycon-right-dir\"><\/i><\/a> <\/p>\n","protected":false},"featured_media":194,"template":"","meta":[],"product_brand":[],"product_cat":[52],"product_tag":[53,60,59],"class_list":{"0":"post-193","1":"product","2":"type-product","3":"status-publish","4":"has-post-thumbnail","6":"product_cat-animaux","7":"product_tag-chien","8":"product_tag-gardiennage","9":"product_tag-pension","10":"bookacti-activity","12":"first","13":"instock","14":"taxable","15":"shipping-taxable","16":"purchasable","17":"product-type-simple"},"_links":{"self":[{"href":"https:\/\/services-administracom.alwaysdata.net\/wp-content\/uploads\/sites\/nirvana\/wp-json\/wp\/v2\/product\/193","targetHints":{"allow":["GET"]}}],"collection":[{"href":"https:\/\/services-administracom.alwaysdata.net\/wp-content\/uploads\/sites\/nirvana\/wp-json\/wp\/v2\/product"}],"about":[{"href":"https:\/\/services-administracom.alwaysdata.net\/wp-content\/uploads\/sites\/nirvana\/wp-json\/wp\/v2\/types\/product"}],"wp:featuredmedia":[{"embeddable":true,"href":"https:\/\/services-administracom.alwaysdata.net\/wp-content\/uploads\/sites\/nirvana\/wp-json\/wp\/v2\/media\/194"}],"wp:attachment":[{"href":"https:\/\/services-administracom.alwaysdata.net\/wp-content\/uploads\/sites\/nirvana\/wp-json\/wp\/v2\/media?parent=193"}],"wp:term":[{"taxonomy":"product_brand","embeddable":true,"href":"https:\/\/services-administracom.alwaysdata.net\/wp-content\/uploads\/sites\/nirvana\/wp-json\/wp\/v2\/product_brand?post=193"},{"taxonomy":"product_cat","embeddable":true,"href":"https:\/\/services-administracom.alwaysdata.net\/wp-content\/uploads\/sites\/nirvana\/wp-json\/wp\/v2\/product_cat?post=193"},{"taxonomy":"product_tag","embeddable":true,"href":"https:\/\/services-administracom.alwaysdata.net\/wp-content\/uploads\/sites\/nirvana\/wp-json\/wp\/v2\/product_tag?post=193"}],"curies":[{"name":"wp","href":"https:\/\/api.w.org\/{rel}","templated":true}]}}