{"id":91,"date":"2020-10-01T17:08:05","date_gmt":"2020-10-01T15:08:05","guid":{"rendered":"http:\/\/localhost\/nirvana\/?post_type=product&#038;p=91"},"modified":"2021-02-24T19:15:29","modified_gmt":"2021-02-24T18:15:29","slug":"repassage","status":"publish","type":"product","link":"https:\/\/services-administracom.alwaysdata.net\/wp-content\/uploads\/sites\/nirvana\/produit\/repassage\/","title":{"rendered":"Repassage"},"content":{"rendered":"<p>C&rsquo;est vous qui choisissez !<\/p>\n<p>Le repassage \u00e0 votre domicile ou le d\u00e9p\u00f4t du linge \u00e0 l&rsquo;adresse indiqu\u00e9e au cours de votre r\u00e9servation.<\/p>\n<p>NOS PRESTATIONS :<\/p>\n<ul>\n<li>Repassage du linge de maison<\/li>\n<li>Repassage des v\u00eatements<\/li>\n<\/ul>\n<p>NB= Notre prestation assure le repassage d&rsquo;une corbeille de linge de maison et\/ou de v\u00eatements en 3h30 soit une demi-journ\u00e9e dur\u00e9e d&rsquo;une r\u00e9servation. Si vous optez pour le d\u00e9p\u00f4t du linge vous pouvez r\u00e9cup\u00e9rer votre corbeille repass\u00e9e le jour de la r\u00e9servation \u00e0 partir de 18h00 \u00e0 la m\u00eame adresse de d\u00e9p\u00f4t.<\/p>\n<p>&nbsp;<\/p>\n","protected":false},"excerpt":{"rendered":"<p>C&rsquo;est vous qui choisissez ! Le repassage \u00e0 votre domicile ou le d\u00e9p\u00f4t du linge \u00e0 l&rsquo;adresse indiqu\u00e9e au cours de votre r\u00e9servation. NOS PRESTATIONS : Repassage du linge de maison Repassage des v\u00eatements NB= Notre prestation assure le repassage d&rsquo;une corbeille de linge de maison et\/ou de v\u00eatements en&#8230;<\/p>\n<p> <a class=\"continue-reading-link\" href=\"https:\/\/services-administracom.alwaysdata.net\/wp-content\/uploads\/sites\/nirvana\/produit\/repassage\/\"><span>Voir la suite<\/span><i class=\"crycon-right-dir\"><\/i><\/a> <\/p>\n","protected":false},"featured_media":29,"template":"","meta":[],"product_brand":[],"product_cat":[18],"product_tag":[23],"class_list":{"0":"post-91","1":"product","2":"type-product","3":"status-publish","4":"has-post-thumbnail","6":"product_cat-maison","7":"product_tag-repassage","8":"bookacti-activity","10":"first","11":"instock","12":"taxable","13":"shipping-taxable","14":"purchasable","15":"product-type-variable"},"_links":{"self":[{"href":"https:\/\/services-administracom.alwaysdata.net\/wp-content\/uploads\/sites\/nirvana\/wp-json\/wp\/v2\/product\/91","targetHints":{"allow":["GET"]}}],"collection":[{"href":"https:\/\/services-administracom.alwaysdata.net\/wp-content\/uploads\/sites\/nirvana\/wp-json\/wp\/v2\/product"}],"about":[{"href":"https:\/\/services-administracom.alwaysdata.net\/wp-content\/uploads\/sites\/nirvana\/wp-json\/wp\/v2\/types\/product"}],"wp:featuredmedia":[{"embeddable":true,"href":"https:\/\/services-administracom.alwaysdata.net\/wp-content\/uploads\/sites\/nirvana\/wp-json\/wp\/v2\/media\/29"}],"wp:attachment":[{"href":"https:\/\/services-administracom.alwaysdata.net\/wp-content\/uploads\/sites\/nirvana\/wp-json\/wp\/v2\/media?parent=91"}],"wp:term":[{"taxonomy":"product_brand","embeddable":true,"href":"https:\/\/services-administracom.alwaysdata.net\/wp-content\/uploads\/sites\/nirvana\/wp-json\/wp\/v2\/product_brand?post=91"},{"taxonomy":"product_cat","embeddable":true,"href":"https:\/\/services-administracom.alwaysdata.net\/wp-content\/uploads\/sites\/nirvana\/wp-json\/wp\/v2\/product_cat?post=91"},{"taxonomy":"product_tag","embeddable":true,"href":"https:\/\/services-administracom.alwaysdata.net\/wp-content\/uploads\/sites\/nirvana\/wp-json\/wp\/v2\/product_tag?post=91"}],"curies":[{"name":"wp","href":"https:\/\/api.w.org\/{rel}","templated":true}]}}