{"id":95,"date":"2020-10-01T17:24:26","date_gmt":"2020-10-01T15:24:26","guid":{"rendered":"http:\/\/localhost\/nirvana\/?post_type=product&#038;p=95"},"modified":"2021-02-25T17:49:11","modified_gmt":"2021-02-25T16:49:11","slug":"preparation-des-repas","status":"publish","type":"product","link":"https:\/\/services-administracom.alwaysdata.net\/wp-content\/uploads\/sites\/nirvana\/produit\/preparation-des-repas\/","title":{"rendered":"Pr\u00e9paration de repas"},"content":{"rendered":"<h4>MENU POUR 2 A 6 PERSONNES<\/h4>\n<ul>\n<li>1 Menu command\u00e9 pr\u00e9paration pour 2 personnes<\/li>\n<li>2 Menus command\u00e9s pr\u00e9paration pour 4 personnes<\/li>\n<li>3 Menus command\u00e9s pr\u00e9paration pour 6 personnes<\/li>\n<\/ul>\n<p>&nbsp;<\/p>\n<ul>\n<li>Pr\u00e9paration de plats \u00e0 votre domicile (ingr\u00e9dients compris dans la prestation)<\/li>\n<\/ul>\n<p style=\"text-align: left;\"><strong>ou<\/strong><\/p>\n<ul>\n<li>\u00a0Livraison \u00e0 domicile<\/li>\n<\/ul>\n<p>&nbsp;<\/p>\n<h4>MENUS DE LA SEMAINE<\/h4>\n<table>\n<thead>\n<tr>\n<th>SURPRISE DU CHEF<\/th>\n<th>DECOUVERTE DU MONDE<\/th>\n<th>EVEIL DES SENS<\/th>\n<th>AROMES ET SAVEURS<\/th>\n<th>EPICES ET DELICES<\/th>\n<\/tr>\n<\/thead>\n<tbody>\n<tr>\n<td>\n<ul>\n<li>Salade Myst\u00e8re<br \/>\n<img decoding=\"async\" src=\"http:\/\/services-administracom.alwaysdata.net\/wp-content\/uploads\/sites\/nirvana\/wp-content\/uploads\/2020\/10\/fresh-garden-salad-scaled-e1601654624437.jpg\" \/><\/li>\n<li>Risotto aux l\u00e9gumes verts<br \/>\n<img decoding=\"async\" src=\"http:\/\/services-administracom.alwaysdata.net\/wp-content\/uploads\/sites\/nirvana\/wp-content\/uploads\/2020\/10\/plated-meal-with-incredible-presentation-scaled-e1601654899858.jpg\" \/><\/li>\n<li>Mousse au Chocolat<br \/>\n<img decoding=\"async\" src=\"http:\/\/services-administracom.alwaysdata.net\/wp-content\/uploads\/sites\/nirvana\/wp-content\/uploads\/2020\/10\/sugar-dusted-pie-100x100-1-e1601654997991-1.jpg\" \/><\/li>\n<\/ul>\n<\/td>\n<td>\n<ul>\n<li><\/li>\n<li><\/li>\n<li><\/li>\n<\/ul>\n<\/td>\n<td>\n<ul>\n<li><\/li>\n<li><\/li>\n<li><\/li>\n<\/ul>\n<\/td>\n<td>\n<ul>\n<li><\/li>\n<li><\/li>\n<li><\/li>\n<\/ul>\n<\/td>\n<td>\n<ul>\n<li><\/li>\n<li><\/li>\n<li><\/li>\n<\/ul>\n<\/td>\n<\/tr>\n<\/tbody>\n<\/table>\n","protected":false},"excerpt":{"rendered":"<p>MENU POUR 2 A 6 PERSONNES 1 Menu command\u00e9 pr\u00e9paration pour 2 personnes 2 Menus command\u00e9s pr\u00e9paration pour 4 personnes 3 Menus command\u00e9s pr\u00e9paration pour 6 personnes &nbsp; Pr\u00e9paration de plats \u00e0 votre domicile (ingr\u00e9dients compris dans la prestation) ou \u00a0Livraison \u00e0 domicile &nbsp; MENUS DE LA SEMAINE SURPRISE DU&#8230;<\/p>\n<p> <a class=\"continue-reading-link\" href=\"https:\/\/services-administracom.alwaysdata.net\/wp-content\/uploads\/sites\/nirvana\/produit\/preparation-des-repas\/\"><span>Voir la suite<\/span><i class=\"crycon-right-dir\"><\/i><\/a> <\/p>\n","protected":false},"featured_media":26,"template":"","meta":[],"product_brand":[],"product_cat":[18],"product_tag":[25,24],"class_list":{"0":"post-95","1":"product","2":"type-product","3":"status-publish","4":"has-post-thumbnail","6":"product_cat-maison","7":"product_tag-plats","8":"product_tag-repas","9":"product_shipping_class-fd","10":"bookacti-activity","12":"first","13":"instock","14":"taxable","15":"shipping-taxable","16":"purchasable","17":"product-type-variable"},"_links":{"self":[{"href":"https:\/\/services-administracom.alwaysdata.net\/wp-content\/uploads\/sites\/nirvana\/wp-json\/wp\/v2\/product\/95","targetHints":{"allow":["GET"]}}],"collection":[{"href":"https:\/\/services-administracom.alwaysdata.net\/wp-content\/uploads\/sites\/nirvana\/wp-json\/wp\/v2\/product"}],"about":[{"href":"https:\/\/services-administracom.alwaysdata.net\/wp-content\/uploads\/sites\/nirvana\/wp-json\/wp\/v2\/types\/product"}],"wp:featuredmedia":[{"embeddable":true,"href":"https:\/\/services-administracom.alwaysdata.net\/wp-content\/uploads\/sites\/nirvana\/wp-json\/wp\/v2\/media\/26"}],"wp:attachment":[{"href":"https:\/\/services-administracom.alwaysdata.net\/wp-content\/uploads\/sites\/nirvana\/wp-json\/wp\/v2\/media?parent=95"}],"wp:term":[{"taxonomy":"product_brand","embeddable":true,"href":"https:\/\/services-administracom.alwaysdata.net\/wp-content\/uploads\/sites\/nirvana\/wp-json\/wp\/v2\/product_brand?post=95"},{"taxonomy":"product_cat","embeddable":true,"href":"https:\/\/services-administracom.alwaysdata.net\/wp-content\/uploads\/sites\/nirvana\/wp-json\/wp\/v2\/product_cat?post=95"},{"taxonomy":"product_tag","embeddable":true,"href":"https:\/\/services-administracom.alwaysdata.net\/wp-content\/uploads\/sites\/nirvana\/wp-json\/wp\/v2\/product_tag?post=95"}],"curies":[{"name":"wp","href":"https:\/\/api.w.org\/{rel}","templated":true}]}}