{"id":44,"date":"2020-03-28T21:20:13","date_gmt":"2020-03-28T20:20:13","guid":{"rendered":"http:\/\/localhost\/parabola\/?page_id=2"},"modified":"2021-10-01T17:40:15","modified_gmt":"2021-10-01T15:40:15","slug":"page-d-exemple-2","status":"publish","type":"page","link":"https:\/\/services-administracom.alwaysdata.net\/wp-content\/uploads\/sites\/parabole\/page-d-exemple-2\/","title":{"rendered":"Qui sommes-nous ?"},"content":{"rendered":"\n<ul class=\"wp-block-list\"><li><strong>PRESENTATION DE NOTRE EQUIPE <\/strong><\/li><\/ul>\n\n\n\n<figure class=\"wp-block-image size-full is-resized\"><img loading=\"lazy\" decoding=\"async\" src=\"https:\/\/services-administracom.alwaysdata.net\/wp-content\/uploads\/sites\/parabole\/wp-content\/uploads\/2021\/10\/punk-young-head.png\" alt=\"\" class=\"wp-image-312\" width=\"70\" height=\"70\" srcset=\"https:\/\/services-administracom.alwaysdata.net\/wp-content\/uploads\/sites\/parabole\/wp-content\/uploads\/2021\/10\/punk-young-head.png 512w, https:\/\/services-administracom.alwaysdata.net\/wp-content\/uploads\/sites\/parabole\/wp-content\/uploads\/2021\/10\/punk-young-head-300x300.png 300w, https:\/\/services-administracom.alwaysdata.net\/wp-content\/uploads\/sites\/parabole\/wp-content\/uploads\/2021\/10\/punk-young-head-150x150.png 150w, https:\/\/services-administracom.alwaysdata.net\/wp-content\/uploads\/sites\/parabole\/wp-content\/uploads\/2021\/10\/punk-young-head-350x350.png 350w, https:\/\/services-administracom.alwaysdata.net\/wp-content\/uploads\/sites\/parabole\/wp-content\/uploads\/2021\/10\/punk-young-head-100x100.png 100w\" sizes=\"auto, (max-width: 70px) 100vw, 70px\" \/><figcaption>Le Responsable de Projet <br> Nom Pr\u00e9nom  <\/figcaption><\/figure>\n\n\n\n<figure class=\"wp-block-image size-full is-resized\"><img loading=\"lazy\" decoding=\"async\" src=\"https:\/\/services-administracom.alwaysdata.net\/wp-content\/uploads\/sites\/parabole\/wp-content\/uploads\/2021\/10\/female-with-curled-short-hair.png\" alt=\"\" class=\"wp-image-314\" width=\"70\" height=\"70\" srcset=\"https:\/\/services-administracom.alwaysdata.net\/wp-content\/uploads\/sites\/parabole\/wp-content\/uploads\/2021\/10\/female-with-curled-short-hair.png 512w, https:\/\/services-administracom.alwaysdata.net\/wp-content\/uploads\/sites\/parabole\/wp-content\/uploads\/2021\/10\/female-with-curled-short-hair-300x300.png 300w, https:\/\/services-administracom.alwaysdata.net\/wp-content\/uploads\/sites\/parabole\/wp-content\/uploads\/2021\/10\/female-with-curled-short-hair-150x150.png 150w, https:\/\/services-administracom.alwaysdata.net\/wp-content\/uploads\/sites\/parabole\/wp-content\/uploads\/2021\/10\/female-with-curled-short-hair-350x350.png 350w, https:\/\/services-administracom.alwaysdata.net\/wp-content\/uploads\/sites\/parabole\/wp-content\/uploads\/2021\/10\/female-with-curled-short-hair-100x100.png 100w\" sizes=\"auto, (max-width: 70px) 100vw, 70px\" \/><figcaption>L&rsquo;Assistant de Projet <br> Nom Pr\u00e9nom  <\/figcaption><\/figure>\n\n\n\n<ul class=\"wp-block-list\"><li><strong>PRESENTATION DE NOS SERVICES<\/strong><\/li><\/ul>\n\n\n\n<p class=\"has-text-align-center has-luminous-vivid-orange-color has-text-color\"><strong>NOS SERVICES DE PLOMBERIE<\/strong><\/p>\n\n\n\n<p>Le&nbsp;<strong>Lorem Ipsum<\/strong>&nbsp;est simplement du faux texte employ\u00e9 dans la composition et la mise en page avant impression. Le Lorem Ipsum est le faux texte standard de l\u2019imprimerie depuis les ann\u00e9es 1500, quand un imprimeur anonyme assembla ensemble des morceaux de texte pour r\u00e9aliser un livre sp\u00e9cimen de polices de texte. Il n\u2019a pas fait que survivre cinq si\u00e8cles, mais s\u2019est aussi adapt\u00e9 \u00e0 la bureautique informatique, sans que son contenu n\u2019en soit modifi\u00e9. Il a \u00e9t\u00e9 popularis\u00e9 dans les ann\u00e9es 1960 gr\u00e2ce \u00e0 la vente de feuilles Letraset contenant des passages du Lorem Ipsum, et, plus r\u00e9cemment, par son inclusion dans des applications de mise en page de texte, comme Aldus PageMaker.  <\/p>\n\n\n\n<p class=\"has-text-align-center has-luminous-vivid-orange-color has-text-color\"><strong>NOS SERVICES DE BRICOLAGE<\/strong><\/p>\n\n\n\n<p>Le&nbsp;<strong>Lorem Ipsum<\/strong>&nbsp;est simplement du faux texte employ\u00e9 dans la composition et la mise en page avant impression. Le Lorem Ipsum est le faux texte standard de l\u2019imprimerie depuis les ann\u00e9es 1500, quand un imprimeur anonyme assembla ensemble des morceaux de texte pour r\u00e9aliser un livre sp\u00e9cimen de polices de texte. Il n\u2019a pas fait que survivre cinq si\u00e8cles, mais s\u2019est aussi adapt\u00e9 \u00e0 la bureautique informatique, sans que son contenu n\u2019en soit modifi\u00e9. Il a \u00e9t\u00e9 popularis\u00e9 dans les ann\u00e9es 1960 gr\u00e2ce \u00e0 la vente de feuilles Letraset contenant des passages du Lorem Ipsum, et, plus r\u00e9cemment, par son inclusion dans des applications de mise en page de texte, comme Aldus PageMaker.  <\/p>\n\n\n\n<p class=\"has-text-align-center has-luminous-vivid-orange-color has-text-color\"><strong>NOS SERVICES DE MAINTENANCE ET REPARATION D&rsquo;INSTALLATION OU D&rsquo;EQUIPEMENT ELECTRIQUE<\/strong><\/p>\n\n\n\n<p>Le&nbsp;<strong>Lorem Ipsum<\/strong>&nbsp;est simplement du faux texte employ\u00e9 dans la composition et la mise en page avant impression. Le Lorem Ipsum est le faux texte standard de l\u2019imprimerie depuis les ann\u00e9es 1500, quand un imprimeur anonyme assembla ensemble des morceaux de texte pour r\u00e9aliser un livre sp\u00e9cimen de polices de texte. Il n\u2019a pas fait que survivre cinq si\u00e8cles, mais s\u2019est aussi adapt\u00e9 \u00e0 la bureautique informatique, sans que son contenu n\u2019en soit modifi\u00e9. Il a \u00e9t\u00e9 popularis\u00e9 dans les ann\u00e9es 1960 gr\u00e2ce \u00e0 la vente de feuilles Letraset contenant des passages du Lorem Ipsum, et, plus r\u00e9cemment, par son inclusion dans des applications de mise en page de texte, comme Aldus PageMaker.  <\/p>\n\n\n\n<p class=\"has-text-align-center has-luminous-vivid-orange-color has-text-color\"><strong>NOS SERVICES DE MA\u00e7ONNERIE<\/strong><\/p>\n\n\n\n<p>Le&nbsp;<strong>Lorem Ipsum<\/strong>&nbsp;est simplement du faux texte employ\u00e9 dans la composition et la mise en page avant impression. Le Lorem Ipsum est le faux texte standard de l\u2019imprimerie depuis les ann\u00e9es 1500, quand un imprimeur anonyme assembla ensemble des morceaux de texte pour r\u00e9aliser un livre sp\u00e9cimen de polices de texte. Il n\u2019a pas fait que survivre cinq si\u00e8cles, mais s\u2019est aussi adapt\u00e9 \u00e0 la bureautique informatique, sans que son contenu n\u2019en soit modifi\u00e9. Il a \u00e9t\u00e9 popularis\u00e9 dans les ann\u00e9es 1960 gr\u00e2ce \u00e0 la vente de feuilles Letraset contenant des passages du Lorem Ipsum, et, plus r\u00e9cemment, par son inclusion dans des applications de mise en page de texte, comme Aldus PageMaker.  <\/p>\n\n\n\n<ul class=\"has-medium-font-size wp-block-list\"><li><strong>NOS ENGAGEMENTS<\/strong><\/li><\/ul>\n\n\n\n<p> Le&nbsp;<strong>Lorem Ipsum<\/strong>&nbsp;est simplement du faux texte employ\u00e9 dans la composition et la mise en page avant impression. Le Lorem Ipsum est le faux texte standard de l\u2019imprimerie depuis les ann\u00e9es 1500, quand un imprimeur anonyme assembla ensemble des morceaux de texte pour r\u00e9aliser un livre sp\u00e9cimen de polices de texte. Il n\u2019a pas fait que survivre cinq si\u00e8cles, mais s\u2019est aussi adapt\u00e9 \u00e0 la bureautique informatique, sans que son contenu n\u2019en soit modifi\u00e9. Il a \u00e9t\u00e9 popularis\u00e9 dans les ann\u00e9es 1960 gr\u00e2ce \u00e0 la vente de feuilles Letraset contenant des passages du Lorem Ipsum, et, plus r\u00e9cemment, par son inclusion dans des applications de mise en page de texte, comme Aldus PageMaker.   <\/p>\n\n\n\n<ul class=\"has-medium-font-size wp-block-list\"><li><strong>NOS REALISATIONS <\/strong><\/li><\/ul>\n\n\n\n<figure class=\"wp-block-gallery columns-3 is-cropped wp-block-gallery-1 is-layout-flex wp-block-gallery-is-layout-flex\"><ul class=\"blocks-gallery-grid\"><li class=\"blocks-gallery-item\"><figure><img loading=\"lazy\" decoding=\"async\" width=\"1024\" height=\"683\" src=\"https:\/\/services-administracom.alwaysdata.net\/wp-content\/uploads\/sites\/parabole\/wp-content\/uploads\/2021\/10\/abstract-colorful-wall-of-orange-and-blue-1024x683.jpg\" alt=\"\" data-id=\"329\" data-full-url=\"https:\/\/services-administracom.alwaysdata.net\/wp-content\/uploads\/sites\/parabole\/wp-content\/uploads\/2021\/10\/abstract-colorful-wall-of-orange-and-blue-scaled.jpg\" data-link=\"https:\/\/services-administracom.alwaysdata.net\/wp-content\/uploads\/sites\/parabole\/page-d-exemple-2\/abstract-colorful-wall-of-orange-and-blue\/\" class=\"wp-image-329\" srcset=\"https:\/\/services-administracom.alwaysdata.net\/wp-content\/uploads\/sites\/parabole\/wp-content\/uploads\/2021\/10\/abstract-colorful-wall-of-orange-and-blue-1024x683.jpg 1024w, https:\/\/services-administracom.alwaysdata.net\/wp-content\/uploads\/sites\/parabole\/wp-content\/uploads\/2021\/10\/abstract-colorful-wall-of-orange-and-blue-300x200.jpg 300w, https:\/\/services-administracom.alwaysdata.net\/wp-content\/uploads\/sites\/parabole\/wp-content\/uploads\/2021\/10\/abstract-colorful-wall-of-orange-and-blue-768x512.jpg 768w, https:\/\/services-administracom.alwaysdata.net\/wp-content\/uploads\/sites\/parabole\/wp-content\/uploads\/2021\/10\/abstract-colorful-wall-of-orange-and-blue-1536x1024.jpg 1536w, https:\/\/services-administracom.alwaysdata.net\/wp-content\/uploads\/sites\/parabole\/wp-content\/uploads\/2021\/10\/abstract-colorful-wall-of-orange-and-blue-2048x1366.jpg 2048w, https:\/\/services-administracom.alwaysdata.net\/wp-content\/uploads\/sites\/parabole\/wp-content\/uploads\/2021\/10\/abstract-colorful-wall-of-orange-and-blue-525x350.jpg 525w, https:\/\/services-administracom.alwaysdata.net\/wp-content\/uploads\/sites\/parabole\/wp-content\/uploads\/2021\/10\/abstract-colorful-wall-of-orange-and-blue-150x100.jpg 150w, https:\/\/services-administracom.alwaysdata.net\/wp-content\/uploads\/sites\/parabole\/wp-content\/uploads\/2021\/10\/abstract-colorful-wall-of-orange-and-blue-600x400.jpg 600w\" sizes=\"auto, (max-width: 1024px) 100vw, 1024px\" \/><\/figure><\/li><li class=\"blocks-gallery-item\"><figure><img loading=\"lazy\" decoding=\"async\" width=\"1024\" height=\"683\" src=\"https:\/\/services-administracom.alwaysdata.net\/wp-content\/uploads\/sites\/parabole\/wp-content\/uploads\/2021\/10\/colorful-geometric-wall-art-on-a-shabby-street-1024x683.jpg\" alt=\"\" data-id=\"330\" data-full-url=\"https:\/\/services-administracom.alwaysdata.net\/wp-content\/uploads\/sites\/parabole\/wp-content\/uploads\/2021\/10\/colorful-geometric-wall-art-on-a-shabby-street-scaled.jpg\" data-link=\"https:\/\/services-administracom.alwaysdata.net\/wp-content\/uploads\/sites\/parabole\/page-d-exemple-2\/colorful-geometric-wall-art-on-a-shabby-street\/\" class=\"wp-image-330\" srcset=\"https:\/\/services-administracom.alwaysdata.net\/wp-content\/uploads\/sites\/parabole\/wp-content\/uploads\/2021\/10\/colorful-geometric-wall-art-on-a-shabby-street-1024x683.jpg 1024w, https:\/\/services-administracom.alwaysdata.net\/wp-content\/uploads\/sites\/parabole\/wp-content\/uploads\/2021\/10\/colorful-geometric-wall-art-on-a-shabby-street-300x200.jpg 300w, https:\/\/services-administracom.alwaysdata.net\/wp-content\/uploads\/sites\/parabole\/wp-content\/uploads\/2021\/10\/colorful-geometric-wall-art-on-a-shabby-street-768x512.jpg 768w, https:\/\/services-administracom.alwaysdata.net\/wp-content\/uploads\/sites\/parabole\/wp-content\/uploads\/2021\/10\/colorful-geometric-wall-art-on-a-shabby-street-1536x1024.jpg 1536w, https:\/\/services-administracom.alwaysdata.net\/wp-content\/uploads\/sites\/parabole\/wp-content\/uploads\/2021\/10\/colorful-geometric-wall-art-on-a-shabby-street-2048x1366.jpg 2048w, https:\/\/services-administracom.alwaysdata.net\/wp-content\/uploads\/sites\/parabole\/wp-content\/uploads\/2021\/10\/colorful-geometric-wall-art-on-a-shabby-street-525x350.jpg 525w, https:\/\/services-administracom.alwaysdata.net\/wp-content\/uploads\/sites\/parabole\/wp-content\/uploads\/2021\/10\/colorful-geometric-wall-art-on-a-shabby-street-150x100.jpg 150w, https:\/\/services-administracom.alwaysdata.net\/wp-content\/uploads\/sites\/parabole\/wp-content\/uploads\/2021\/10\/colorful-geometric-wall-art-on-a-shabby-street-600x400.jpg 600w\" sizes=\"auto, (max-width: 1024px) 100vw, 1024px\" \/><\/figure><\/li><li class=\"blocks-gallery-item\"><figure><img loading=\"lazy\" decoding=\"async\" width=\"574\" height=\"1024\" src=\"https:\/\/services-administracom.alwaysdata.net\/wp-content\/uploads\/sites\/parabole\/wp-content\/uploads\/2021\/10\/portrait-of-a-woman-painted-on-wall-574x1024.gif\" alt=\"\" data-id=\"331\" data-full-url=\"https:\/\/services-administracom.alwaysdata.net\/wp-content\/uploads\/sites\/parabole\/wp-content\/uploads\/2021\/10\/portrait-of-a-woman-painted-on-wall-scaled.gif\" data-link=\"https:\/\/services-administracom.alwaysdata.net\/wp-content\/uploads\/sites\/parabole\/page-d-exemple-2\/portrait-of-a-woman-painted-on-wall\/\" class=\"wp-image-331\" srcset=\"https:\/\/services-administracom.alwaysdata.net\/wp-content\/uploads\/sites\/parabole\/wp-content\/uploads\/2021\/10\/portrait-of-a-woman-painted-on-wall-574x1024.gif 574w, https:\/\/services-administracom.alwaysdata.net\/wp-content\/uploads\/sites\/parabole\/wp-content\/uploads\/2021\/10\/portrait-of-a-woman-painted-on-wall-168x300.gif 168w, https:\/\/services-administracom.alwaysdata.net\/wp-content\/uploads\/sites\/parabole\/wp-content\/uploads\/2021\/10\/portrait-of-a-woman-painted-on-wall-768x1371.gif 768w, https:\/\/services-administracom.alwaysdata.net\/wp-content\/uploads\/sites\/parabole\/wp-content\/uploads\/2021\/10\/portrait-of-a-woman-painted-on-wall-860x1536.gif 860w, https:\/\/services-administracom.alwaysdata.net\/wp-content\/uploads\/sites\/parabole\/wp-content\/uploads\/2021\/10\/portrait-of-a-woman-painted-on-wall-1147x2048.gif 1147w, https:\/\/services-administracom.alwaysdata.net\/wp-content\/uploads\/sites\/parabole\/wp-content\/uploads\/2021\/10\/portrait-of-a-woman-painted-on-wall-196x350.gif 196w, https:\/\/services-administracom.alwaysdata.net\/wp-content\/uploads\/sites\/parabole\/wp-content\/uploads\/2021\/10\/portrait-of-a-woman-painted-on-wall-84x150.gif 84w, https:\/\/services-administracom.alwaysdata.net\/wp-content\/uploads\/sites\/parabole\/wp-content\/uploads\/2021\/10\/portrait-of-a-woman-painted-on-wall-600x1071.gif 600w\" sizes=\"auto, (max-width: 574px) 100vw, 574px\" \/><\/figure><\/li><li class=\"blocks-gallery-item\"><figure><img loading=\"lazy\" decoding=\"async\" width=\"1024\" height=\"576\" src=\"https:\/\/services-administracom.alwaysdata.net\/wp-content\/uploads\/sites\/parabole\/wp-content\/uploads\/2021\/10\/round-colored-tile-1024x576.jpg\" alt=\"\" data-id=\"332\" data-full-url=\"https:\/\/services-administracom.alwaysdata.net\/wp-content\/uploads\/sites\/parabole\/wp-content\/uploads\/2021\/10\/round-colored-tile-scaled.jpg\" data-link=\"https:\/\/services-administracom.alwaysdata.net\/wp-content\/uploads\/sites\/parabole\/page-d-exemple-2\/round-colored-tile\/\" class=\"wp-image-332\" srcset=\"https:\/\/services-administracom.alwaysdata.net\/wp-content\/uploads\/sites\/parabole\/wp-content\/uploads\/2021\/10\/round-colored-tile-1024x576.jpg 1024w, https:\/\/services-administracom.alwaysdata.net\/wp-content\/uploads\/sites\/parabole\/wp-content\/uploads\/2021\/10\/round-colored-tile-300x169.jpg 300w, https:\/\/services-administracom.alwaysdata.net\/wp-content\/uploads\/sites\/parabole\/wp-content\/uploads\/2021\/10\/round-colored-tile-768x432.jpg 768w, https:\/\/services-administracom.alwaysdata.net\/wp-content\/uploads\/sites\/parabole\/wp-content\/uploads\/2021\/10\/round-colored-tile-1536x864.jpg 1536w, https:\/\/services-administracom.alwaysdata.net\/wp-content\/uploads\/sites\/parabole\/wp-content\/uploads\/2021\/10\/round-colored-tile-2048x1152.jpg 2048w, https:\/\/services-administracom.alwaysdata.net\/wp-content\/uploads\/sites\/parabole\/wp-content\/uploads\/2021\/10\/round-colored-tile-622x350.jpg 622w, https:\/\/services-administracom.alwaysdata.net\/wp-content\/uploads\/sites\/parabole\/wp-content\/uploads\/2021\/10\/round-colored-tile-150x84.jpg 150w, https:\/\/services-administracom.alwaysdata.net\/wp-content\/uploads\/sites\/parabole\/wp-content\/uploads\/2021\/10\/round-colored-tile-600x338.jpg 600w\" sizes=\"auto, (max-width: 1024px) 100vw, 1024px\" \/><\/figure><\/li><li class=\"blocks-gallery-item\"><figure><img loading=\"lazy\" decoding=\"async\" width=\"1024\" height=\"683\" src=\"https:\/\/services-administracom.alwaysdata.net\/wp-content\/uploads\/sites\/parabole\/wp-content\/uploads\/2021\/10\/tile-mosaic-in-hallway-1024x683.jpg\" alt=\"\" data-id=\"333\" data-full-url=\"https:\/\/services-administracom.alwaysdata.net\/wp-content\/uploads\/sites\/parabole\/wp-content\/uploads\/2021\/10\/tile-mosaic-in-hallway-scaled.jpg\" data-link=\"https:\/\/services-administracom.alwaysdata.net\/wp-content\/uploads\/sites\/parabole\/page-d-exemple-2\/tile-mosaic-in-hallway\/\" class=\"wp-image-333\" srcset=\"https:\/\/services-administracom.alwaysdata.net\/wp-content\/uploads\/sites\/parabole\/wp-content\/uploads\/2021\/10\/tile-mosaic-in-hallway-1024x683.jpg 1024w, https:\/\/services-administracom.alwaysdata.net\/wp-content\/uploads\/sites\/parabole\/wp-content\/uploads\/2021\/10\/tile-mosaic-in-hallway-300x200.jpg 300w, https:\/\/services-administracom.alwaysdata.net\/wp-content\/uploads\/sites\/parabole\/wp-content\/uploads\/2021\/10\/tile-mosaic-in-hallway-768x512.jpg 768w, https:\/\/services-administracom.alwaysdata.net\/wp-content\/uploads\/sites\/parabole\/wp-content\/uploads\/2021\/10\/tile-mosaic-in-hallway-1536x1024.jpg 1536w, https:\/\/services-administracom.alwaysdata.net\/wp-content\/uploads\/sites\/parabole\/wp-content\/uploads\/2021\/10\/tile-mosaic-in-hallway-2048x1365.jpg 2048w, https:\/\/services-administracom.alwaysdata.net\/wp-content\/uploads\/sites\/parabole\/wp-content\/uploads\/2021\/10\/tile-mosaic-in-hallway-525x350.jpg 525w, https:\/\/services-administracom.alwaysdata.net\/wp-content\/uploads\/sites\/parabole\/wp-content\/uploads\/2021\/10\/tile-mosaic-in-hallway-150x100.jpg 150w, https:\/\/services-administracom.alwaysdata.net\/wp-content\/uploads\/sites\/parabole\/wp-content\/uploads\/2021\/10\/tile-mosaic-in-hallway-600x400.jpg 600w\" sizes=\"auto, (max-width: 1024px) 100vw, 1024px\" \/><\/figure><\/li><li class=\"blocks-gallery-item\"><figure><img loading=\"lazy\" decoding=\"async\" width=\"1024\" height=\"683\" src=\"https:\/\/services-administracom.alwaysdata.net\/wp-content\/uploads\/sites\/parabole\/wp-content\/uploads\/2021\/10\/turquoise-brick-wall-texture-1024x683.jpg\" alt=\"\" data-id=\"334\" data-full-url=\"https:\/\/services-administracom.alwaysdata.net\/wp-content\/uploads\/sites\/parabole\/wp-content\/uploads\/2021\/10\/turquoise-brick-wall-texture-scaled.jpg\" data-link=\"https:\/\/services-administracom.alwaysdata.net\/wp-content\/uploads\/sites\/parabole\/page-d-exemple-2\/turquoise-brick-wall-texture\/\" class=\"wp-image-334\" srcset=\"https:\/\/services-administracom.alwaysdata.net\/wp-content\/uploads\/sites\/parabole\/wp-content\/uploads\/2021\/10\/turquoise-brick-wall-texture-1024x683.jpg 1024w, https:\/\/services-administracom.alwaysdata.net\/wp-content\/uploads\/sites\/parabole\/wp-content\/uploads\/2021\/10\/turquoise-brick-wall-texture-300x200.jpg 300w, https:\/\/services-administracom.alwaysdata.net\/wp-content\/uploads\/sites\/parabole\/wp-content\/uploads\/2021\/10\/turquoise-brick-wall-texture-768x512.jpg 768w, https:\/\/services-administracom.alwaysdata.net\/wp-content\/uploads\/sites\/parabole\/wp-content\/uploads\/2021\/10\/turquoise-brick-wall-texture-1536x1024.jpg 1536w, https:\/\/services-administracom.alwaysdata.net\/wp-content\/uploads\/sites\/parabole\/wp-content\/uploads\/2021\/10\/turquoise-brick-wall-texture-2048x1365.jpg 2048w, https:\/\/services-administracom.alwaysdata.net\/wp-content\/uploads\/sites\/parabole\/wp-content\/uploads\/2021\/10\/turquoise-brick-wall-texture-525x350.jpg 525w, https:\/\/services-administracom.alwaysdata.net\/wp-content\/uploads\/sites\/parabole\/wp-content\/uploads\/2021\/10\/turquoise-brick-wall-texture-150x100.jpg 150w, https:\/\/services-administracom.alwaysdata.net\/wp-content\/uploads\/sites\/parabole\/wp-content\/uploads\/2021\/10\/turquoise-brick-wall-texture-600x400.jpg 600w\" sizes=\"auto, (max-width: 1024px) 100vw, 1024px\" \/><\/figure><\/li><\/ul><\/figure>\n\n\n\n<ul class=\"has-medium-font-size wp-block-list\"><li><strong>NOUS CONTACTER <\/strong><\/li><\/ul>\n\n\n\n<p>Besoin d&rsquo;un devis ou de toute information compl\u00e9mentaire, vous pouvez nous contacter par t\u00e9l\u00e9phone au<\/p>\n\n\n\n<p class=\"has-text-align-center has-luminous-vivid-orange-color has-text-color has-medium-font-size\"><strong>  n\u00b0 00 00 00 00 00 <\/strong><\/p>\n\n\n\n<p><a href=\"https:\/\/services-administracom.alwaysdata.net\/wp-content\/uploads\/sites\/parabole\/nous-contacter\/\">ou par email en cliquant sur ce lien<\/a><\/p>\n","protected":false},"excerpt":{"rendered":"<p>PRESENTATION DE NOTRE EQUIPE PRESENTATION DE NOS SERVICES NOS SERVICES DE PLOMBERIE Le&nbsp;Lorem Ipsum&nbsp;est simplement du faux texte employ\u00e9 dans la composition et la mise en page avant impression. Le Lorem Ipsum est le faux texte standard de l\u2019imprimerie depuis les ann\u00e9es 1500, quand un imprimeur anonyme assembla ensemble des&#8230; <a class=\"continue-reading-link\" href=\"https:\/\/services-administracom.alwaysdata.net\/wp-content\/uploads\/sites\/parabole\/page-d-exemple-2\/\">LIRE LA SUITE<\/a><\/p>\n","protected":false},"author":1,"featured_media":0,"parent":0,"menu_order":0,"comment_status":"closed","ping_status":"open","template":"","meta":{"footnotes":""},"class_list":["post-44","page","type-page","status-publish","hentry"],"_links":{"self":[{"href":"https:\/\/services-administracom.alwaysdata.net\/wp-content\/uploads\/sites\/parabole\/wp-json\/wp\/v2\/pages\/44","targetHints":{"allow":["GET"]}}],"collection":[{"href":"https:\/\/services-administracom.alwaysdata.net\/wp-content\/uploads\/sites\/parabole\/wp-json\/wp\/v2\/pages"}],"about":[{"href":"https:\/\/services-administracom.alwaysdata.net\/wp-content\/uploads\/sites\/parabole\/wp-json\/wp\/v2\/types\/page"}],"author":[{"embeddable":true,"href":"https:\/\/services-administracom.alwaysdata.net\/wp-content\/uploads\/sites\/parabole\/wp-json\/wp\/v2\/users\/1"}],"replies":[{"embeddable":true,"href":"https:\/\/services-administracom.alwaysdata.net\/wp-content\/uploads\/sites\/parabole\/wp-json\/wp\/v2\/comments?post=44"}],"version-history":[{"count":23,"href":"https:\/\/services-administracom.alwaysdata.net\/wp-content\/uploads\/sites\/parabole\/wp-json\/wp\/v2\/pages\/44\/revisions"}],"predecessor-version":[{"id":340,"href":"https:\/\/services-administracom.alwaysdata.net\/wp-content\/uploads\/sites\/parabole\/wp-json\/wp\/v2\/pages\/44\/revisions\/340"}],"wp:attachment":[{"href":"https:\/\/services-administracom.alwaysdata.net\/wp-content\/uploads\/sites\/parabole\/wp-json\/wp\/v2\/media?parent=44"}],"curies":[{"name":"wp","href":"https:\/\/api.w.org\/{rel}","templated":true}]}}