{"id":57,"date":"2020-09-23T21:41:56","date_gmt":"2020-09-23T19:41:56","guid":{"rendered":"http:\/\/localhost\/parabola\/?page_id=50"},"modified":"2021-03-15T17:01:54","modified_gmt":"2021-03-15T16:01:54","slug":"electricite","status":"publish","type":"page","link":"https:\/\/services-administracom.alwaysdata.net\/wp-content\/uploads\/sites\/parabole\/electricite\/","title":{"rendered":"ELECTRICITE"},"content":{"rendered":"\n<p><\/p>\n\n\n<div data-block-name=\"woocommerce\/product-category\" data-categories=\"[23]\" class=\"wc-block-grid wp-block-product-category wp-block-woocommerce-product-category wc-block-product-category has-3-columns has-multiple-rows\"><ul class=\"wc-block-grid__products\"><li class=\"wc-block-grid__product\">\n\t\t\t\t<a href=\"https:\/\/services-administracom.alwaysdata.net\/wp-content\/uploads\/sites\/parabole\/produit\/installation\/\" class=\"wc-block-grid__product-link\">\n\t\t\t\t\t\n\t\t\t\t\t<div class=\"wc-block-grid__product-image\"><img loading=\"lazy\" decoding=\"async\" width=\"150\" height=\"150\" src=\"https:\/\/services-administracom.alwaysdata.net\/wp-content\/uploads\/sites\/parabole\/wp-content\/uploads\/2020\/10\/internet-cables-150x150-1.jpg\" class=\"attachment-woocommerce_thumbnail size-woocommerce_thumbnail\" alt=\"Installation \u00e9lectrique\" srcset=\"https:\/\/services-administracom.alwaysdata.net\/wp-content\/uploads\/sites\/parabole\/wp-content\/uploads\/2020\/10\/internet-cables-150x150-1.jpg 150w, https:\/\/services-administracom.alwaysdata.net\/wp-content\/uploads\/sites\/parabole\/wp-content\/uploads\/2020\/10\/internet-cables-150x150-1-100x100.jpg 100w\" sizes=\"auto, (max-width: 150px) 100vw, 150px\" \/><\/div>\n\t\t\t\t\t<div class=\"wc-block-grid__product-title\">Installation \u00e9lectrique<\/div>\n\t\t\t\t<\/a>\n\t\t\t\t<div class=\"wc-block-grid__product-price price\"><span class=\"woocommerce-Price-amount amount\"><bdi><span class=\"woocommerce-Price-currencySymbol\">&euro;<\/span>15,00<\/bdi><\/span><\/div>\n\t\t\t\t\n\t\t\t\t<div class=\"wp-block-button wc-block-grid__product-add-to-cart\"><a href=\"https:\/\/services-administracom.alwaysdata.net\/wp-content\/uploads\/sites\/parabole\/produit\/installation\/\" aria-label=\"S\u00e9lectionner les options pour &ldquo;Installation \u00e9lectrique&rdquo;\" data-quantity=\"1\" data-product_id=\"31\" data-product_sku=\"\" data-price=\"15\" rel=\"nofollow\" class=\"wp-block-button__link  add_to_cart_button\">R\u00e9server<\/a><\/div>\n\t\t\t<\/li><li class=\"wc-block-grid__product\">\n\t\t\t\t<a href=\"https:\/\/services-administracom.alwaysdata.net\/wp-content\/uploads\/sites\/parabole\/produit\/entretien-et-reparation\/\" class=\"wc-block-grid__product-link\">\n\t\t\t\t\t\n\t\t\t\t\t<div class=\"wc-block-grid__product-image\"><img loading=\"lazy\" decoding=\"async\" width=\"150\" height=\"150\" src=\"https:\/\/services-administracom.alwaysdata.net\/wp-content\/uploads\/sites\/parabole\/wp-content\/uploads\/2020\/10\/close-up-view-of-tungsten-coils-glowing-in-an-edison-bulb-150x150-1.jpg\" class=\"attachment-woocommerce_thumbnail size-woocommerce_thumbnail\" alt=\"R\u00e9paration \u00e9lectrique\" srcset=\"https:\/\/services-administracom.alwaysdata.net\/wp-content\/uploads\/sites\/parabole\/wp-content\/uploads\/2020\/10\/close-up-view-of-tungsten-coils-glowing-in-an-edison-bulb-150x150-1.jpg 150w, https:\/\/services-administracom.alwaysdata.net\/wp-content\/uploads\/sites\/parabole\/wp-content\/uploads\/2020\/10\/close-up-view-of-tungsten-coils-glowing-in-an-edison-bulb-150x150-1-100x100.jpg 100w\" sizes=\"auto, (max-width: 150px) 100vw, 150px\" \/><\/div>\n\t\t\t\t\t<div class=\"wc-block-grid__product-title\">R\u00e9paration \u00e9lectrique<\/div>\n\t\t\t\t<\/a>\n\t\t\t\t<div class=\"wc-block-grid__product-price price\"><span class=\"woocommerce-Price-amount amount\"><bdi><span class=\"woocommerce-Price-currencySymbol\">&euro;<\/span>15,00<\/bdi><\/span><\/div>\n\t\t\t\t\n\t\t\t\t<div class=\"wp-block-button wc-block-grid__product-add-to-cart\"><a href=\"https:\/\/services-administracom.alwaysdata.net\/wp-content\/uploads\/sites\/parabole\/produit\/entretien-et-reparation\/\" aria-label=\"S\u00e9lectionner les options pour &ldquo;R\u00e9paration \u00e9lectrique&rdquo;\" data-quantity=\"1\" data-product_id=\"30\" data-product_sku=\"\" data-price=\"15\" rel=\"nofollow\" class=\"wp-block-button__link  add_to_cart_button\">R\u00e9server<\/a><\/div>\n\t\t\t<\/li><\/ul><\/div>","protected":false},"excerpt":{"rendered":"<p> <a class=\"continue-reading-link\" href=\"https:\/\/services-administracom.alwaysdata.net\/wp-content\/uploads\/sites\/parabole\/electricite\/\">LIRE LA SUITE<\/a><\/p>\n","protected":false},"author":1,"featured_media":0,"parent":0,"menu_order":0,"comment_status":"closed","ping_status":"closed","template":"","meta":{"footnotes":""},"class_list":["post-57","page","type-page","status-publish","hentry"],"_links":{"self":[{"href":"https:\/\/services-administracom.alwaysdata.net\/wp-content\/uploads\/sites\/parabole\/wp-json\/wp\/v2\/pages\/57","targetHints":{"allow":["GET"]}}],"collection":[{"href":"https:\/\/services-administracom.alwaysdata.net\/wp-content\/uploads\/sites\/parabole\/wp-json\/wp\/v2\/pages"}],"about":[{"href":"https:\/\/services-administracom.alwaysdata.net\/wp-content\/uploads\/sites\/parabole\/wp-json\/wp\/v2\/types\/page"}],"author":[{"embeddable":true,"href":"https:\/\/services-administracom.alwaysdata.net\/wp-content\/uploads\/sites\/parabole\/wp-json\/wp\/v2\/users\/1"}],"replies":[{"embeddable":true,"href":"https:\/\/services-administracom.alwaysdata.net\/wp-content\/uploads\/sites\/parabole\/wp-json\/wp\/v2\/comments?post=57"}],"version-history":[{"count":1,"href":"https:\/\/services-administracom.alwaysdata.net\/wp-content\/uploads\/sites\/parabole\/wp-json\/wp\/v2\/pages\/57\/revisions"}],"predecessor-version":[{"id":261,"href":"https:\/\/services-administracom.alwaysdata.net\/wp-content\/uploads\/sites\/parabole\/wp-json\/wp\/v2\/pages\/57\/revisions\/261"}],"wp:attachment":[{"href":"https:\/\/services-administracom.alwaysdata.net\/wp-content\/uploads\/sites\/parabole\/wp-json\/wp\/v2\/media?parent=57"}],"curies":[{"name":"wp","href":"https:\/\/api.w.org\/{rel}","templated":true}]}}