{"id":27,"date":"2020-10-26T14:33:00","date_gmt":"2020-10-26T13:33:00","guid":{"rendered":"http:\/\/services-administracom.alwaysdata.net\/wp-content\/uploads\/sites\/parabole\/produit\/import-placeholder-for-60\/"},"modified":"2021-03-24T17:51:02","modified_gmt":"2021-03-24T16:51:02","slug":"petits-travaux-de-bricolage","status":"publish","type":"product","link":"https:\/\/services-administracom.alwaysdata.net\/wp-content\/uploads\/sites\/parabole\/produit\/petits-travaux-de-bricolage\/","title":{"rendered":"Petits travaux de bricolage"},"content":{"rendered":"<ul>\n<li>R\u00e9paration mobilier (bureau, armoire, divers meubles)<\/li>\n<li>R\u00e9paration commodit\u00e9 ( \u00e9tag\u00e8re, placard, rangement)<\/li>\n<li>Pose de plinthes<\/li>\n<li>Pose baguettes d&rsquo;angles<\/li>\n<li>Changement poign\u00e9e de porte<\/li>\n<\/ul>\n","protected":false},"excerpt":{"rendered":"<p>15 \u20ac Tarif \u00e0 l&rsquo;heure hors fourniture<\/p>\n<p>NB = Attention, Pour les r\u00e9parations  vous devez imp\u00e9rativement commander vos fournitures avant toute r\u00e9servation.<\/p>\n<p>Vous pouvez consulter le site de notre\u00a0 fournisseur exemple : www.bricolobricolo.net<\/p>\n<p>Commandez vos fournitures en ligne. Attendez la livraison \u00e0 votre domicile et r\u00e9servez une prestation pour votre r\u00e9paration. <a class=\"continue-reading-link\" href=\"https:\/\/services-administracom.alwaysdata.net\/wp-content\/uploads\/sites\/parabole\/produit\/petits-travaux-de-bricolage\/\">LIRE LA SUITE<\/a><\/p>\n","protected":false},"featured_media":229,"template":"","meta":[],"product_brand":[],"product_cat":[18],"product_tag":[19,22,21,20],"class_list":{"0":"post-27","1":"product","2":"type-product","3":"status-publish","4":"has-post-thumbnail","6":"product_cat-bricolage","7":"product_tag-amenagement","8":"product_tag-bricolage","9":"product_tag-entretien","10":"product_tag-reparation","11":"bookacti-activity","13":"first","14":"instock","15":"taxable","16":"shipping-taxable","17":"purchasable","18":"product-type-variable"},"_links":{"self":[{"href":"https:\/\/services-administracom.alwaysdata.net\/wp-content\/uploads\/sites\/parabole\/wp-json\/wp\/v2\/product\/27","targetHints":{"allow":["GET"]}}],"collection":[{"href":"https:\/\/services-administracom.alwaysdata.net\/wp-content\/uploads\/sites\/parabole\/wp-json\/wp\/v2\/product"}],"about":[{"href":"https:\/\/services-administracom.alwaysdata.net\/wp-content\/uploads\/sites\/parabole\/wp-json\/wp\/v2\/types\/product"}],"wp:featuredmedia":[{"embeddable":true,"href":"https:\/\/services-administracom.alwaysdata.net\/wp-content\/uploads\/sites\/parabole\/wp-json\/wp\/v2\/media\/229"}],"wp:attachment":[{"href":"https:\/\/services-administracom.alwaysdata.net\/wp-content\/uploads\/sites\/parabole\/wp-json\/wp\/v2\/media?parent=27"}],"wp:term":[{"taxonomy":"product_brand","embeddable":true,"href":"https:\/\/services-administracom.alwaysdata.net\/wp-content\/uploads\/sites\/parabole\/wp-json\/wp\/v2\/product_brand?post=27"},{"taxonomy":"product_cat","embeddable":true,"href":"https:\/\/services-administracom.alwaysdata.net\/wp-content\/uploads\/sites\/parabole\/wp-json\/wp\/v2\/product_cat?post=27"},{"taxonomy":"product_tag","embeddable":true,"href":"https:\/\/services-administracom.alwaysdata.net\/wp-content\/uploads\/sites\/parabole\/wp-json\/wp\/v2\/product_tag?post=27"}],"curies":[{"name":"wp","href":"https:\/\/api.w.org\/{rel}","templated":true}]}}