{"id":29,"date":"2020-10-26T14:33:00","date_gmt":"2020-10-26T13:33:00","guid":{"rendered":"http:\/\/services-administracom.alwaysdata.net\/wp-content\/uploads\/sites\/parabole\/produit\/import-placeholder-for-76\/"},"modified":"2021-03-24T17:13:15","modified_gmt":"2021-03-24T16:13:15","slug":"montage-meuble","status":"publish","type":"product","link":"https:\/\/services-administracom.alwaysdata.net\/wp-content\/uploads\/sites\/parabole\/produit\/montage-meuble\/","title":{"rendered":"Pose commodit\u00e9"},"content":{"rendered":"<ul>\n<li>Cuisine \u00e9quip\u00e9e<\/li>\n<li>Etag\u00e8re<\/li>\n<li>Rangement<\/li>\n<li>Placard<\/li>\n<\/ul>\n","protected":false},"excerpt":{"rendered":"<p>15 \u20ac de l&rsquo;heure Tarif hors fourniture<\/p>\n<p>NB = Attention, Pour les poses  vous devez imp\u00e9rativement commander vos fournitures avant toute r\u00e9servation.<\/p>\n<p>Vous pouvez consulter le site de notre\u00a0 fournisseur exemple : www.bricolobricolo.net<\/p>\n<p>Commandez vos fournitures en ligne. Attendez la livraison \u00e0 votre domicile et r\u00e9servez une prestation pour la pose  de votre commodit\u00e9. <a class=\"continue-reading-link\" href=\"https:\/\/services-administracom.alwaysdata.net\/wp-content\/uploads\/sites\/parabole\/produit\/montage-meuble\/\">LIRE LA SUITE<\/a><\/p>\n","protected":false},"featured_media":230,"template":"","meta":[],"product_brand":[],"product_cat":[18],"product_tag":[],"class_list":{"0":"post-29","1":"product","2":"type-product","3":"status-publish","4":"has-post-thumbnail","6":"product_cat-bricolage","7":"bookacti-activity","9":"first","10":"instock","11":"taxable","12":"shipping-taxable","13":"purchasable","14":"product-type-variable"},"_links":{"self":[{"href":"https:\/\/services-administracom.alwaysdata.net\/wp-content\/uploads\/sites\/parabole\/wp-json\/wp\/v2\/product\/29","targetHints":{"allow":["GET"]}}],"collection":[{"href":"https:\/\/services-administracom.alwaysdata.net\/wp-content\/uploads\/sites\/parabole\/wp-json\/wp\/v2\/product"}],"about":[{"href":"https:\/\/services-administracom.alwaysdata.net\/wp-content\/uploads\/sites\/parabole\/wp-json\/wp\/v2\/types\/product"}],"wp:featuredmedia":[{"embeddable":true,"href":"https:\/\/services-administracom.alwaysdata.net\/wp-content\/uploads\/sites\/parabole\/wp-json\/wp\/v2\/media\/230"}],"wp:attachment":[{"href":"https:\/\/services-administracom.alwaysdata.net\/wp-content\/uploads\/sites\/parabole\/wp-json\/wp\/v2\/media?parent=29"}],"wp:term":[{"taxonomy":"product_brand","embeddable":true,"href":"https:\/\/services-administracom.alwaysdata.net\/wp-content\/uploads\/sites\/parabole\/wp-json\/wp\/v2\/product_brand?post=29"},{"taxonomy":"product_cat","embeddable":true,"href":"https:\/\/services-administracom.alwaysdata.net\/wp-content\/uploads\/sites\/parabole\/wp-json\/wp\/v2\/product_cat?post=29"},{"taxonomy":"product_tag","embeddable":true,"href":"https:\/\/services-administracom.alwaysdata.net\/wp-content\/uploads\/sites\/parabole\/wp-json\/wp\/v2\/product_tag?post=29"}],"curies":[{"name":"wp","href":"https:\/\/api.w.org\/{rel}","templated":true}]}}