{"id":30,"date":"2020-10-26T14:33:00","date_gmt":"2020-10-26T13:33:00","guid":{"rendered":"http:\/\/services-administracom.alwaysdata.net\/wp-content\/uploads\/sites\/parabole\/produit\/import-placeholder-for-78\/"},"modified":"2021-03-23T23:02:29","modified_gmt":"2021-03-23T22:02:29","slug":"entretien-et-reparation","status":"publish","type":"product","link":"https:\/\/services-administracom.alwaysdata.net\/wp-content\/uploads\/sites\/parabole\/produit\/entretien-et-reparation\/","title":{"rendered":"R\u00e9paration \u00e9lectrique"},"content":{"rendered":"<ul>\n<li>Petits travaux de maintenance \u00e9lectrique<\/li>\n<li>Changement \u00e9l\u00e9ment \u00e9lectrique (fusible, fil \u00e9lectrique etc&#8230;)<\/li>\n<\/ul>\n","protected":false},"excerpt":{"rendered":"<p>15 \u20ac Tarif \u00e0 l&rsquo;heure hors fourniture<\/p>\n<ul>\n<li>Petits travaux de maintenance \u00e9lectrique<\/li>\n<li>Changement \u00e9l\u00e9ment \u00e9lectrique (fusible, fil \u00e9lectrique etc&#8230;)<\/li>\n<\/ul>\n<p>NB = Attention, Pour les R\u00e9parations ou les changements \u00e9lectriques vous devez imp\u00e9rativement commander vos fournitures avant toute r\u00e9servation.<\/p>\n<p>Vous pouvez consulter le site de notre\u00a0 fournisseur exemple : www.bricolobricolo.net<\/p>\n<p>Commandez vos fournitures en ligne. Attendez la livraison \u00e0 votre domicile et r\u00e9servez une prestation pour la r\u00e9paration ou le changement  de votre \u00e9quipement \u00e9lectrique.<br \/>\n <a class=\"continue-reading-link\" href=\"https:\/\/services-administracom.alwaysdata.net\/wp-content\/uploads\/sites\/parabole\/produit\/entretien-et-reparation\/\">LIRE LA SUITE<\/a><\/p>\n","protected":false},"featured_media":231,"template":"","meta":[],"product_brand":[],"product_cat":[23],"product_tag":[],"class_list":{"0":"post-30","1":"product","2":"type-product","3":"status-publish","4":"has-post-thumbnail","6":"product_cat-electricite","7":"product_shipping_class-fd","8":"bookacti-activity","10":"first","11":"instock","12":"taxable","13":"shipping-taxable","14":"purchasable","15":"product-type-variable"},"_links":{"self":[{"href":"https:\/\/services-administracom.alwaysdata.net\/wp-content\/uploads\/sites\/parabole\/wp-json\/wp\/v2\/product\/30","targetHints":{"allow":["GET"]}}],"collection":[{"href":"https:\/\/services-administracom.alwaysdata.net\/wp-content\/uploads\/sites\/parabole\/wp-json\/wp\/v2\/product"}],"about":[{"href":"https:\/\/services-administracom.alwaysdata.net\/wp-content\/uploads\/sites\/parabole\/wp-json\/wp\/v2\/types\/product"}],"wp:featuredmedia":[{"embeddable":true,"href":"https:\/\/services-administracom.alwaysdata.net\/wp-content\/uploads\/sites\/parabole\/wp-json\/wp\/v2\/media\/231"}],"wp:attachment":[{"href":"https:\/\/services-administracom.alwaysdata.net\/wp-content\/uploads\/sites\/parabole\/wp-json\/wp\/v2\/media?parent=30"}],"wp:term":[{"taxonomy":"product_brand","embeddable":true,"href":"https:\/\/services-administracom.alwaysdata.net\/wp-content\/uploads\/sites\/parabole\/wp-json\/wp\/v2\/product_brand?post=30"},{"taxonomy":"product_cat","embeddable":true,"href":"https:\/\/services-administracom.alwaysdata.net\/wp-content\/uploads\/sites\/parabole\/wp-json\/wp\/v2\/product_cat?post=30"},{"taxonomy":"product_tag","embeddable":true,"href":"https:\/\/services-administracom.alwaysdata.net\/wp-content\/uploads\/sites\/parabole\/wp-json\/wp\/v2\/product_tag?post=30"}],"curies":[{"name":"wp","href":"https:\/\/api.w.org\/{rel}","templated":true}]}}