{"id":31,"date":"2020-10-26T14:33:00","date_gmt":"2020-10-26T13:33:00","guid":{"rendered":"http:\/\/services-administracom.alwaysdata.net\/wp-content\/uploads\/sites\/parabole\/produit\/import-placeholder-for-82\/"},"modified":"2021-03-23T22:15:02","modified_gmt":"2021-03-23T21:15:02","slug":"installation","status":"publish","type":"product","link":"https:\/\/services-administracom.alwaysdata.net\/wp-content\/uploads\/sites\/parabole\/produit\/installation\/","title":{"rendered":"Installation \u00e9lectrique"},"content":{"rendered":"<ul>\n<li>Installation \u00e9lectrique (Prise de courant, compteur etc&#8230;)<\/li>\n<\/ul>\n","protected":false},"excerpt":{"rendered":"<p>15 \u20ac Tarif \u00e0 l&rsquo;heure hors fourniture<\/p>\n<ul>\n<li>Installation \u00e9lectrique (Prise de courant, Prise t\u00e9l\u00e9phonique, Prise wifi, compteur etc&#8230;)<\/li>\n<\/ul>\n<p>NB = Attention, Pour les installations vous devez imp\u00e9rativement commander vos fournitures avant toute r\u00e9servation.<\/p>\n<p>Vous pouvez consulter le site de notre\u00a0 fournisseur exemple : www.bricolobricolo.net<\/p>\n<p>Commandez vos fournitures en ligne. Attendez la livraison \u00e0 votre domicile et r\u00e9servez une prestation pour l&rsquo;installation de votre \u00e9quipement \u00e9lectrique. <a class=\"continue-reading-link\" href=\"https:\/\/services-administracom.alwaysdata.net\/wp-content\/uploads\/sites\/parabole\/produit\/installation\/\">LIRE LA SUITE<\/a><\/p>\n","protected":false},"featured_media":238,"template":"","meta":[],"product_brand":[],"product_cat":[23],"product_tag":[],"class_list":{"0":"post-31","1":"product","2":"type-product","3":"status-publish","4":"has-post-thumbnail","6":"product_cat-electricite","7":"bookacti-activity","9":"first","10":"instock","11":"taxable","12":"shipping-taxable","13":"purchasable","14":"product-type-variable"},"_links":{"self":[{"href":"https:\/\/services-administracom.alwaysdata.net\/wp-content\/uploads\/sites\/parabole\/wp-json\/wp\/v2\/product\/31","targetHints":{"allow":["GET"]}}],"collection":[{"href":"https:\/\/services-administracom.alwaysdata.net\/wp-content\/uploads\/sites\/parabole\/wp-json\/wp\/v2\/product"}],"about":[{"href":"https:\/\/services-administracom.alwaysdata.net\/wp-content\/uploads\/sites\/parabole\/wp-json\/wp\/v2\/types\/product"}],"wp:featuredmedia":[{"embeddable":true,"href":"https:\/\/services-administracom.alwaysdata.net\/wp-content\/uploads\/sites\/parabole\/wp-json\/wp\/v2\/media\/238"}],"wp:attachment":[{"href":"https:\/\/services-administracom.alwaysdata.net\/wp-content\/uploads\/sites\/parabole\/wp-json\/wp\/v2\/media?parent=31"}],"wp:term":[{"taxonomy":"product_brand","embeddable":true,"href":"https:\/\/services-administracom.alwaysdata.net\/wp-content\/uploads\/sites\/parabole\/wp-json\/wp\/v2\/product_brand?post=31"},{"taxonomy":"product_cat","embeddable":true,"href":"https:\/\/services-administracom.alwaysdata.net\/wp-content\/uploads\/sites\/parabole\/wp-json\/wp\/v2\/product_cat?post=31"},{"taxonomy":"product_tag","embeddable":true,"href":"https:\/\/services-administracom.alwaysdata.net\/wp-content\/uploads\/sites\/parabole\/wp-json\/wp\/v2\/product_tag?post=31"}],"curies":[{"name":"wp","href":"https:\/\/api.w.org\/{rel}","templated":true}]}}