{"id":32,"date":"2020-10-26T14:33:00","date_gmt":"2020-10-26T13:33:00","guid":{"rendered":"http:\/\/services-administracom.alwaysdata.net\/wp-content\/uploads\/sites\/parabole\/produit\/import-placeholder-for-84\/"},"modified":"2021-09-29T17:36:08","modified_gmt":"2021-09-29T15:36:08","slug":"reparation-et-entretien","status":"publish","type":"product","link":"https:\/\/services-administracom.alwaysdata.net\/wp-content\/uploads\/sites\/parabole\/produit\/reparation-et-entretien\/","title":{"rendered":"R\u00e9paration et entretien"},"content":{"rendered":"<ul>\n<li>D\u00e9bouchage, entretien canalisations<\/li>\n<li>Changement petits \u00e9l\u00e9ments de tuyauterie<\/li>\n<li>Changement \u00e9quipement sanitaire<\/li>\n<\/ul>\n","protected":false},"excerpt":{"rendered":"<p>15 \u20ac HT Tarif \u00e0 l&rsquo;heure hors fourniture<\/p>\n<ul>\n<li>D\u00e9bouchage, entretien canalisations<\/li>\n<li>Changement petits \u00e9l\u00e9ments de tuyauterie<\/li>\n<li>Changement \u00e9quipement sanitaire<\/li>\n<\/ul>\n<\/ul>\n<p>NB = Attention, vous devez imp\u00e9rativement commander vos fournitures avant toute r\u00e9servation si des \u00e9l\u00e9ments de tuyauterie ou sanitaire sont n\u00e9cessaires.<\/p>\n<p>Vous pouvez consulter le site de notre\u00a0 fournisseur exemple : www.bricolobricolo.net<\/p>\n<p>Commandez vos fournitures en ligne. Attendez la livraison \u00e0 votre domicile et r\u00e9servez une prestation pour l&rsquo;installation ou la r\u00e9paration de vos \u00e9quipements. <a class=\"continue-reading-link\" href=\"https:\/\/services-administracom.alwaysdata.net\/wp-content\/uploads\/sites\/parabole\/produit\/reparation-et-entretien\/\">LIRE LA SUITE<\/a><\/p>\n","protected":false},"featured_media":239,"template":"","meta":[],"product_brand":[],"product_cat":[24],"product_tag":[],"class_list":{"0":"post-32","1":"product","2":"type-product","3":"status-publish","4":"has-post-thumbnail","6":"product_cat-plomberie","7":"bookacti-activity","9":"first","10":"instock","11":"taxable","12":"shipping-taxable","13":"purchasable","14":"product-type-variable"},"_links":{"self":[{"href":"https:\/\/services-administracom.alwaysdata.net\/wp-content\/uploads\/sites\/parabole\/wp-json\/wp\/v2\/product\/32","targetHints":{"allow":["GET"]}}],"collection":[{"href":"https:\/\/services-administracom.alwaysdata.net\/wp-content\/uploads\/sites\/parabole\/wp-json\/wp\/v2\/product"}],"about":[{"href":"https:\/\/services-administracom.alwaysdata.net\/wp-content\/uploads\/sites\/parabole\/wp-json\/wp\/v2\/types\/product"}],"wp:featuredmedia":[{"embeddable":true,"href":"https:\/\/services-administracom.alwaysdata.net\/wp-content\/uploads\/sites\/parabole\/wp-json\/wp\/v2\/media\/239"}],"wp:attachment":[{"href":"https:\/\/services-administracom.alwaysdata.net\/wp-content\/uploads\/sites\/parabole\/wp-json\/wp\/v2\/media?parent=32"}],"wp:term":[{"taxonomy":"product_brand","embeddable":true,"href":"https:\/\/services-administracom.alwaysdata.net\/wp-content\/uploads\/sites\/parabole\/wp-json\/wp\/v2\/product_brand?post=32"},{"taxonomy":"product_cat","embeddable":true,"href":"https:\/\/services-administracom.alwaysdata.net\/wp-content\/uploads\/sites\/parabole\/wp-json\/wp\/v2\/product_cat?post=32"},{"taxonomy":"product_tag","embeddable":true,"href":"https:\/\/services-administracom.alwaysdata.net\/wp-content\/uploads\/sites\/parabole\/wp-json\/wp\/v2\/product_tag?post=32"}],"curies":[{"name":"wp","href":"https:\/\/api.w.org\/{rel}","templated":true}]}}